{"id":12436,"date":"2023-04-10T19:47:33","date_gmt":"2025-04-07T07:15:06","guid":{"rendered":"https:\/\/www.karl-wetzel.com\/produkt\/piegatrice-rotamax\/"},"modified":"2025-04-07T09:27:14","modified_gmt":"2025-04-07T07:27:14","slug":"piegatrice-rotamax","status":"publish","type":"product","link":"https:\/\/www.karl-wetzel.com\/it\/prodotto\/piegatrice-rotamax\/","title":{"rendered":"Piegatrice RotaMax"},"content":{"rendered":"<p>Mit dem Biege- und Schneideautomaten &#8220;Rotamat&#8221; werden Rissd\u00e4mmstoffe aus allen g\u00e4ngigen D\u00e4mmstoffen hergestellt. Die Bandrollen werden schonend geformt, ohne sich zu erhitzen. Die Maschine ist in unabh\u00e4ngig voneinander erweiterbare Module unterteilt.<\/p>\n<p>Steuerung: Siemens S7\/1200<\/p>\n<div id=\"Tabelle10LYR\">\n<div><strong>RotaMax-Module:<\/strong><\/div>\n<div><\/div>\n<div>\n<table id=\"Tabelle10\" border=\"1\">\n<tbody>\n<tr>\n<td id=\"Zelle204\">Falten Sie den Boden der L\u00e4nge nach<\/td>\n<td id=\"Zelle205\">3.121.10<\/td>\n<\/tr>\n<tr>\n<td id=\"Zelle206\">Quer klappbares Modul<\/td>\n<td id=\"Zelle207\">3.122.10<\/td>\n<\/tr>\n<tr>\n<td id=\"Zelle208\">Modul Schneiden<\/td>\n<td id=\"Zelle209\">3.123.10<\/td>\n<\/tr>\n<\/tbody>\n<\/table>\n<div><\/div>\n<\/div>\n<\/div>\n","protected":false},"excerpt":{"rendered":"<h2>Leistungsbeschreibung:<\/h2>\n<table>\n<tbody>\n<tr>\n<td width=\"193\">Maschinentyp<\/td>\n<td width=\"83\">Bandbreite<br \/>\n150mm<\/td>\n<td width=\"100\">Bandbreite<br \/>\n220mm<\/td>\n<\/tr>\n<tr>\n<td>Einstellbare Biegung:<\/td>\n<td width=\"83\">von 3 bis 130 mm<\/td>\n<td width=\"100\">von 3 bis 200 mm<\/td>\n<\/tr>\n<tr>\n<td>Isolationsdicke<br \/>\n(mit Scherung):<\/td>\n<td colspan=\"2\">0,08 bis 0,38 mm<\/td>\n<\/tr>\n<tr>\n<td>Vorschubgeschwindigkeit:<\/td>\n<td colspan=\"2\">6 Meter pro Minute<\/td>\n<\/tr>\n<tr>\n<td>Schnittl\u00e4nge:<\/td>\n<td colspan=\"2\">unbegrenzt<\/td>\n<\/tr>\n<tr>\n<td>Schnittleistung:<\/td>\n<td colspan=\"2\">bis 50 mm 5000 St\u00fcck\/Stunde<\/td>\n<\/tr>\n<tr>\n<td>Elektrischer Anschluss:<\/td>\n<td colspan=\"2\">400 V, 50 Hz<\/td>\n<\/tr>\n<tr>\n<td>Serienlackierung:<\/td>\n<td colspan=\"2\">Blau \/ Gelb<\/td>\n<\/tr>\n<\/tbody>\n<\/table>\n<p><span style=\"color: #ff0000;\"><a style=\"color: #ff0000;\" href=\"https:\/\/www.karl-wetzel.com\/wp-content\/uploads\/2023\/05\/RotaMax-Seite-1.pdf\" target=\"_blank\" rel=\"noopener\">Herunterladen 1<\/a><\/span><br \/>\n<span style=\"color: #ff0000;\"><a style=\"color: #ff0000;\" href=\"https:\/\/www.karl-wetzel.com\/wp-content\/uploads\/2023\/05\/RotaMax-Seite-2.pdf\" target=\"_blank\" rel=\"noopener\">Herunterladen 2<\/a><\/span><\/p>\n<p><span style=\"color: #ff0000;\"><a style=\"color: #ff0000;\" href=\"https:\/\/youtu.be\/47pjRX7Rnx0\" target=\"_blank\" rel=\"noopener\">Video 1<\/a><\/span><br \/>\n<span style=\"color: #ff0000;\"><a style=\"color: #ff0000;\" href=\"https:\/\/youtu.be\/Ro_SfF1yMKE\" target=\"_blank\" rel=\"noopener\">Video2<\/a><\/span><\/p>\n","protected":false},"featured_media":12437,"comment_status":"closed","ping_status":"closed","template":"","meta":[],"product_brand":[],"product_cat":[287],"product_tag":[],"class_list":{"0":"post-12436","1":"product","2":"type-product","3":"status-publish","4":"has-post-thumbnail","6":"product_cat-02-pieghevole","8":"first","9":"instock","10":"taxable","11":"shipping-taxable","12":"product-type-variable"},"_links":{"self":[{"href":"https:\/\/www.karl-wetzel.com\/it\/wp-json\/wp\/v2\/product\/12436","targetHints":{"allow":["GET"]}}],"collection":[{"href":"https:\/\/www.karl-wetzel.com\/it\/wp-json\/wp\/v2\/product"}],"about":[{"href":"https:\/\/www.karl-wetzel.com\/it\/wp-json\/wp\/v2\/types\/product"}],"replies":[{"embeddable":true,"href":"https:\/\/www.karl-wetzel.com\/it\/wp-json\/wp\/v2\/comments?post=12436"}],"wp:featuredmedia":[{"embeddable":true,"href":"https:\/\/www.karl-wetzel.com\/it\/wp-json\/wp\/v2\/media\/12437"}],"wp:attachment":[{"href":"https:\/\/www.karl-wetzel.com\/it\/wp-json\/wp\/v2\/media?parent=12436"}],"wp:term":[{"taxonomy":"product_brand","embeddable":true,"href":"https:\/\/www.karl-wetzel.com\/it\/wp-json\/wp\/v2\/product_brand?post=12436"},{"taxonomy":"product_cat","embeddable":true,"href":"https:\/\/www.karl-wetzel.com\/it\/wp-json\/wp\/v2\/product_cat?post=12436"},{"taxonomy":"product_tag","embeddable":true,"href":"https:\/\/www.karl-wetzel.com\/it\/wp-json\/wp\/v2\/product_tag?post=12436"}],"curies":[{"name":"wp","href":"https:\/\/api.w.org\/{rel}","templated":true}]}}