{"id":12384,"date":"2022-01-16T14:59:27","date_gmt":"2025-04-07T07:14:50","guid":{"rendered":"https:\/\/www.karl-wetzel.com\/produkt\/macchina-bobinatrice-variat\/"},"modified":"2025-04-07T09:14:50","modified_gmt":"2025-04-07T07:14:50","slug":"macchina-bobinatrice-variat","status":"publish","type":"product","link":"https:\/\/www.karl-wetzel.com\/it\/prodotto\/macchina-bobinatrice-variat\/","title":{"rendered":"Macchina bobinatrice Variat"},"content":{"rendered":"<p>L&#8217;avvolgitrice Variat \u00e8 realizzata come avvolgitrice manuale per bobine o come avvolgitrice per strati con posa automatica del filo fino a 1800 mm.<\/p>\n<p>La macchina \u00e8 particolarmente adatta per l&#8217;avvolgimento di trasformatori, bobine di alta tensione, statoriche e induttanze, inoltre \u00e8 possibile avvolgere spirali. L&#8217;azionamento pu\u00f2 essere controllato a tutti i livelli tramite un servomotore e un controller Siemens S7-1200 ed \u00e8 ovviamente anche regolabile in modo continuo fino a 1000 giri\/min. Una rotazione in senso antiorario o orario del mandrino di avvolgimento viene eseguita tramite un pulsante. La macchina raggiunge una coppia di 200 Nm grazie ad un riduttore 10:1.<\/p>\n<p>L&#8217;azionamento della posa del filo \u00e8 controllato separatamente da un altro servomotore, \u00e8 regolabile in continuo da 0 a 1000 mm\/giro e pu\u00f2 essere accoppiato elettricamente al motore di azionamento. I movimenti di avanzamento del carrello posafilo vengono commutati con precisione sui finecorsa impostati e sugli attacchi speciali.<\/p>\n<p>I turni e\/o gli strati sono selezionati dal controller.<\/p>\n","protected":false},"excerpt":{"rendered":"<p>L&#8217;avvolgitrice Variat \u00e8 realizzata come avvolgitrice manuale per bobine o come avvolgitrice per strati con posa automatica del filo fino a 1800 mm. La macchina \u00e8 particolarmente adatta per l&#8217;avvolgimento di trasformatori, bobine di alta tensione, statoriche e induttanze, inoltre \u00e8 possibile avvolgere spirali. L&#8217;azionamento pu\u00f2 essere controllato a tutti i livelli tramite un servomotore &#8230; <a title=\"Macchina bobinatrice Variat\" class=\"read-more\" href=\"https:\/\/www.karl-wetzel.com\/it\/prodotto\/macchina-bobinatrice-variat\/\" aria-label=\"Per saperne di pi\u00f9 su Macchina bobinatrice Variat\">Leggi tutto<\/a><\/p>\n","protected":false},"featured_media":12385,"comment_status":"closed","ping_status":"closed","template":"","meta":[],"product_brand":[],"product_cat":[286],"product_tag":[],"class_list":{"0":"post-12384","1":"product","2":"type-product","3":"status-publish","4":"has-post-thumbnail","6":"product_cat-01-avvolgimento","8":"first","9":"instock","10":"taxable","11":"shipping-taxable","12":"product-type-variable"},"_links":{"self":[{"href":"https:\/\/www.karl-wetzel.com\/it\/wp-json\/wp\/v2\/product\/12384","targetHints":{"allow":["GET"]}}],"collection":[{"href":"https:\/\/www.karl-wetzel.com\/it\/wp-json\/wp\/v2\/product"}],"about":[{"href":"https:\/\/www.karl-wetzel.com\/it\/wp-json\/wp\/v2\/types\/product"}],"replies":[{"embeddable":true,"href":"https:\/\/www.karl-wetzel.com\/it\/wp-json\/wp\/v2\/comments?post=12384"}],"wp:featuredmedia":[{"embeddable":true,"href":"https:\/\/www.karl-wetzel.com\/it\/wp-json\/wp\/v2\/media\/12385"}],"wp:attachment":[{"href":"https:\/\/www.karl-wetzel.com\/it\/wp-json\/wp\/v2\/media?parent=12384"}],"wp:term":[{"taxonomy":"product_brand","embeddable":true,"href":"https:\/\/www.karl-wetzel.com\/it\/wp-json\/wp\/v2\/product_brand?post=12384"},{"taxonomy":"product_cat","embeddable":true,"href":"https:\/\/www.karl-wetzel.com\/it\/wp-json\/wp\/v2\/product_cat?post=12384"},{"taxonomy":"product_tag","embeddable":true,"href":"https:\/\/www.karl-wetzel.com\/it\/wp-json\/wp\/v2\/product_tag?post=12384"}],"curies":[{"name":"wp","href":"https:\/\/api.w.org\/{rel}","templated":true}]}}