{"id":12329,"date":"2021-12-26T10:59:25","date_gmt":"2025-04-07T07:14:38","guid":{"rendered":"https:\/\/www.karl-wetzel.com\/produkt\/unita-di-punzonatura-dpz-isolamento-di-fase\/"},"modified":"2025-04-07T09:14:38","modified_gmt":"2025-04-07T07:14:38","slug":"unita-di-punzonatura-dpz-isolamento-di-fase","status":"publish","type":"product","link":"https:\/\/www.karl-wetzel.com\/it\/prodotto\/unita-di-punzonatura-dpz-isolamento-di-fase\/","title":{"rendered":"Unit\u00e0 di punzonatura DPZ isolamento di fase"},"content":{"rendered":"<p>Con questa unit\u00e0 di punzonatura controllata \u00e8 possibile punzonare gli isolamenti di fase in modo accurato, rapido ed efficiente. La macchina \u00e8 disponibile in 3 misure, ciascuna delle quali indica l&#8217;altezza e la larghezza della carta isolante.<\/p>\n<p><span style=\"color: #000080;\">Informazioni:<\/span><br \/>\n<span style=\"color: #000080;\">I separatori di fase sono parti stampate isolanti che possono essere punzonate in forme e dimensioni variabili. Hanno per lo pi\u00f9 forme arrotondate. Viene utilizzato sulla testa dell&#8217;avvolgimento per isolare le singole fasi degli avvolgimenti l&#8217;una dall&#8217;altra. Poich\u00e9 i motori vengono fusi successivamente, risultano particolarmente adatti materiali isolanti assorbenti.<\/span><\/p>\n","protected":false},"excerpt":{"rendered":"<h2>Specifiche tecniche:<\/h2>\n<table>\n<tbody>\n<tr>\n<td>Misurare:<\/td>\n<td width=\"120\">Zona di passaggio 150<\/td>\n<td width=\"120\">DPZ 300<\/td>\n<td width=\"120\">DPZ 450<\/td>\n<\/tr>\n<tr>\n<td>Larghezza di punzonatura<\/td>\n<td width=\"120\">150 millimetri<\/td>\n<td width=\"120\">300 millimetri<\/td>\n<td width=\"120\">450 millimetri<\/td>\n<\/tr>\n<tr>\n<td>Lunghezza di punzonatura<\/td>\n<td width=\"120\">150 millimetri<\/td>\n<td width=\"120\">300 millimetri<\/td>\n<td width=\"120\">450 millimetri<\/td>\n<\/tr>\n<tr>\n<td>Centro:<\/td>\n<td width=\"120\">50 millimetri<\/td>\n<td width=\"120\">50 millimetri<\/td>\n<td width=\"120\">50 millimetri<\/td>\n<\/tr>\n<tr>\n<td>Dimensione:<\/td>\n<td width=\"120\">80x120x150 centimetri<\/td>\n<td width=\"120\">80x120x150 centimetri<\/td>\n<td width=\"120\">80x120x150 centimetri<\/td>\n<\/tr>\n<tr>\n<td>Peso:<\/td>\n<td width=\"120\">150 chili<\/td>\n<td width=\"120\">210 chili<\/td>\n<td width=\"120\">320 KG<\/td>\n<\/tr>\n<tr>\n<td>Articolo n.:<\/td>\n<td width=\"120\">3.172,00<\/td>\n<td width=\"120\">3.172.10<\/td>\n<td width=\"120\">3.172.20<\/td>\n<\/tr>\n<\/tbody>\n<\/table>\n<p>&nbsp;<\/p>\n","protected":false},"featured_media":12331,"comment_status":"closed","ping_status":"closed","template":"","meta":[],"product_brand":[],"product_cat":[313],"product_tag":[],"class_list":{"0":"post-12329","1":"product","2":"type-product","3":"status-publish","4":"has-post-thumbnail","6":"product_cat-08-tagliare","8":"first","9":"instock","10":"taxable","11":"shipping-taxable","12":"product-type-variable"},"_links":{"self":[{"href":"https:\/\/www.karl-wetzel.com\/it\/wp-json\/wp\/v2\/product\/12329","targetHints":{"allow":["GET"]}}],"collection":[{"href":"https:\/\/www.karl-wetzel.com\/it\/wp-json\/wp\/v2\/product"}],"about":[{"href":"https:\/\/www.karl-wetzel.com\/it\/wp-json\/wp\/v2\/types\/product"}],"replies":[{"embeddable":true,"href":"https:\/\/www.karl-wetzel.com\/it\/wp-json\/wp\/v2\/comments?post=12329"}],"wp:featuredmedia":[{"embeddable":true,"href":"https:\/\/www.karl-wetzel.com\/it\/wp-json\/wp\/v2\/media\/12331"}],"wp:attachment":[{"href":"https:\/\/www.karl-wetzel.com\/it\/wp-json\/wp\/v2\/media?parent=12329"}],"wp:term":[{"taxonomy":"product_brand","embeddable":true,"href":"https:\/\/www.karl-wetzel.com\/it\/wp-json\/wp\/v2\/product_brand?post=12329"},{"taxonomy":"product_cat","embeddable":true,"href":"https:\/\/www.karl-wetzel.com\/it\/wp-json\/wp\/v2\/product_cat?post=12329"},{"taxonomy":"product_tag","embeddable":true,"href":"https:\/\/www.karl-wetzel.com\/it\/wp-json\/wp\/v2\/product_tag?post=12329"}],"curies":[{"name":"wp","href":"https:\/\/api.w.org\/{rel}","templated":true}]}}