{"id":12311,"date":"2021-12-26T10:53:53","date_gmt":"2025-04-07T07:14:36","guid":{"rendered":"https:\/\/www.karl-wetzel.com\/produkt\/aghi-da-disegno-aghi-ciechi\/"},"modified":"2025-04-07T09:14:36","modified_gmt":"2025-04-07T07:14:36","slug":"aghi-da-disegno-aghi-ciechi","status":"publish","type":"product","link":"https:\/\/www.karl-wetzel.com\/it\/prodotto\/aghi-da-disegno-aghi-ciechi\/","title":{"rendered":"Aghi da disegno \/ aghi ciechi"},"content":{"rendered":"<p>Il materiale di supporto dell&#8217;ago di inserimento \u00e8 realizzato in vetroresina. Il labbro \u00e8 in acciaio temprato per ridurre al minimo l&#8217;usura. Il vantaggio di questo ago per infilare sta nella sua flessibilit\u00e0, il che significa che \u00e8 anche possibile infilare in statori ritorti. L&#8217;ago da disegno \u00e8 diviso in due e pu\u00f2 essere riordinato singolarmente<\/p>\n","protected":false},"excerpt":{"rendered":"<h1><strong>Aghi da disegno:<\/strong><\/h1>\n<table style=\"height: 264px;\" width=\"355\">\n<tbody>\n<tr>\n<td width=\"80\">Designazione<\/td>\n<td width=\"89\">Misurare<\/td>\n<td width=\"80\">Colore<\/td>\n<td width=\"80\">Articolo n.<\/td>\n<\/tr>\n<tr>\n<td>ago da disegno<\/td>\n<td>1<\/td>\n<td>rosso<\/td>\n<td>7.105.60<\/td>\n<\/tr>\n<tr>\n<td>ago da disegno<\/td>\n<td>1<\/td>\n<td>giallo<\/td>\n<td>7.105.63<\/td>\n<\/tr>\n<tr>\n<td>ago da disegno<\/td>\n<td>1<\/td>\n<td>blu<\/td>\n<td>7.105.66<\/td>\n<\/tr>\n<tr>\n<td>ago da disegno<\/td>\n<td>2<\/td>\n<td>rosso<\/td>\n<td>7.105,80<\/td>\n<\/tr>\n<tr>\n<td>ago da disegno<\/td>\n<td>2<\/td>\n<td>nero<\/td>\n<td>7.105.83<\/td>\n<\/tr>\n<tr>\n<td>ago da disegno<\/td>\n<td>3<\/td>\n<td>rosso<\/td>\n<td>7.105,90<\/td>\n<\/tr>\n<tr>\n<td>ago da disegno<\/td>\n<td>3<\/td>\n<td>nero<\/td>\n<td>7.105.94<\/td>\n<\/tr>\n<\/tbody>\n<\/table>\n<p>&nbsp;<\/p>\n<h1><strong>aghi ciechi:<\/strong><\/h1>\n<table style=\"height: 242px;\" width=\"355\">\n<tbody>\n<tr>\n<td width=\"80\">Designazione<\/td>\n<td width=\"89\">Misurare<\/td>\n<td width=\"80\">Colore<\/td>\n<td width=\"80\">Articolo n.<\/td>\n<\/tr>\n<tr>\n<td>Ago cieco<\/td>\n<td width=\"89\">1<\/td>\n<td width=\"80\">giallo<\/td>\n<td width=\"80\">7.105.69<\/td>\n<\/tr>\n<tr>\n<td>Ago cieco<\/td>\n<td width=\"89\">1<\/td>\n<td width=\"80\">blu<\/td>\n<td width=\"80\">7.105.70<\/td>\n<\/tr>\n<tr>\n<td>ago cieco<\/td>\n<td width=\"89\">2<\/td>\n<td width=\"80\">rosso<\/td>\n<td width=\"80\">7.105.86<\/td>\n<\/tr>\n<tr>\n<td>ago cieco<\/td>\n<td width=\"89\">2<\/td>\n<td width=\"80\">nero<\/td>\n<td width=\"80\">7.105.87<\/td>\n<\/tr>\n<tr>\n<td>ago cieco<\/td>\n<td width=\"89\">3<\/td>\n<td width=\"80\">rosso<\/td>\n<td width=\"80\">7.105.93<\/td>\n<\/tr>\n<tr>\n<td>Ago cieco<\/td>\n<td width=\"89\">3<\/td>\n<td width=\"80\">nero<\/td>\n<td width=\"80\">7.105.97<\/td>\n<\/tr>\n<\/tbody>\n<\/table>\n","protected":false},"featured_media":12312,"comment_status":"closed","ping_status":"closed","template":"","meta":[],"product_brand":[],"product_cat":[294],"product_tag":[],"class_list":{"0":"post-12311","1":"product","2":"type-product","3":"status-publish","4":"has-post-thumbnail","6":"product_cat-09-aids","8":"first","9":"instock","10":"taxable","11":"shipping-taxable","12":"product-type-variable"},"_links":{"self":[{"href":"https:\/\/www.karl-wetzel.com\/it\/wp-json\/wp\/v2\/product\/12311","targetHints":{"allow":["GET"]}}],"collection":[{"href":"https:\/\/www.karl-wetzel.com\/it\/wp-json\/wp\/v2\/product"}],"about":[{"href":"https:\/\/www.karl-wetzel.com\/it\/wp-json\/wp\/v2\/types\/product"}],"replies":[{"embeddable":true,"href":"https:\/\/www.karl-wetzel.com\/it\/wp-json\/wp\/v2\/comments?post=12311"}],"wp:featuredmedia":[{"embeddable":true,"href":"https:\/\/www.karl-wetzel.com\/it\/wp-json\/wp\/v2\/media\/12312"}],"wp:attachment":[{"href":"https:\/\/www.karl-wetzel.com\/it\/wp-json\/wp\/v2\/media?parent=12311"}],"wp:term":[{"taxonomy":"product_brand","embeddable":true,"href":"https:\/\/www.karl-wetzel.com\/it\/wp-json\/wp\/v2\/product_brand?post=12311"},{"taxonomy":"product_cat","embeddable":true,"href":"https:\/\/www.karl-wetzel.com\/it\/wp-json\/wp\/v2\/product_cat?post=12311"},{"taxonomy":"product_tag","embeddable":true,"href":"https:\/\/www.karl-wetzel.com\/it\/wp-json\/wp\/v2\/product_tag?post=12311"}],"curies":[{"name":"wp","href":"https:\/\/api.w.org\/{rel}","templated":true}]}}