{"id":12264,"date":"2021-12-26T10:51:54","date_gmt":"2025-04-07T07:14:30","guid":{"rendered":"https:\/\/www.karl-wetzel.com\/produkt\/aria-compressa-collettore-dispositivo-di-fresatura-dlkf-70\/"},"modified":"2025-04-07T09:14:30","modified_gmt":"2025-04-07T07:14:30","slug":"aria-compressa-collettore-dispositivo-di-fresatura-dlkf-70","status":"publish","type":"product","link":"https:\/\/www.karl-wetzel.com\/it\/prodotto\/aria-compressa-collettore-dispositivo-di-fresatura-dlkf-70\/","title":{"rendered":"Aria compressa &#8211; collettore &#8211; dispositivo di fresatura DLKF 70"},"content":{"rendered":"<p>Il dispositivo di fresatura del collettore di aria compressa \u00e8 dotato di un motore a palette. Inoltre, non \u00e8 presente il cambio ed \u00e8 quindi particolarmente resistente all&#8217;usura. Il silenziatore integrato ha un condotto di scarico regolabile. Il dispositivo di fresatura del collettore \u00e8 guidato a mano. Con l&#8217;arresto di profondit\u00e0 regolabile, viene fornita una guida ottimale a mano libera.<\/p>\n","protected":false},"excerpt":{"rendered":"<h2>Specifiche tecniche:<\/h2>\n<table id=\"Tabelle12\" border=\"1\">\n<tbody>\n<tr>\n<td id=\"Zelle245\">Prestazione:<\/td>\n<td id=\"Zelle246\">75 Leva<\/td>\n<\/tr>\n<tr>\n<td id=\"Zelle247\">Coppia:<\/td>\n<td id=\"Zelle248\">0,03 Nm<\/td>\n<\/tr>\n<tr>\n<td id=\"Zelle249\">Velocit\u00e0 al minimo:<\/td>\n<td id=\"Zelle250\">70.000 giri al minuto<\/td>\n<\/tr>\n<tr>\n<td id=\"Zelle251\">Peso:<\/td>\n<td id=\"Zelle252\">0,2 kg<\/td>\n<\/tr>\n<tr>\n<td id=\"Zelle253\">Fabbisogno d&#8217;aria a max. prestazioni:<\/td>\n<td id=\"Zelle254\">0,18 m\u00b3\/min.<\/td>\n<\/tr>\n<tr>\n<td id=\"Zelle255\">Richiesta aria al minimo:<\/td>\n<td id=\"Zelle256\">0,20 m\u00b3\/min.<\/td>\n<\/tr>\n<tr>\n<td id=\"Zelle257\">Livello di pressione sonora secondo CEN\/TC 255N:<\/td>\n<td id=\"Zelle258\">82 dB(A)<\/td>\n<\/tr>\n<tr>\n<td id=\"Zelle259\">Vibrazione secondo DIN ISO 8662-4:<\/td>\n<td id=\"Zelle260\">&lt;2,5 m\/s\u00b2<\/td>\n<\/tr>\n<tr>\n<td id=\"Zelle261\">Qualit\u00e0 dell&#8217;aria secondo DIN ISO 8573-1:<\/td>\n<td id=\"Zelle262\">2\/4\/4<\/td>\n<\/tr>\n<tr>\n<td id=\"Zelle263\">Diametro interno del tubo dell&#8217;aria:<\/td>\n<td id=\"Zelle264\">6 millimetri<\/td>\n<\/tr>\n<tr>\n<td id=\"Zelle265\">Filettatura di collegamento per aria compressa:<\/td>\n<td id=\"Zelle266\">Filetto da 1\/8&#8243;<\/td>\n<\/tr>\n<tr>\n<td id=\"Zelle267\">Articolo n.:<\/td>\n<td id=\"Zelle268\">9.209,00<\/td>\n<\/tr>\n<\/tbody>\n<\/table>\n<h2>Accessori:<\/h2>\n<table id=\"Tabelle14\" border=\"1\">\n<tbody>\n<tr>\n<td id=\"Zelle294\">Designazione:<\/td>\n<td id=\"Zelle293\">Articolo n.:<\/td>\n<\/tr>\n<tr>\n<td id=\"Zelle285\">Tubo flessibile di collegamento da 2 m con attacco a vite:<\/td>\n<td id=\"Zelle286\">9.209.02<\/td>\n<\/tr>\n<tr>\n<td id=\"Zelle287\">Unit\u00e0 di manutenzione adatta:<\/td>\n<td id=\"Zelle288\">9.209.05<\/td>\n<\/tr>\n<tr>\n<td id=\"Zelle289\">Staffa di montaggio per unit\u00e0 di manutenzione:<\/td>\n<td id=\"Zelle290\">9.209.06<\/td>\n<\/tr>\n<tr>\n<td id=\"Zelle291\">Olio speciale:<\/td>\n<td id=\"Zelle292\">9.209.07<\/td>\n<\/tr>\n<\/tbody>\n<\/table>\n<h2>taglierina diamantata:<\/h2>\n<table id=\"Tabelle16\" border=\"1\">\n<tbody>\n<tr>\n<td id=\"Zelle397\">Articolo n.:<\/td>\n<td id=\"Zelle398\">Diametro:<\/td>\n<td id=\"Zelle399\">Forza:<\/td>\n<\/tr>\n<tr>\n<td id=\"Zelle400\">9.209.33<\/td>\n<td id=\"Zelle401\">\n<p style=\"text-align: center;\">19 mm<\/p>\n<\/td>\n<td id=\"Zelle402\">0,30 mm<\/td>\n<\/tr>\n<tr>\n<td id=\"Zelle403\">9.209.34<\/td>\n<td id=\"Zelle404\">\n<p style=\"text-align: center;\">19 mm<\/p>\n<\/td>\n<td id=\"Zelle405\">0,40 mm<\/td>\n<\/tr>\n<tr>\n<td id=\"Zelle406\">9.209.35<\/td>\n<td id=\"Zelle407\">\n<p style=\"text-align: center;\">19 mm<\/p>\n<\/td>\n<td id=\"Zelle408\">0,50 mm<\/td>\n<\/tr>\n<tr>\n<td id=\"Zelle409\">9.209.36<\/td>\n<td id=\"Zelle410\">\n<p style=\"text-align: center;\">19 mm<\/p>\n<\/td>\n<td id=\"Zelle411\">0,60 mm<\/td>\n<\/tr>\n<tr>\n<td id=\"Zelle412\">9.209.37<\/td>\n<td id=\"Zelle413\">\n<p style=\"text-align: center;\">19 mm<\/p>\n<\/td>\n<td id=\"Zelle414\">0,70 mm<\/td>\n<\/tr>\n<tr>\n<td id=\"Zelle415\">9.209.38<\/td>\n<td id=\"Zelle416\">\n<p style=\"text-align: center;\">19 mm<\/p>\n<\/td>\n<td id=\"Zelle417\">0,80 mm<\/td>\n<\/tr>\n<tr>\n<td id=\"Zelle418\">9.209.39<\/td>\n<td id=\"Zelle419\">\n<p style=\"text-align: center;\">19 mm<\/p>\n<\/td>\n<td id=\"Zelle420\">0,90 mm<\/td>\n<\/tr>\n<tr>\n<td id=\"Zelle421\">9.209.40<\/td>\n<td id=\"Zelle422\">\n<p style=\"text-align: center;\">19 mm<\/p>\n<\/td>\n<td id=\"Zelle423\">1,00 mm<\/td>\n<\/tr>\n<tr>\n<td id=\"Zelle424\">9.209.43<\/td>\n<td id=\"Zelle425\">\n<p style=\"text-align: center;\">22 mm<\/p>\n<\/td>\n<td id=\"Zelle426\">0,30 mm<\/td>\n<\/tr>\n<tr>\n<td id=\"Zelle427\">9.209.44<\/td>\n<td id=\"Zelle428\">\n<p style=\"text-align: center;\">22 mm<\/p>\n<\/td>\n<td id=\"Zelle429\">0,40 mm<\/td>\n<\/tr>\n<tr>\n<td id=\"Zelle430\">9.209.45<\/td>\n<td id=\"Zelle431\">\n<p style=\"text-align: center;\">22 mm<\/p>\n<\/td>\n<td id=\"Zelle432\">0,50 mm<\/td>\n<\/tr>\n<tr>\n<td id=\"Zelle433\">9.209.46<\/td>\n<td id=\"Zelle434\">\n<p style=\"text-align: center;\">22 mm<\/p>\n<\/td>\n<td id=\"Zelle435\">0,60 mm<\/td>\n<\/tr>\n<tr>\n<td id=\"Zelle436\">9.209.47<\/td>\n<td id=\"Zelle437\">\n<p style=\"text-align: center;\">22 mm<\/p>\n<\/td>\n<td id=\"Zelle438\">0,70 mm<\/td>\n<\/tr>\n<tr>\n<td id=\"Zelle439\">9.209.48<\/td>\n<td id=\"Zelle440\">\n<p style=\"text-align: center;\">22 mm<\/p>\n<\/td>\n<td id=\"Zelle441\">0,80 mm<\/td>\n<\/tr>\n<tr>\n<td id=\"Zelle442\">9.209.49<\/td>\n<td id=\"Zelle443\">\n<p style=\"text-align: center;\">22 mm<\/p>\n<\/td>\n<td id=\"Zelle444\">0,90 mm<\/td>\n<\/tr>\n<tr>\n<td id=\"Zelle445\">9.209.49.0<\/td>\n<td id=\"Zelle446\">\n<p style=\"text-align: center;\">22 mm<\/p>\n<\/td>\n<td id=\"Zelle447\">1,00 mm<\/td>\n<\/tr>\n<\/tbody>\n<\/table>\n","protected":false},"featured_media":12272,"comment_status":"closed","ping_status":"closed","template":"","meta":[],"product_brand":[],"product_cat":[290],"product_tag":[],"class_list":{"0":"post-12264","1":"product","2":"type-product","3":"status-publish","4":"has-post-thumbnail","6":"product_cat-05-smontare","8":"first","9":"instock","10":"taxable","11":"shipping-taxable","12":"product-type-variable"},"_links":{"self":[{"href":"https:\/\/www.karl-wetzel.com\/it\/wp-json\/wp\/v2\/product\/12264","targetHints":{"allow":["GET"]}}],"collection":[{"href":"https:\/\/www.karl-wetzel.com\/it\/wp-json\/wp\/v2\/product"}],"about":[{"href":"https:\/\/www.karl-wetzel.com\/it\/wp-json\/wp\/v2\/types\/product"}],"replies":[{"embeddable":true,"href":"https:\/\/www.karl-wetzel.com\/it\/wp-json\/wp\/v2\/comments?post=12264"}],"wp:featuredmedia":[{"embeddable":true,"href":"https:\/\/www.karl-wetzel.com\/it\/wp-json\/wp\/v2\/media\/12272"}],"wp:attachment":[{"href":"https:\/\/www.karl-wetzel.com\/it\/wp-json\/wp\/v2\/media?parent=12264"}],"wp:term":[{"taxonomy":"product_brand","embeddable":true,"href":"https:\/\/www.karl-wetzel.com\/it\/wp-json\/wp\/v2\/product_brand?post=12264"},{"taxonomy":"product_cat","embeddable":true,"href":"https:\/\/www.karl-wetzel.com\/it\/wp-json\/wp\/v2\/product_cat?post=12264"},{"taxonomy":"product_tag","embeddable":true,"href":"https:\/\/www.karl-wetzel.com\/it\/wp-json\/wp\/v2\/product_tag?post=12264"}],"curies":[{"name":"wp","href":"https:\/\/api.w.org\/{rel}","templated":true}]}}