{"id":12216,"date":"2021-12-26T10:53:20","date_gmt":"2025-04-07T07:14:27","guid":{"rendered":"https:\/\/www.karl-wetzel.com\/produkt\/riscaldatore-a-induzione-thermy-2-completo\/"},"modified":"2025-04-07T09:14:27","modified_gmt":"2025-04-07T07:14:27","slug":"riscaldatore-a-induzione-thermy-2-completo","status":"publish","type":"product","link":"https:\/\/www.karl-wetzel.com\/it\/prodotto\/riscaldatore-a-induzione-thermy-2-completo\/","title":{"rendered":"Riscaldatore a induzione Thermy 2 completo"},"content":{"rendered":"<p>Con il riscaldatore a induzione JE-2, tutte le parti metalliche possono essere riscaldate in modo efficiente, uniforme e pulito per il calettamento.<br \/>\n Le parti da riscaldare vengono spinte sulla barra di supporto corrispondente e posizionate sui poli del giogo magnetico.<br \/>\n Il tempo di riscaldamento di un cuscinetto a sfere, ad esempio 6209, \u00e8 circa 1 minuto. Poich\u00e9 l&#8217;impalcatura e le lamelle di supporto rimangono fredde, il rischio di lesioni \u00e8 ridotto al minimo possibile.<\/p>\n","protected":false},"excerpt":{"rendered":"<h2>Specifiche tecniche:<\/h2>\n<table id=\"Tabelle12\" border=\"1\">\n<tbody>\n<tr>\n<td id=\"Zelle255\" colspan=\"2\">Riscaldatore a induzione JE-2<b><\/b><\/td>\n<\/tr>\n<tr>\n<td id=\"Zelle257\">Lunghezza:<\/td>\n<td id=\"Zelle258\">270 millimetri<\/td>\n<\/tr>\n<tr>\n<td id=\"Zelle259\">Larghezza:<\/td>\n<td id=\"Zelle260\">200 millimetri<\/td>\n<\/tr>\n<tr>\n<td id=\"Zelle261\">Altezza:<\/td>\n<td id=\"Zelle262\">250 millimetri<\/td>\n<\/tr>\n<tr>\n<td id=\"Zelle263\">Collegamento elettrico:<\/td>\n<td id=\"Zelle264\">230 Volt; 16 A<\/td>\n<\/tr>\n<tr>\n<td id=\"Zelle265\">Articolo n. senza accessori:<\/td>\n<td id=\"Zelle266\">9.260,15<\/td>\n<\/tr>\n<\/tbody>\n<\/table>\n<h2>Accessori:<\/h2>\n<table id=\"Tabelle13\" border=\"1\">\n<tbody>\n<tr>\n<td id=\"Zelle268\">Designazione<\/td>\n<td id=\"Zelle269\">Articolo n.<\/td>\n<\/tr>\n<tr>\n<td id=\"Zelle270\">Striscia di supporto: 8 x 6 x 240 mm<\/td>\n<td id=\"Zelle271\">9.260,20<\/td>\n<\/tr>\n<tr>\n<td id=\"Zelle278\">Striscia di supporto: 10 x 10 x 240 mm<\/td>\n<td id=\"Zelle279\">9.260,22<\/td>\n<\/tr>\n<tr>\n<td id=\"Zelle280\">Barra di supporto: 14 x 14 x 240 mm<\/td>\n<td id=\"Zelle281\">9.260,23<\/td>\n<\/tr>\n<tr>\n<td id=\"Zelle282\">Striscia di supporto: 20 x 20 x 240 mm<\/td>\n<td id=\"Zelle283\">9.260,24<\/td>\n<\/tr>\n<tr>\n<td id=\"Zelle284\">Barra di supporto: 17 x 17 x 240 mm<\/td>\n<td id=\"Zelle285\">9.260,25<\/td>\n<\/tr>\n<tr>\n<td id=\"Zelle286\">Striscia di supporto: 25 x 25 x 240 mm<\/td>\n<td id=\"Zelle287\">9.260,26<\/td>\n<\/tr>\n<tr>\n<td id=\"Zelle288\">Striscia di supporto: 30 x 30 x 240 mm<\/td>\n<td id=\"Zelle289\">9.260,28<\/td>\n<\/tr>\n<tr>\n<td id=\"Zelle290\">Striscia di supporto: 40 x 40 x 240 mm<\/td>\n<td id=\"Zelle291\">9.260,30<\/td>\n<\/tr>\n<tr>\n<td id=\"Zelle292\">Striscia di supporto: 50 x 50 x 240 mm<\/td>\n<td id=\"Zelle293\">9.260,32<\/td>\n<\/tr>\n<tr>\n<td id=\"Zelle294\">1 coppia di prolunghe per palo: 50 x 50 x 120 mm<\/td>\n<td id=\"Zelle295\">9.260,33<\/td>\n<\/tr>\n<tr>\n<td id=\"Zelle296\">1 coppia di prolunghe per palo: 50 x 50 x 60 mm<\/td>\n<td id=\"Zelle297\">9.260,35<\/td>\n<\/tr>\n<\/tbody>\n<\/table>\n<p>Inoltre \u00e8 possibile collegare un termoregolatore di temperatura, impostabile da 0 &#8211; 300 \u00b0C. Altre opzioni di termoregolatore includono un timer da 0,3 a 5,0 minuti. e un dispositivo di smagnetizzazione.<\/p>\n<h2>Specifiche tecniche:<\/h2>\n<table id=\"Tabelle15\" border=\"1\">\n<tbody>\n<tr>\n<td id=\"Zelle310\">Designazione<\/td>\n<td id=\"Zelle311\">Articolo n.<\/td>\n<\/tr>\n<tr>\n<td id=\"Zelle312\">Regolatore di temperatura termico 0 &#8211; 300 C<\/td>\n<td id=\"Zelle313\">9.260,50<\/td>\n<\/tr>\n<tr>\n<td id=\"Zelle314\">Timer 0,3 &#8211; 5,0 min.<\/td>\n<td id=\"Zelle315\">9.260,40<\/td>\n<\/tr>\n<tr>\n<td id=\"Zelle316\">Dispositivo di smagnetizzazione<\/td>\n<td id=\"Zelle317\">9.260,60<\/td>\n<\/tr>\n<\/tbody>\n<\/table>\n<h2>JE-2 completo (articolo n. 9.260.10):<\/h2>\n<div id=\"Text60LYR\" class=\"TextObject\">\n<p>Consiste in:<\/p>\n<\/div>\n<div id=\"Tabelle17LYR\">\n<table id=\"Tabelle17\" border=\"1\">\n<tbody>\n<tr>\n<td id=\"Zelle374\">Riscaldatore a induzione JE 2<\/td>\n<td id=\"Zelle375\">9.260,15<\/td>\n<\/tr>\n<tr>\n<td id=\"Zelle382\">Striscia di supporto: 8 x 6 x 240 mm<\/td>\n<td id=\"Zelle383\">9.260,20<\/td>\n<\/tr>\n<tr>\n<td id=\"Zelle384\">Striscia di supporto: 10 x 10 x 240 mm<\/td>\n<td id=\"Zelle385\">9.260,22<\/td>\n<\/tr>\n<tr>\n<td id=\"Zelle386\">Striscia di supporto: 20 x 20 x 240 mm<\/td>\n<td id=\"Zelle387\">9.260,24<\/td>\n<\/tr>\n<tr>\n<td id=\"Zelle388\">Striscia di supporto: 25 x 25 x 240 mm<\/td>\n<td id=\"Zelle389\">9.260,26<\/td>\n<\/tr>\n<tr>\n<td id=\"Zelle390\">Striscia di supporto: 30 x 30 x 240 mm<\/td>\n<td id=\"Zelle391\">9.260,28<\/td>\n<\/tr>\n<tr>\n<td id=\"Zelle392\">Striscia di supporto: 40 x 40 x 240 mm<\/td>\n<td id=\"Zelle393\">9.260,30<\/td>\n<\/tr>\n<tr>\n<td id=\"Zelle394\">Regolatore di temperatura termico 0 &#8211; 300 C<\/td>\n<td id=\"Zelle395\">9.260,50<\/td>\n<\/tr>\n<tr>\n<td id=\"Zelle396\">Timer 0,3 &#8211; 5,0 min.<\/td>\n<td id=\"Zelle397\">9.260,40<\/td>\n<\/tr>\n<tr>\n<td id=\"Zelle398\">Dispositivo di smagnetizzazione<\/td>\n<td id=\"Zelle399\">9.260,60<\/td>\n<\/tr>\n<\/tbody>\n<\/table>\n<\/div>\n","protected":false},"featured_media":12217,"comment_status":"closed","ping_status":"closed","template":"","meta":[],"product_brand":[],"product_cat":[294],"product_tag":[],"class_list":{"0":"post-12216","1":"product","2":"type-product","3":"status-publish","4":"has-post-thumbnail","6":"product_cat-09-aids","8":"first","9":"instock","10":"taxable","11":"shipping-taxable","12":"product-type-variable"},"_links":{"self":[{"href":"https:\/\/www.karl-wetzel.com\/it\/wp-json\/wp\/v2\/product\/12216","targetHints":{"allow":["GET"]}}],"collection":[{"href":"https:\/\/www.karl-wetzel.com\/it\/wp-json\/wp\/v2\/product"}],"about":[{"href":"https:\/\/www.karl-wetzel.com\/it\/wp-json\/wp\/v2\/types\/product"}],"replies":[{"embeddable":true,"href":"https:\/\/www.karl-wetzel.com\/it\/wp-json\/wp\/v2\/comments?post=12216"}],"wp:featuredmedia":[{"embeddable":true,"href":"https:\/\/www.karl-wetzel.com\/it\/wp-json\/wp\/v2\/media\/12217"}],"wp:attachment":[{"href":"https:\/\/www.karl-wetzel.com\/it\/wp-json\/wp\/v2\/media?parent=12216"}],"wp:term":[{"taxonomy":"product_brand","embeddable":true,"href":"https:\/\/www.karl-wetzel.com\/it\/wp-json\/wp\/v2\/product_brand?post=12216"},{"taxonomy":"product_cat","embeddable":true,"href":"https:\/\/www.karl-wetzel.com\/it\/wp-json\/wp\/v2\/product_cat?post=12216"},{"taxonomy":"product_tag","embeddable":true,"href":"https:\/\/www.karl-wetzel.com\/it\/wp-json\/wp\/v2\/product_tag?post=12216"}],"curies":[{"name":"wp","href":"https:\/\/api.w.org\/{rel}","templated":true}]}}