{"id":12183,"date":"2021-12-26T10:52:57","date_gmt":"2025-04-07T07:14:22","guid":{"rendered":"https:\/\/www.karl-wetzel.com\/produkt\/lame-per-seghe-per-dispositivi-di-taglio\/"},"modified":"2025-04-07T09:14:22","modified_gmt":"2025-04-07T07:14:22","slug":"lame-per-seghe-per-dispositivi-di-taglio","status":"publish","type":"product","link":"https:\/\/www.karl-wetzel.com\/it\/prodotto\/lame-per-seghe-per-dispositivi-di-taglio\/","title":{"rendered":"Lame per seghe per dispositivi di taglio"},"content":{"rendered":"<p>Lame per sega per avvolgimenti stretti, sciolti e bruciati<\/p>\n","protected":false},"excerpt":{"rendered":"<h3>Lame per sega ad avvolgimento fisso (nero):<\/h3>\n<table id=\"Tabelle9\" border=\"1\">\n<tbody>\n<tr>\n<td id=\"Zelle189\">Dimensioni della lama della sega:<\/td>\n<td id=\"Zelle190\">Articolo n.:<\/td>\n<\/tr>\n<tr>\n<td id=\"Zelle191\">\u00f863<\/td>\n<td id=\"Zelle192\">6.090,52<\/td>\n<\/tr>\n<tr>\n<td id=\"Zelle193\">\u00f880<\/td>\n<td id=\"Zelle194\">6.090,54<\/td>\n<\/tr>\n<tr>\n<td id=\"Zelle195\">\u00f8100<\/td>\n<td id=\"Zelle196\">6.090,56<\/td>\n<\/tr>\n<tr>\n<td id=\"Zelle197\">\u00f8125<\/td>\n<td id=\"Zelle198\">6.090,58<\/td>\n<\/tr>\n<tr>\n<td id=\"Zelle199\">Impostato: \u00f863, \u00f880, \u00f8100, \u00f8125<\/td>\n<td id=\"Zelle200\">6.090,50<\/td>\n<\/tr>\n<\/tbody>\n<\/table>\n<h3>Lame per sega per avvolgimenti sciolti e bruciati (argento):<\/h3>\n<table id=\"Tabelle10\" border=\"1\">\n<tbody>\n<tr>\n<td id=\"Zelle201\">Dimensioni della lama della sega:<\/td>\n<td id=\"Zelle202\">Articolo n.:<\/td>\n<\/tr>\n<tr>\n<td id=\"Zelle203\">\u00f863<\/td>\n<td id=\"Zelle204\">6.090,62<\/td>\n<\/tr>\n<tr>\n<td id=\"Zelle205\">\u00f880<\/td>\n<td id=\"Zelle206\">6.090,64<\/td>\n<\/tr>\n<tr>\n<td id=\"Zelle207\">\u00f8100<\/td>\n<td id=\"Zelle208\">6.090,66<\/td>\n<\/tr>\n<tr>\n<td id=\"Zelle209\">\u00f8125<\/td>\n<td id=\"Zelle210\">6.090,68<\/td>\n<\/tr>\n<tr>\n<td id=\"Zelle211\">Impostato: \u00f863, \u00f880, \u00f8100, \u00f8125<\/td>\n<td id=\"Zelle212\">6.090,60<\/td>\n<\/tr>\n<\/tbody>\n<\/table>\n","protected":false},"featured_media":12185,"comment_status":"closed","ping_status":"closed","template":"","meta":[],"product_brand":[],"product_cat":[294],"product_tag":[],"class_list":{"0":"post-12183","1":"product","2":"type-product","3":"status-publish","4":"has-post-thumbnail","6":"product_cat-09-aids","8":"first","9":"instock","10":"taxable","11":"shipping-taxable","12":"product-type-variable"},"_links":{"self":[{"href":"https:\/\/www.karl-wetzel.com\/it\/wp-json\/wp\/v2\/product\/12183","targetHints":{"allow":["GET"]}}],"collection":[{"href":"https:\/\/www.karl-wetzel.com\/it\/wp-json\/wp\/v2\/product"}],"about":[{"href":"https:\/\/www.karl-wetzel.com\/it\/wp-json\/wp\/v2\/types\/product"}],"replies":[{"embeddable":true,"href":"https:\/\/www.karl-wetzel.com\/it\/wp-json\/wp\/v2\/comments?post=12183"}],"wp:featuredmedia":[{"embeddable":true,"href":"https:\/\/www.karl-wetzel.com\/it\/wp-json\/wp\/v2\/media\/12185"}],"wp:attachment":[{"href":"https:\/\/www.karl-wetzel.com\/it\/wp-json\/wp\/v2\/media?parent=12183"}],"wp:term":[{"taxonomy":"product_brand","embeddable":true,"href":"https:\/\/www.karl-wetzel.com\/it\/wp-json\/wp\/v2\/product_brand?post=12183"},{"taxonomy":"product_cat","embeddable":true,"href":"https:\/\/www.karl-wetzel.com\/it\/wp-json\/wp\/v2\/product_cat?post=12183"},{"taxonomy":"product_tag","embeddable":true,"href":"https:\/\/www.karl-wetzel.com\/it\/wp-json\/wp\/v2\/product_tag?post=12183"}],"curies":[{"name":"wp","href":"https:\/\/api.w.org\/{rel}","templated":true}]}}