{"id":12155,"date":"2021-12-26T10:51:32","date_gmt":"2025-04-07T07:12:47","guid":{"rendered":"https:\/\/www.karl-wetzel.com\/produkt\/sverniciatura-abisofix\/"},"modified":"2025-04-07T09:12:47","modified_gmt":"2025-04-07T07:12:47","slug":"sverniciatura-abisofix","status":"publish","type":"product","link":"https:\/\/www.karl-wetzel.com\/it\/prodotto\/sverniciatura-abisofix\/","title":{"rendered":"Sverniciatura ABISOFIX"},"content":{"rendered":"<p>Il dispositivo spelafili ABISOFIX \u00e8 utilizzato nell&#8217;industria degli avvolgimenti, per la riparazione di motori e per la riparazione di radio e TV. I fili di rame, i fili con rivestimento in seta e fibra di vetro ei fili con isolamento in PVC possono essere spellati.<\/p>\n<p>Il principio del dispositivo Abisofix:<br \/>\n Tre coltelli in metallo duro si chiudono dal diametro pi\u00f9 grande a quello pi\u00f9 piccolo all&#8217;aumentare della velocit\u00e0 di rotazione. A causa dell&#8217;avvio delicato, i coltelli non si chiudono bruscamente, ma si adagiano delicatamente contro il materiale da spellare e solo allora aumentano la pressione di taglio necessaria. Con la regolazione continua della velocit\u00e0 di rotazione, i coltelli si chiudono solo fino a un certo diametro.<\/p>\n<p>Ad esempio, il sottile strato isolante del filo di rame smaltato viene ancora rimosso mentre il rame stesso viene difficilmente attaccato. L&#8217;alimentazione regolabile in continuo consente una velocit\u00e0 di lavoro ottimale e la sincronizzazione del motore (nessun tremolio).<\/p>\n<p>Un processo di lavoro del dispositivo Abisofix con testina standard utilizzando l&#8217;esempio della spelatura del filo smaltato:<br \/>\n Il dispositivo Abisofix stesso funziona con bassa tensione di protezione (lunga durata, sicurezza elettrica). Si collega alla fonte di alimentazione tramite l&#8217;adattatore di alimentazione. Le tre lame in metallo duro della testa della lama del tuo dispositivo Abisofix formano un imbuto aperto nella parte anteriore. Guidi il filo smaltato tra i tre coltelli del dispositivo Abisofix fin dove vuoi spelare. Quindi accendere il dispositivo Abisofix e tirarlo indietro. Otterrai un filo ben spelato.<\/p>\n<p>Quando \u00e8 spento, il dispositivo Abisofix viene automaticamente rallentato. \u00c8 subito pronto per il prossimo lavoro. A seconda del materiale, \u00e8 possibile impostare la velocit\u00e0 di lavoro ottimale sull&#8217;unit\u00e0 di alimentazione.<\/p>\n<p>Il processo di lavoro \u00e8 essenzialmente lo stesso per tutti gli altri strumenti.<\/p>\n","protected":false},"excerpt":{"rendered":"<table>\n<tbody>\n<tr>\n<td width=\"223\"><strong>Descrizione<\/strong><\/td>\n<td width=\"108\"><strong>Tipo 1<\/strong><\/td>\n<td width=\"120\"><strong>Tipo 3<\/strong><\/td>\n<td width=\"120\"><strong>Tipo 5<\/strong><\/td>\n<\/tr>\n<tr>\n<td width=\"223\">Gamma di fili:<\/td>\n<td width=\"108\">0,2 &#8211; 0,8 millimetri<\/td>\n<td width=\"120\">Da 0,6 a 2,0 mm<\/td>\n<td width=\"120\">1,2 &#8211; 4,5 millimetri<\/td>\n<\/tr>\n<tr>\n<td width=\"223\">Dimensione:<\/td>\n<td colspan=\"3\" width=\"348\">Dimensioni: 45 x 175 mm<\/td>\n<\/tr>\n<tr>\n<td width=\"223\">Peso:<\/td>\n<td colspan=\"3\" width=\"348\">450 grammi<\/td>\n<\/tr>\n<tr>\n<td width=\"223\">Tensione di rete:<\/td>\n<td colspan=\"3\" width=\"348\">230V; Frequenza 50 Hz<\/td>\n<\/tr>\n<tr>\n<td width=\"223\">Abisofix senza alimentazione elettrica<\/td>\n<td width=\"108\">9.240.11<\/td>\n<td width=\"120\">9.240.31<\/td>\n<td width=\"120\">9.240.41<\/td>\n<\/tr>\n<\/tbody>\n<\/table>\n<p>&nbsp;<\/p>\n<table width=\"411\">\n<tbody>\n<tr>\n<td width=\"171\">Pezzi di ricambio<\/td>\n<td width=\"80\">Tipo 1<\/td>\n<td width=\"80\">Tipo 3<\/td>\n<td width=\"80\">Tipo 5<\/td>\n<\/tr>\n<tr>\n<td width=\"171\">Lame di ricambio<\/td>\n<td width=\"80\">9.240.12<\/td>\n<td width=\"80\">9.240.32<\/td>\n<td width=\"80\">9.240.42<\/td>\n<\/tr>\n<tr>\n<td width=\"171\">testa di coltello<\/td>\n<td width=\"80\">9.240,15<\/td>\n<td width=\"80\">9.240,35<\/td>\n<td width=\"80\">9.240,45<\/td>\n<\/tr>\n<tr>\n<td colspan=\"4\" width=\"411\"><\/td>\n<\/tr>\n<tr>\n<td colspan=\"4\" width=\"411\"><\/td>\n<\/tr>\n<tr>\n<td width=\"171\">Alimentazione 230 V:<\/td>\n<td colspan=\"3\" width=\"240\">9.240,50<\/td>\n<\/tr>\n<tr>\n<td width=\"171\">Alimentazione 115 V \/ USA:<\/td>\n<td colspan=\"3\" width=\"240\">9.240,51<\/td>\n<\/tr>\n<tr>\n<td width=\"171\">Cappuccio protettivo:<\/td>\n<td colspan=\"3\" width=\"240\">9.240,55<\/td>\n<\/tr>\n<tr>\n<td width=\"171\">Montaggio da tavolo:<\/td>\n<td colspan=\"3\" width=\"240\">9.240.72<\/td>\n<\/tr>\n<tr>\n<td width=\"171\">Spazzole di carbone 1 set (2 pz.)<\/td>\n<td colspan=\"3\">9.240,57<\/td>\n<\/tr>\n<\/tbody>\n<\/table>\n","protected":false},"featured_media":12156,"comment_status":"closed","ping_status":"closed","template":"","meta":[],"product_brand":[],"product_cat":[292],"product_tag":[],"class_list":{"0":"post-12155","1":"product","2":"type-product","3":"status-publish","4":"has-post-thumbnail","6":"product_cat-07-striscia","8":"first","9":"instock","10":"taxable","11":"shipping-taxable","12":"product-type-variable"},"_links":{"self":[{"href":"https:\/\/www.karl-wetzel.com\/it\/wp-json\/wp\/v2\/product\/12155","targetHints":{"allow":["GET"]}}],"collection":[{"href":"https:\/\/www.karl-wetzel.com\/it\/wp-json\/wp\/v2\/product"}],"about":[{"href":"https:\/\/www.karl-wetzel.com\/it\/wp-json\/wp\/v2\/types\/product"}],"replies":[{"embeddable":true,"href":"https:\/\/www.karl-wetzel.com\/it\/wp-json\/wp\/v2\/comments?post=12155"}],"wp:featuredmedia":[{"embeddable":true,"href":"https:\/\/www.karl-wetzel.com\/it\/wp-json\/wp\/v2\/media\/12156"}],"wp:attachment":[{"href":"https:\/\/www.karl-wetzel.com\/it\/wp-json\/wp\/v2\/media?parent=12155"}],"wp:term":[{"taxonomy":"product_brand","embeddable":true,"href":"https:\/\/www.karl-wetzel.com\/it\/wp-json\/wp\/v2\/product_brand?post=12155"},{"taxonomy":"product_cat","embeddable":true,"href":"https:\/\/www.karl-wetzel.com\/it\/wp-json\/wp\/v2\/product_cat?post=12155"},{"taxonomy":"product_tag","embeddable":true,"href":"https:\/\/www.karl-wetzel.com\/it\/wp-json\/wp\/v2\/product_tag?post=12155"}],"curies":[{"name":"wp","href":"https:\/\/api.w.org\/{rel}","templated":true}]}}