{"id":12079,"date":"2021-12-26T10:51:03","date_gmt":"2025-04-07T07:12:25","guid":{"rendered":"https:\/\/www.karl-wetzel.com\/produkt\/striscia-hq30-35\/"},"modified":"2025-04-07T09:12:25","modified_gmt":"2025-04-07T07:12:25","slug":"striscia-hq30-35","status":"publish","type":"product","link":"https:\/\/www.karl-wetzel.com\/it\/prodotto\/striscia-hq30-35\/","title":{"rendered":"Striscia HQ30\/35"},"content":{"rendered":"<p>Le macchine spelafili HQ30 e HQ35P sono utilizzate per la spellatura di fili tondi smaltati e piatti di rame. Il filo viene spelato tra due spazzole rotanti. La distanza tra le spazzole pu\u00f2 essere regolata all&#8217;infinito.<\/p>\n<p>Le macchine spellafili HQ30 e HQ35P sono guidate manualmente.<\/p>\n<p>La spelafili HQ30 \u00e8 particolarmente adatta per fili pi\u00f9 sottili. Il filo viene trafilato nella macchina da spazzole controrotanti. La spelafili HQ35P \u00e8 adatta per fili tondi e piatti di grosso spessore. Le spazzole parallele non provocano forze di trazione sul filo.<\/p>\n<p>Inserisci il filo smaltato, ruotalo di 90 gradi, estrailo, fatto. Inserendo il filo di lato, l&#8217;isolamento pu\u00f2 essere spelato anche al centro del filo (tapping).<\/p>\n<p>Con diverse spazzole, la qualit\u00e0 di spelatura pu\u00f2 essere adattata e ottimizzata al diametro del filo e al materiale isolante.<\/p>\n<p><strong>Specifiche tecniche:<\/strong><\/p>\n<table>\n<tbody>\n<tr>\n<td><strong>macchina<\/strong><\/td>\n<td><strong>Sede centrale 30<\/strong><\/td>\n<td><strong>HQ35P<\/strong><\/td>\n<\/tr>\n<tr>\n<td>Dimensioni del filo:<\/td>\n<td>Da 0,15 a 3,0 mm<\/td>\n<td>Da 1,0 a 6,0 mm<\/td>\n<\/tr>\n<tr>\n<td>Sezione trasversale del filo:<\/td>\n<td>In giro<\/td>\n<td>Rotondo e rettangolare<\/td>\n<\/tr>\n<tr>\n<td>Diametro delle spazzole:<\/td>\n<td>30 millimetri<\/td>\n<td>35 millimetri<\/td>\n<\/tr>\n<tr>\n<td>Collegamento elettrico:<\/td>\n<td>230 Volt; Frequenza 50 Hz<\/td>\n<td>230 Volt; Frequenza 50 Hz<\/td>\n<\/tr>\n<tr>\n<td>Peso:<\/td>\n<td>2,1 kg<\/td>\n<td>2,4 kg<\/td>\n<\/tr>\n<tr>\n<td>Articolo n.:<\/td>\n<td>5.084,10<\/td>\n<td>5.084,20<\/td>\n<\/tr>\n<\/tbody>\n<\/table>\n","protected":false},"excerpt":{"rendered":"<div id=\"Text72LYR\" class=\"TextObject\">\n<h2>Materiali di consumo (spazzole metalliche):<\/h2>\n<\/div>\n<div id=\"Tabelle15LYR\">\n<div id=\"Text53LYR\" class=\"TextObject\">\n<h2>Spazzole metalliche per HQ 30:<\/h2>\n<\/div>\n<div id=\"Tabelle13LYR\">\n<table style=\"border-collapse: collapse; width: 300pt;\" border=\"0\" width=\"400\" cellspacing=\"0\" cellpadding=\"0\">\n<tbody>\n<tr style=\"height: 12.75pt;\">\n<td id=\"Zelle346\" class=\"xl22\" style=\"height: 12.75pt; width: 60pt;\" width=\"80\" height=\"17\">Diametro esterno<\/td>\n<td id=\"Zelle347\" class=\"xl22\" style=\"border-left: none; width: 60pt;\" width=\"80\">Larghezza<\/td>\n<td id=\"Zelle348\" class=\"xl22\" style=\"border-left: none; width: 60pt;\" width=\"80\">Diametro interno<\/td>\n<td id=\"Zelle349\" class=\"xl22\" style=\"border-left: none; width: 60pt;\" width=\"80\">Spessore del filo<\/td>\n<td id=\"Zelle350\" class=\"xl22\" style=\"border-left: none; width: 60pt;\" width=\"80\">Articolo n.<\/td>\n<\/tr>\n<tr style=\"height: 12.75pt;\">\n<td id=\"Zelle351\" class=\"xl22\" style=\"height: 12.75pt; border-top: none; width: 60pt;\" align=\"right\" width=\"80\" height=\"17\">30<\/td>\n<td id=\"Zelle352\" class=\"xl22\" style=\"border-top: none; border-left: none; width: 60pt;\" align=\"right\" width=\"80\">20<\/td>\n<td id=\"Zelle353\" class=\"xl22\" style=\"border-top: none; border-left: none; width: 60pt;\" align=\"right\" width=\"80\">6<\/td>\n<td id=\"Zelle354\" class=\"xl22\" style=\"border-top: none; border-left: none; width: 60pt;\" align=\"right\" width=\"80\">0,06<\/td>\n<td id=\"Zelle355\" class=\"xl22\" style=\"border-top: none; border-left: none; width: 60pt;\" width=\"80\">5.084.11<\/td>\n<\/tr>\n<tr style=\"height: 12.75pt;\">\n<td id=\"Zelle371\" class=\"xl22\" style=\"height: 12.75pt; border-top: none; width: 60pt;\" align=\"right\" width=\"80\" height=\"17\">30<\/td>\n<td id=\"Zelle372\" class=\"xl22\" style=\"border-top: none; border-left: none; width: 60pt;\" align=\"right\" width=\"80\">20<\/td>\n<td id=\"Zelle373\" class=\"xl22\" style=\"border-top: none; border-left: none; width: 60pt;\" align=\"right\" width=\"80\">6<\/td>\n<td id=\"Zelle374\" class=\"xl22\" style=\"border-top: none; border-left: none; width: 60pt;\" align=\"right\" width=\"80\">0,08<\/td>\n<td id=\"Zelle375\" class=\"xl22\" style=\"border-top: none; border-left: none; width: 60pt;\" width=\"80\">5.084,12<\/td>\n<\/tr>\n<tr style=\"height: 12.75pt;\">\n<td id=\"Zelle376\" class=\"xl22\" style=\"height: 12.75pt; border-top: none; width: 60pt;\" align=\"right\" width=\"80\" height=\"17\">30<\/td>\n<td id=\"Zelle377\" class=\"xl22\" style=\"border-top: none; border-left: none; width: 60pt;\" align=\"right\" width=\"80\">20<\/td>\n<td id=\"Zelle378\" class=\"xl22\" style=\"border-top: none; border-left: none; width: 60pt;\" align=\"right\" width=\"80\">6<\/td>\n<td id=\"Zelle379\" class=\"xl23\" style=\"border-top: none; border-left: none; width: 60pt;\" align=\"right\" width=\"80\">0,10<\/td>\n<td id=\"Zelle380\" class=\"xl22\" style=\"border-top: none; border-left: none; width: 60pt;\" width=\"80\">5.084,13<\/td>\n<\/tr>\n<tr style=\"height: 12.75pt;\">\n<td id=\"Zelle386\" class=\"xl22\" style=\"height: 12.75pt; border-top: none; width: 60pt;\" align=\"right\" width=\"80\" height=\"17\">30<\/td>\n<td id=\"Zelle387\" class=\"xl22\" style=\"border-top: none; border-left: none; width: 60pt;\" align=\"right\" width=\"80\">20<\/td>\n<td id=\"Zelle388\" class=\"xl22\" style=\"border-top: none; border-left: none; width: 60pt;\" align=\"right\" width=\"80\">6<\/td>\n<td id=\"Zelle389\" class=\"xl22\" style=\"border-top: none; border-left: none; width: 60pt;\" align=\"right\" width=\"80\">0,15<\/td>\n<td id=\"Zelle390\" class=\"xl22\" style=\"border-top: none; border-left: none; width: 60pt;\" width=\"80\">5.084,15<\/td>\n<\/tr>\n<tr style=\"height: 12.75pt;\">\n<td id=\"Zelle391\" class=\"xl22\" style=\"height: 12.75pt; border-top: none; width: 60pt;\" align=\"right\" width=\"80\" height=\"17\">30<\/td>\n<td id=\"Zelle392\" class=\"xl22\" style=\"border-top: none; border-left: none; width: 60pt;\" align=\"right\" width=\"80\">20<\/td>\n<td id=\"Zelle393\" class=\"xl22\" style=\"border-top: none; border-left: none; width: 60pt;\" align=\"right\" width=\"80\">6<\/td>\n<td id=\"Zelle394\" class=\"xl23\" style=\"border-top: none; border-left: none; width: 60pt;\" align=\"right\" width=\"80\">0,20<\/td>\n<td id=\"Zelle395\" class=\"xl22\" style=\"border-top: none; border-left: none; width: 60pt;\" width=\"80\">5.084.160<\/td>\n<\/tr>\n<tr style=\"height: 12.75pt;\">\n<td id=\"Zelle396\" class=\"xl22\" style=\"height: 12.75pt; border-top: none; width: 60pt;\" align=\"right\" width=\"80\" height=\"17\">30<\/td>\n<td id=\"Zelle397\" class=\"xl22\" style=\"border-top: none; border-left: none; width: 60pt;\" align=\"right\" width=\"80\">20<\/td>\n<td id=\"Zelle398\" class=\"xl22\" style=\"border-top: none; border-left: none; width: 60pt;\" align=\"right\" width=\"80\">6<\/td>\n<td id=\"Zelle399\" class=\"xl22\" style=\"border-top: none; border-left: none; width: 60pt;\" align=\"right\" width=\"80\">0,25<\/td>\n<td id=\"Zelle400\" class=\"xl22\" style=\"border-top: none; border-left: none; width: 60pt;\" width=\"80\">5.084,17<\/td>\n<\/tr>\n<tr style=\"height: 12.75pt;\">\n<td id=\"Zelle401\" class=\"xl22\" style=\"height: 12.75pt; border-top: none; width: 60pt;\" align=\"right\" width=\"80\" height=\"17\">30<\/td>\n<td id=\"Zelle402\" class=\"xl22\" style=\"border-top: none; border-left: none; width: 60pt;\" align=\"right\" width=\"80\">20<\/td>\n<td id=\"Zelle403\" class=\"xl22\" style=\"border-top: none; border-left: none; width: 60pt;\" align=\"right\" width=\"80\">6<\/td>\n<td id=\"Zelle404\" class=\"xl23\" style=\"border-top: none; border-left: none; width: 60pt;\" align=\"right\" width=\"80\">0,30<\/td>\n<td id=\"Zelle405\" class=\"xl22\" style=\"border-top: none; border-left: none; width: 60pt;\" width=\"80\">5.084,18<\/td>\n<\/tr>\n<\/tbody>\n<\/table>\n<\/div>\n<div id=\"Text56LYR\" class=\"TextObject\">\n<h2>Spazzole metalliche per HQ 35 P:<\/h2>\n<\/div>\n<div id=\"Tabelle14LYR\">\n<table id=\"Tabelle14\" border=\"1\">\n<tbody>\n<tr>\n<td id=\"Zelle406\">Diametro esterno<\/td>\n<td id=\"Zelle407\">Larghezza<\/td>\n<td id=\"Zelle408\">Diametro interno<\/td>\n<td id=\"Zelle409\">Spessore del filo<\/td>\n<td id=\"Zelle410\">Articolo n.<\/td>\n<\/tr>\n<tr>\n<td id=\"Zelle411\">35<\/td>\n<td id=\"Zelle412\">20<\/td>\n<td id=\"Zelle413\">6<\/td>\n<td id=\"Zelle414\">0,10<\/td>\n<td id=\"Zelle415\">5.084,21<\/td>\n<\/tr>\n<tr>\n<td id=\"Zelle416\">35<\/td>\n<td id=\"Zelle417\">20<\/td>\n<td id=\"Zelle418\">6<\/td>\n<td id=\"Zelle419\">0,15<\/td>\n<td id=\"Zelle420\">5.084,22<\/td>\n<\/tr>\n<tr>\n<td id=\"Zelle421\">35<\/td>\n<td id=\"Zelle422\">20<\/td>\n<td id=\"Zelle423\">6<\/td>\n<td id=\"Zelle424\">0,20<\/td>\n<td id=\"Zelle425\">5.084,23<\/td>\n<\/tr>\n<tr>\n<td id=\"Zelle426\">35<\/td>\n<td id=\"Zelle427\">20<\/td>\n<td id=\"Zelle428\">6<\/td>\n<td id=\"Zelle429\">0,25<\/td>\n<td id=\"Zelle430\">5.084.240<\/td>\n<\/tr>\n<tr>\n<td id=\"Zelle431\">35<\/td>\n<td id=\"Zelle432\">20<\/td>\n<td id=\"Zelle433\">6<\/td>\n<td id=\"Zelle434\">0,30<\/td>\n<td id=\"Zelle435\">5.084,25<\/td>\n<\/tr>\n<\/tbody>\n<\/table>\n<\/div>\n<\/div>\n","protected":false},"featured_media":12080,"comment_status":"closed","ping_status":"closed","template":"","meta":[],"product_brand":[],"product_cat":[292],"product_tag":[],"class_list":{"0":"post-12079","1":"product","2":"type-product","3":"status-publish","4":"has-post-thumbnail","6":"product_cat-07-striscia","8":"first","9":"instock","10":"taxable","11":"shipping-taxable","12":"product-type-variable","13":"has-default-attributes"},"_links":{"self":[{"href":"https:\/\/www.karl-wetzel.com\/it\/wp-json\/wp\/v2\/product\/12079","targetHints":{"allow":["GET"]}}],"collection":[{"href":"https:\/\/www.karl-wetzel.com\/it\/wp-json\/wp\/v2\/product"}],"about":[{"href":"https:\/\/www.karl-wetzel.com\/it\/wp-json\/wp\/v2\/types\/product"}],"replies":[{"embeddable":true,"href":"https:\/\/www.karl-wetzel.com\/it\/wp-json\/wp\/v2\/comments?post=12079"}],"wp:featuredmedia":[{"embeddable":true,"href":"https:\/\/www.karl-wetzel.com\/it\/wp-json\/wp\/v2\/media\/12080"}],"wp:attachment":[{"href":"https:\/\/www.karl-wetzel.com\/it\/wp-json\/wp\/v2\/media?parent=12079"}],"wp:term":[{"taxonomy":"product_brand","embeddable":true,"href":"https:\/\/www.karl-wetzel.com\/it\/wp-json\/wp\/v2\/product_brand?post=12079"},{"taxonomy":"product_cat","embeddable":true,"href":"https:\/\/www.karl-wetzel.com\/it\/wp-json\/wp\/v2\/product_cat?post=12079"},{"taxonomy":"product_tag","embeddable":true,"href":"https:\/\/www.karl-wetzel.com\/it\/wp-json\/wp\/v2\/product_tag?post=12079"}],"curies":[{"name":"wp","href":"https:\/\/api.w.org\/{rel}","templated":true}]}}