{"id":12073,"date":"2021-12-26T10:51:04","date_gmt":"2025-04-07T07:12:23","guid":{"rendered":"https:\/\/www.karl-wetzel.com\/produkt\/freno-di-scarico\/"},"modified":"2025-04-07T09:12:23","modified_gmt":"2025-04-07T07:12:23","slug":"freno-di-scarico","status":"publish","type":"product","link":"https:\/\/www.karl-wetzel.com\/it\/prodotto\/freno-di-scarico\/","title":{"rendered":"freno di scarico"},"content":{"rendered":"<p>Il freno di scorrimento del filo \u00e8 progettato per fili di rame smaltato da circa 0,1 a 1,0 mm. Il freno di svolgimento del filo \u00e8 posizionato sull&#8217;apertura del cofano delle bobine lunghe grandi A 315 e A 400. La tensione pu\u00f2 essere regolata in base alla sezione del filo utilizzando la vite di pressione.<\/p>\n","protected":false},"excerpt":{"rendered":"<p>Il freno di scorrimento del filo \u00e8 progettato per fili di rame smaltato da circa 0,1 a 1,0 mm. Il freno di svolgimento del filo \u00e8 posizionato sull&#8217;apertura del cofano delle bobine lunghe grandi A 315 e A 400. La tensione pu\u00f2 essere regolata in base alla sezione del filo utilizzando la vite di pressione.<\/p>\n","protected":false},"featured_media":12074,"comment_status":"closed","ping_status":"closed","template":"","meta":[],"product_brand":[],"product_cat":[288],"product_tag":[],"class_list":{"0":"post-12073","1":"product","2":"type-product","3":"status-publish","4":"has-post-thumbnail","6":"product_cat-03-scadenza","8":"first","9":"instock","10":"taxable","11":"shipping-taxable","12":"product-type-simple"},"_links":{"self":[{"href":"https:\/\/www.karl-wetzel.com\/it\/wp-json\/wp\/v2\/product\/12073","targetHints":{"allow":["GET"]}}],"collection":[{"href":"https:\/\/www.karl-wetzel.com\/it\/wp-json\/wp\/v2\/product"}],"about":[{"href":"https:\/\/www.karl-wetzel.com\/it\/wp-json\/wp\/v2\/types\/product"}],"replies":[{"embeddable":true,"href":"https:\/\/www.karl-wetzel.com\/it\/wp-json\/wp\/v2\/comments?post=12073"}],"wp:featuredmedia":[{"embeddable":true,"href":"https:\/\/www.karl-wetzel.com\/it\/wp-json\/wp\/v2\/media\/12074"}],"wp:attachment":[{"href":"https:\/\/www.karl-wetzel.com\/it\/wp-json\/wp\/v2\/media?parent=12073"}],"wp:term":[{"taxonomy":"product_brand","embeddable":true,"href":"https:\/\/www.karl-wetzel.com\/it\/wp-json\/wp\/v2\/product_brand?post=12073"},{"taxonomy":"product_cat","embeddable":true,"href":"https:\/\/www.karl-wetzel.com\/it\/wp-json\/wp\/v2\/product_cat?post=12073"},{"taxonomy":"product_tag","embeddable":true,"href":"https:\/\/www.karl-wetzel.com\/it\/wp-json\/wp\/v2\/product_tag?post=12073"}],"curies":[{"name":"wp","href":"https:\/\/api.w.org\/{rel}","templated":true}]}}