{"id":12067,"date":"2021-12-26T10:51:02","date_gmt":"2025-04-07T07:12:20","guid":{"rendered":"https:\/\/www.karl-wetzel.com\/produkt\/macchina-spelafili-fissa-sam-80\/"},"modified":"2025-04-07T09:12:20","modified_gmt":"2025-04-07T07:12:20","slug":"macchina-spelafili-fissa-sam-80","status":"publish","type":"product","link":"https:\/\/www.karl-wetzel.com\/it\/prodotto\/macchina-spelafili-fissa-sam-80\/","title":{"rendered":"Macchina spelafili fissa SAM 80"},"content":{"rendered":"<p>La macchina spelafili stazionaria viene utilizzata per rimuovere la trecciatura e il rivestimento di vernice sulle estremit\u00e0 di commutazione di bobine, tiranti, trefoli pressati completamente formati, indipendentemente dal fatto che abbiano una sezione trasversale rotonda o rettangolare. Questa macchina si \u00e8 particolarmente dimostrata efficace per spellare i tiranti dagli avvolgimenti difettosi, poich\u00e9 non \u00e8 pi\u00f9 necessario bruciarli e di conseguenza non vi \u00e8 alcun rischio che lo stagno rimanente si leghi con il rame e diventi fragile lo stelo a freddo. I fili in fibra di vetro possono anche essere saldati perfettamente spellati.<\/p>\n<p>La sezione del filo pu\u00f2 essere regolata all&#8217;infinito tramite un volantino. Ci sono anche due arresti in modo che la lunghezza e la larghezza possano essere regolate per una sezione trasversale rettangolare. La lunghezza di spelatura \u00e8 limitata da un fermo che pu\u00f2 essere regolato all&#8217;infinito.<\/p>\n<p>La polvere delle spazzole viene racchiusa in un sacco da un dispositivo di aspirazione (opzionale).<\/p>\n<p>Con un interruttore di inversione (optional) \u00e8 possibile lavorare sia nella stessa direzione che in quella opposta. Questo dispositivo \u00e8 molto utile per sezioni trasversali pi\u00f9 grandi, poich\u00e9 la trazione \u00e8 particolarmente forte nella direzione opposta. In sincronismo, invece, il treno \u00e8 praticamente compensato.<\/p>\n<p><strong>Specifiche tecniche:<\/strong><\/p>\n<table id=\"Tabelle12\" border=\"1\">\n<tbody>\n<tr>\n<td id=\"Zelle281\">Dimensioni del filo:<\/td>\n<td id=\"Zelle282\">da 1 mm<\/td>\n<\/tr>\n<tr>\n<td id=\"Zelle283\">Sezione trasversale del filo:<\/td>\n<td id=\"Zelle284\">Rotondo e rettangolare<\/td>\n<\/tr>\n<tr>\n<td id=\"Zelle285\">Pennello per stripping utilizzabile:<\/td>\n<td id=\"Zelle286\">SA80<\/td>\n<\/tr>\n<tr>\n<td id=\"Zelle287\">Arresto di lunghezza (lunghezza di spogliatura):<\/td>\n<td id=\"Zelle288\">circa Da 20 a 150 mm<\/td>\n<\/tr>\n<tr>\n<td id=\"Zelle289\">Numero di fermate per altezza di spogliatura:<\/td>\n<td id=\"Zelle290\">2 pezzi<\/td>\n<\/tr>\n<tr>\n<td id=\"Zelle296\">Pittura:<\/td>\n<td id=\"Zelle295\">blu\/giallo<\/td>\n<\/tr>\n<tr>\n<td id=\"Zelle291\">Collegamento elettrico:<\/td>\n<td id=\"Zelle292\">Tensione: 400 V, 50 Hz<\/td>\n<\/tr>\n<tr>\n<td id=\"Zelle293\">Articolo n.:<\/td>\n<td id=\"Zelle294\">5.084,40<\/td>\n<\/tr>\n<\/tbody>\n<\/table>\n<div id=\"Tabelle12LYR\">\n<div id=\"Tabelle13LYR\"><\/div>\n<\/div>\n","protected":false},"excerpt":{"rendered":"<div id=\"Text72LYR\" class=\"TextObject\">\n<h2>Materiali di consumo (spazzole metalliche):<\/h2>\n<\/div>\n<div id=\"Tabelle15LYR\">\n<table id=\"Tabelle15\" border=\"1\">\n<tbody>\n<tr>\n<td id=\"Zelle433\">Diametro esterno<\/td>\n<td id=\"Zelle434\">Larghezza<\/td>\n<td id=\"Zelle435\">Diametro interno<\/td>\n<td id=\"Zelle436\">Spessore del filo<\/td>\n<td id=\"Zelle437\">Articolo n.<\/td>\n<\/tr>\n<tr>\n<td id=\"Zelle438\">80<\/td>\n<td id=\"Zelle439\">40<\/td>\n<td id=\"Zelle440\">16<\/td>\n<td id=\"Zelle441\">0,10<\/td>\n<td id=\"Zelle442\">5.084,41<\/td>\n<\/tr>\n<tr>\n<td id=\"Zelle443\">80<\/td>\n<td id=\"Zelle444\">40<\/td>\n<td id=\"Zelle445\">16<\/td>\n<td id=\"Zelle446\">0,20<\/td>\n<td id=\"Zelle447\">5.084,42<\/td>\n<\/tr>\n<tr>\n<td id=\"Zelle448\">80<\/td>\n<td id=\"Zelle449\">40<\/td>\n<td id=\"Zelle450\">16<\/td>\n<td id=\"Zelle451\">0,25<\/td>\n<td id=\"Zelle452\">5.084.430<\/td>\n<\/tr>\n<tr>\n<td id=\"Zelle453\">80<\/td>\n<td id=\"Zelle454\">40<\/td>\n<td id=\"Zelle455\">16<\/td>\n<td id=\"Zelle456\">0,30<\/td>\n<td id=\"Zelle457\">5.084.440<\/td>\n<\/tr>\n<tr>\n<td id=\"Zelle458\">80<\/td>\n<td id=\"Zelle459\">40<\/td>\n<td id=\"Zelle460\">16<\/td>\n<td id=\"Zelle461\">0,35<\/td>\n<td id=\"Zelle462\">5.084,45<\/td>\n<\/tr>\n<tr>\n<td id=\"Zelle463\">80<\/td>\n<td id=\"Zelle464\">40<\/td>\n<td id=\"Zelle465\">16<\/td>\n<td id=\"Zelle466\">0,40<\/td>\n<td id=\"Zelle467\">5.084,46<\/td>\n<\/tr>\n<\/tbody>\n<\/table>\n<p><strong>Accessori speciali:<\/strong><\/p>\n<div id=\"Tabelle12LYR\">\n<div id=\"Tabelle13LYR\">Dispositivo di estrazione completamente montato sulla macchina (Articolo n. 5.084.52)<\/div>\n<\/div>\n<\/div>\n","protected":false},"featured_media":12068,"comment_status":"closed","ping_status":"closed","template":"","meta":[],"product_brand":[],"product_cat":[292],"product_tag":[],"class_list":{"0":"post-12067","1":"product","2":"type-product","3":"status-publish","4":"has-post-thumbnail","6":"product_cat-07-striscia","8":"first","9":"instock","10":"taxable","11":"shipping-taxable","12":"product-type-simple"},"_links":{"self":[{"href":"https:\/\/www.karl-wetzel.com\/it\/wp-json\/wp\/v2\/product\/12067","targetHints":{"allow":["GET"]}}],"collection":[{"href":"https:\/\/www.karl-wetzel.com\/it\/wp-json\/wp\/v2\/product"}],"about":[{"href":"https:\/\/www.karl-wetzel.com\/it\/wp-json\/wp\/v2\/types\/product"}],"replies":[{"embeddable":true,"href":"https:\/\/www.karl-wetzel.com\/it\/wp-json\/wp\/v2\/comments?post=12067"}],"wp:featuredmedia":[{"embeddable":true,"href":"https:\/\/www.karl-wetzel.com\/it\/wp-json\/wp\/v2\/media\/12068"}],"wp:attachment":[{"href":"https:\/\/www.karl-wetzel.com\/it\/wp-json\/wp\/v2\/media?parent=12067"}],"wp:term":[{"taxonomy":"product_brand","embeddable":true,"href":"https:\/\/www.karl-wetzel.com\/it\/wp-json\/wp\/v2\/product_brand?post=12067"},{"taxonomy":"product_cat","embeddable":true,"href":"https:\/\/www.karl-wetzel.com\/it\/wp-json\/wp\/v2\/product_cat?post=12067"},{"taxonomy":"product_tag","embeddable":true,"href":"https:\/\/www.karl-wetzel.com\/it\/wp-json\/wp\/v2\/product_tag?post=12067"}],"curies":[{"name":"wp","href":"https:\/\/api.w.org\/{rel}","templated":true}]}}