{"id":12025,"date":"2021-12-26T10:50:39","date_gmt":"2025-04-07T07:12:12","guid":{"rendered":"https:\/\/www.karl-wetzel.com\/produkt\/dispositivo-di-piegatura-universale-iso\/"},"modified":"2025-04-07T09:38:05","modified_gmt":"2025-04-07T07:38:05","slug":"dispositivo-di-piegatura-universale-iso","status":"publish","type":"product","link":"https:\/\/www.karl-wetzel.com\/it\/prodotto\/dispositivo-di-piegatura-universale-iso\/","title":{"rendered":"Dispositivo di piegatura universale ISO"},"content":{"rendered":"<p>Die Biegevorrichtung eignet sich besonders f\u00fcr das manuelle Biegen oder B\u00f6rdeln von Nuten oder Zwischenisolierungen. In Kombination mit unserer ISO Cut Schere eignet sie sich perfekt f\u00fcr Reparaturwerkst\u00e4tten oder Entwicklungsabteilungen.<\/p>\n<p>Diese im Jahr 2022 neu konzipierte Maschine ersetzt alle unsere bisherigen Biegemaschinen.<\/p>\n","protected":false},"excerpt":{"rendered":"<h2><a href=\"https:\/\/www.youtube.com\/playlist?list=PLga7aj3HB7vtRd3wLjxnx8yv_K9nDLdry\" target=\"_blank\" rel=\"noopener\"><span style=\"color: #800000;\">Video zur Maschine<\/span><\/a><\/h2>\n<h2>Leistungsbeschreibung:<\/h2>\n<p>Unbegrenzte Dehnungsl\u00e4nge<\/p>\n<p>Biegetiefe 5 &#8211; 100 mm<\/p>\n<p>Abmessungen 34 x 15 x 30 cm<\/p>\n<p>Gewicht 15 KG<\/p>\n<p>Artikel 3.070.30<\/p>\n","protected":false},"featured_media":12026,"comment_status":"closed","ping_status":"closed","template":"","meta":[],"product_brand":[],"product_cat":[287],"product_tag":[],"class_list":{"0":"post-12025","1":"product","2":"type-product","3":"status-publish","4":"has-post-thumbnail","6":"product_cat-02-pieghevole","8":"first","9":"instock","10":"taxable","11":"shipping-taxable","12":"product-type-simple"},"_links":{"self":[{"href":"https:\/\/www.karl-wetzel.com\/it\/wp-json\/wp\/v2\/product\/12025","targetHints":{"allow":["GET"]}}],"collection":[{"href":"https:\/\/www.karl-wetzel.com\/it\/wp-json\/wp\/v2\/product"}],"about":[{"href":"https:\/\/www.karl-wetzel.com\/it\/wp-json\/wp\/v2\/types\/product"}],"replies":[{"embeddable":true,"href":"https:\/\/www.karl-wetzel.com\/it\/wp-json\/wp\/v2\/comments?post=12025"}],"wp:featuredmedia":[{"embeddable":true,"href":"https:\/\/www.karl-wetzel.com\/it\/wp-json\/wp\/v2\/media\/12026"}],"wp:attachment":[{"href":"https:\/\/www.karl-wetzel.com\/it\/wp-json\/wp\/v2\/media?parent=12025"}],"wp:term":[{"taxonomy":"product_brand","embeddable":true,"href":"https:\/\/www.karl-wetzel.com\/it\/wp-json\/wp\/v2\/product_brand?post=12025"},{"taxonomy":"product_cat","embeddable":true,"href":"https:\/\/www.karl-wetzel.com\/it\/wp-json\/wp\/v2\/product_cat?post=12025"},{"taxonomy":"product_tag","embeddable":true,"href":"https:\/\/www.karl-wetzel.com\/it\/wp-json\/wp\/v2\/product_tag?post=12025"}],"curies":[{"name":"wp","href":"https:\/\/api.w.org\/{rel}","templated":true}]}}