{"id":11951,"date":"2021-12-26T10:50:38","date_gmt":"2021-12-26T09:50:38","guid":{"rendered":"https:\/\/www.karl-wetzel.com\/produkt\/isocut-a\/"},"modified":"2025-12-03T11:29:24","modified_gmt":"2025-12-03T10:29:24","slug":"isocut-a","status":"publish","type":"product","link":"https:\/\/www.karl-wetzel.com\/it\/prodotto\/isocut-a\/","title":{"rendered":"IsoCut A + B + C"},"content":{"rendered":"<p>La macchina tagliacarta \u00e8 una robusta struttura interamente in metallo. I coltelli in acciaio Solingen possono essere riaffilati. La base \u00e8 standard e ha un tavolino laterale ribaltabile sul lato destro. Il materiale \u00e8 trattenuto dalla pressione del pedale. L&#8217;antiretro \u00e8 regolabile in continuo. La battuta anteriore, dotata di un dispositivo di taglio stretto, si allunga tramite una manopola girevole. Il paramano fisso \u00e8 realizzato in plexiglas infrangibile.<\/p>\n","protected":false},"excerpt":{"rendered":"<h2>Specifiche tecniche:<\/h2>\n<table style=\"height: 370px;\" width=\"682\">\n<tbody>\n<tr>\n<td width=\"119\">Tipo:<\/td>\n<td width=\"143\">UN<\/td>\n<td width=\"143\">B<\/td>\n<td width=\"143\">C<\/td>\n<\/tr>\n<tr>\n<td>Lunghezza di taglio:<\/td>\n<td>385 millimetri<\/td>\n<td>580 millimetri<\/td>\n<td>1110 millimetri<\/td>\n<\/tr>\n<tr>\n<td width=\"119\">Prestazioni di taglio:<br \/>\n DIN A4 70 g\/m2<\/td>\n<td>50 fogli<\/td>\n<td>40 fogli<\/td>\n<td>20 fogli<\/td>\n<\/tr>\n<tr>\n<td>Dimensioni del tavolo (L x P)<\/td>\n<td>356 x 403 millimetri<\/td>\n<td>356 x 604 mm<\/td>\n<td>760 x 1100 mm<\/td>\n<\/tr>\n<tr>\n<td>Protezione delle mani:<\/td>\n<td>automaticamente<\/td>\n<td>automaticamente<\/td>\n<td>automaticamente<\/td>\n<\/tr>\n<tr>\n<td>Pressatura della carta:<\/td>\n<td>manualmente<\/td>\n<td>manualmente<\/td>\n<td>manualmente<\/td>\n<\/tr>\n<tr>\n<td>Colore:<\/td>\n<td>grigio chiaro<\/td>\n<td>grigio chiaro<\/td>\n<td>grigio chiaro<\/td>\n<\/tr>\n<tr>\n<td width=\"119\">Dimensioni:<br \/>\n (L x P x A):<\/td>\n<td>410 x 575 x 260 mm<\/td>\n<td>410 x 790 x 260 mm<\/td>\n<td>1360 x 830 x 1390 mm<\/td>\n<\/tr>\n<tr>\n<td>Peso:<\/td>\n<td>9 chili<\/td>\n<td>14 chili<\/td>\n<td>60 chili<\/td>\n<\/tr>\n<tr>\n<td>Numero d&#8217;ordine:<\/td>\n<td>9.455,00<\/td>\n<td>9.455,20<\/td>\n<td>9.455,40<\/td>\n<\/tr>\n<\/tbody>\n<\/table>\n","protected":false},"featured_media":12963,"comment_status":"closed","ping_status":"closed","template":"","meta":[],"product_brand":[],"product_cat":[313],"product_tag":[],"class_list":{"0":"post-11951","1":"product","2":"type-product","3":"status-publish","4":"has-post-thumbnail","6":"product_cat-08-tagliare","8":"first","9":"instock","10":"taxable","11":"shipping-taxable","12":"product-type-variable"},"_links":{"self":[{"href":"https:\/\/www.karl-wetzel.com\/it\/wp-json\/wp\/v2\/product\/11951","targetHints":{"allow":["GET"]}}],"collection":[{"href":"https:\/\/www.karl-wetzel.com\/it\/wp-json\/wp\/v2\/product"}],"about":[{"href":"https:\/\/www.karl-wetzel.com\/it\/wp-json\/wp\/v2\/types\/product"}],"replies":[{"embeddable":true,"href":"https:\/\/www.karl-wetzel.com\/it\/wp-json\/wp\/v2\/comments?post=11951"}],"wp:featuredmedia":[{"embeddable":true,"href":"https:\/\/www.karl-wetzel.com\/it\/wp-json\/wp\/v2\/media\/12963"}],"wp:attachment":[{"href":"https:\/\/www.karl-wetzel.com\/it\/wp-json\/wp\/v2\/media?parent=11951"}],"wp:term":[{"taxonomy":"product_brand","embeddable":true,"href":"https:\/\/www.karl-wetzel.com\/it\/wp-json\/wp\/v2\/product_brand?post=11951"},{"taxonomy":"product_cat","embeddable":true,"href":"https:\/\/www.karl-wetzel.com\/it\/wp-json\/wp\/v2\/product_cat?post=11951"},{"taxonomy":"product_tag","embeddable":true,"href":"https:\/\/www.karl-wetzel.com\/it\/wp-json\/wp\/v2\/product_tag?post=11951"}],"curies":[{"name":"wp","href":"https:\/\/api.w.org\/{rel}","templated":true}]}}