{"id":11853,"date":"2021-12-26T10:50:11","date_gmt":"2025-04-03T15:45:20","guid":{"rendered":"https:\/\/www.karl-wetzel.com\/produkt\/macchina-a-strati-tw\/"},"modified":"2025-04-03T17:45:20","modified_gmt":"2025-04-03T15:45:20","slug":"macchina-a-strati-tw","status":"publish","type":"product","link":"https:\/\/www.karl-wetzel.com\/it\/prodotto\/macchina-a-strati-tw\/","title":{"rendered":"Macchina a strati TW"},"content":{"rendered":"<p>La bobinatrice per bobine TW 15 \u00e8 una bobinatrice per strati di precisione adatta per l&#8217;avvolgimento di:<\/p>\n<ul>\n<li>bobine del trasformatore<\/li>\n<li>bobine del disco<\/li>\n<li>bobine di arresto<\/li>\n<li>bobine di accensione<\/li>\n<li>bobine di rel\u00e8<\/li>\n<li>bobine di campo<\/li>\n<li>formare bobine<\/li>\n<li>eccetera.<\/li>\n<\/ul>\n<p>La gamma di velocit\u00e0 pu\u00f2 essere preimpostata all&#8217;infinito tramite un potenziometro. La velocit\u00e0 del mandrino pu\u00f2 essere regolata all&#8217;infinito con l&#8217;interruttore a pedale all&#8217;interno della gamma di velocit\u00e0 precedentemente impostata. L&#8217;avanzamento \u00e8 regolabile in continuo con un volantino.<\/p>\n<p>Equipaggiamento standard:<\/p>\n<ul>\n<li>Tavolo macchina 150 cm x 70 cm<\/li>\n<li>1 guida filo<\/li>\n<li>Contropunta con punta<\/li>\n<\/ul>\n<p>Accessori speciali:<\/p>\n<div id=\"Tabelle10LYR\">\n<table id=\"Tabelle10\" border=\"1\">\n<tbody>\n<tr>\n<td id=\"Zelle219\">Articolo n.<\/td>\n<td id=\"Zelle220\">Descrizione<\/td>\n<\/tr>\n<tr>\n<td id=\"Zelle221\">1.012.36.01<\/td>\n<td id=\"Zelle222\">guidafilo aggiuntiva<\/td>\n<\/tr>\n<tr>\n<td id=\"Zelle223\">1.012.36.05<\/td>\n<td id=\"Zelle224\">Monitoraggio rottura filo<\/td>\n<\/tr>\n<tr>\n<td id=\"Zelle225\">1.012.36.09<\/td>\n<td id=\"Zelle226\">Mandrino di avvolgimento M6<\/td>\n<\/tr>\n<tr>\n<td id=\"Zelle227\">1.012.36.10<\/td>\n<td id=\"Zelle228\">Mandrino di avvolgimento M8<\/td>\n<\/tr>\n<tr>\n<td id=\"Zelle229\">1.012.36.12<\/td>\n<td id=\"Zelle230\">Mandrino di avvolgimento M10<\/td>\n<\/tr>\n<tr>\n<td id=\"Zelle231\">1.012.36.14<\/td>\n<td id=\"Zelle232\">Mandrino di avvolgimento M12<\/td>\n<\/tr>\n<tr>\n<td id=\"Zelle233\">1.012.36.16<\/td>\n<td id=\"Zelle234\">Mandrino di avvolgimento M14<\/td>\n<\/tr>\n<tr>\n<td id=\"Zelle235\">1.012.36.17<\/td>\n<td id=\"Zelle236\">Mandrino di avvolgimento M16<\/td>\n<\/tr>\n<tr>\n<td id=\"Zelle237\">1.012.36.18<\/td>\n<td id=\"Zelle238\">Mandrino di avvolgimento M18<\/td>\n<\/tr>\n<tr>\n<td id=\"Zelle239\">1.012.36.19<\/td>\n<td id=\"Zelle240\">Mandrino di avvolgimento M20<\/td>\n<\/tr>\n<\/tbody>\n<\/table>\n<\/div>\n","protected":false},"excerpt":{"rendered":"<h2>Specifiche tecniche:<\/h2>\n<table id=\"Tabelle9\" border=\"1\">\n<tbody>\n<tr>\n<td id=\"Zelle189\">Fasciatoio:<\/td>\n<td id=\"Zelle190\">Dimensioni: 120 cm x 60 cm x 85 cm<\/td>\n<\/tr>\n<tr>\n<td id=\"Zelle191\">Velocit\u00e0 di avvolgimento:<\/td>\n<td id=\"Zelle192\">Velocit\u00e0 di rotazione: 45 \/ 55 \/ 70 \/ 80 \/ 110 \/ 140 giri\/min.<\/td>\n<\/tr>\n<tr>\n<td id=\"Zelle193\">Diametro dell&#8217;albero di uscita:<\/td>\n<td id=\"Zelle194\">35 millimetri<\/td>\n<\/tr>\n<tr>\n<td id=\"Zelle195\">Carico collegato:<\/td>\n<td id=\"Zelle196\">400 volt; 3 fasi; Frequenza<\/td>\n<\/tr>\n<tr>\n<td id=\"Zelle197\">Dimensioni della macchina:<\/td>\n<td id=\"Zelle198\">Dimensioni: 135 cm x 60 cm x 105 cm<\/td>\n<\/tr>\n<tr>\n<td id=\"Zelle199\">Peso:<\/td>\n<td id=\"Zelle200\">83 chili<\/td>\n<\/tr>\n<tr>\n<td id=\"Zelle201\">Articolo n.:<\/td>\n<td id=\"Zelle202\">1.012,36<\/td>\n<\/tr>\n<\/tbody>\n<\/table>\n","protected":false},"featured_media":11856,"comment_status":"closed","ping_status":"closed","template":"","meta":[],"product_brand":[],"product_cat":[286],"product_tag":[],"class_list":{"0":"post-11853","1":"product","2":"type-product","3":"status-publish","4":"has-post-thumbnail","6":"product_cat-01-avvolgimento","8":"first","9":"instock","10":"taxable","11":"shipping-taxable","12":"product-type-variable"},"_links":{"self":[{"href":"https:\/\/www.karl-wetzel.com\/it\/wp-json\/wp\/v2\/product\/11853","targetHints":{"allow":["GET"]}}],"collection":[{"href":"https:\/\/www.karl-wetzel.com\/it\/wp-json\/wp\/v2\/product"}],"about":[{"href":"https:\/\/www.karl-wetzel.com\/it\/wp-json\/wp\/v2\/types\/product"}],"replies":[{"embeddable":true,"href":"https:\/\/www.karl-wetzel.com\/it\/wp-json\/wp\/v2\/comments?post=11853"}],"wp:featuredmedia":[{"embeddable":true,"href":"https:\/\/www.karl-wetzel.com\/it\/wp-json\/wp\/v2\/media\/11856"}],"wp:attachment":[{"href":"https:\/\/www.karl-wetzel.com\/it\/wp-json\/wp\/v2\/media?parent=11853"}],"wp:term":[{"taxonomy":"product_brand","embeddable":true,"href":"https:\/\/www.karl-wetzel.com\/it\/wp-json\/wp\/v2\/product_brand?post=11853"},{"taxonomy":"product_cat","embeddable":true,"href":"https:\/\/www.karl-wetzel.com\/it\/wp-json\/wp\/v2\/product_cat?post=11853"},{"taxonomy":"product_tag","embeddable":true,"href":"https:\/\/www.karl-wetzel.com\/it\/wp-json\/wp\/v2\/product_tag?post=11853"}],"curies":[{"name":"wp","href":"https:\/\/api.w.org\/{rel}","templated":true}]}}