{"id":11795,"date":"2021-12-26T10:49:16","date_gmt":"2025-04-03T15:44:40","guid":{"rendered":"https:\/\/www.karl-wetzel.com\/produkt\/macchina-ad-armatura-speciale-re\/"},"modified":"2025-04-03T17:44:40","modified_gmt":"2025-04-03T15:44:40","slug":"macchina-ad-armatura-speciale-re","status":"publish","type":"product","link":"https:\/\/www.karl-wetzel.com\/it\/prodotto\/macchina-ad-armatura-speciale-re\/","title":{"rendered":"Macchina ad armatura speciale RE"},"content":{"rendered":"<p>Abbiamo completamente rivisto e riprogettato questa macchina. Tecnologia all&#8217;avanguardia con controllo <strong>SIEMENS S7-1200<\/strong> , sensore <strong>di rottura filo<\/strong> e <strong>servomotori<\/strong> di ultima generazione.<\/p>\n<p>L&#8217;avvolgitore d&#8217;indotto &#8220;Special R&#8221; \u00e8 una macchina universale per l&#8217;avvolgimento di indotti e bobine di ogni tipo. Grazie alla sua facilit\u00e0 d&#8217;uso e alla rapida adattabilit\u00e0 alle diverse dimensioni dell&#8217;indotto, la macchina \u00e8 adatta sia per l&#8217;avvolgimento singolo che per l&#8217;avvolgimento in serie di indotti.<\/p>\n<p>Il guidafilo si adatta facilmente e rapidamente al diametro dell&#8217;indotto e alla lunghezza del pacco d&#8217;indotto, anche per indotti con scanalature inclinate. Le piastre guidafilo poggiano sui bordi della fessura dell&#8217;indotto con la pressione della molla e mantengono in posizione l&#8217;isolamento della fessura. Le piastre guidafilo si aprono con un movimento del polso e l&#8217;armatura viene ruotata ulteriormente da una fessura all&#8217;altra.<\/p>\n<p>Il supporto dell&#8217;indotto nel controsupporto della macchina \u00e8 progettato per la regolazione assiale e radiale. La regolazione assiale \u00e8 data da una regolazione fine in modo che le piastre guidafilo possano essere posizionate esattamente sui bordi delle asole dell&#8217;indotto. Le diverse lunghezze degli assi di ancoraggio sono fissate tra le punte della staffa di ancoraggio. Gli ancoraggi possono essere prelevati con o senza centraggio dell&#8217;asse.<\/p>\n<p>Una staffa scorrevole copre il collettore dell&#8217;indotto per evitare danni all&#8217;isolamento del filo durante l&#8217;avvolgimento dell&#8217;indotto.<br \/>\n Il dispositivo di avvolgimento dell&#8217;indotto \u00e8 facilmente rimovibile. Le bobine dello statore, della forma, del magnete e del trasformatore, ecc. possono essere avvolte collegando vari dispositivi di avvolgimento, piastre frontali, mandrini di avvolgimento e mandrini.<\/p>\n<p>Il controller viene informato della velocit\u00e0, degli avvolgimenti e del senso di rotazione che si desidera produrre. Raggiunto il numero di giri impostato, si spegne automaticamente.<\/p>\n<p>Il contatore \u00e8 adatto per la rotazione a sinistra e a destra e quindi adatto anche ai mancini. Il controllo ottiene un avvio e un arresto lenti dell&#8217;albero di avvolgimento e un numero esatto di avvolgimenti. Un&#8217;interruzione del processo di avvolgimento pu\u00f2 essere ripresa in qualsiasi momento. L&#8217;azionamento \u00e8 fornito dalla pi\u00f9 recente tecnologia servo.<\/p>\n","protected":false},"excerpt":{"rendered":"<p>Abbiamo completamente rivisto e riprogettato questa macchina. Tecnologia all&#8217;avanguardia con controllo SIEMENS S7-1200 , sensore di rottura filo e servomotori di ultima generazione. L&#8217;avvolgitore d&#8217;indotto &#8220;Special R&#8221; \u00e8 una macchina universale per l&#8217;avvolgimento di indotti e bobine di ogni tipo. Grazie alla sua facilit\u00e0 d&#8217;uso e alla rapida adattabilit\u00e0 alle diverse dimensioni dell&#8217;indotto, la macchina &#8230; <a title=\"Macchina ad armatura speciale RE\" class=\"read-more\" href=\"https:\/\/www.karl-wetzel.com\/it\/prodotto\/macchina-ad-armatura-speciale-re\/\" aria-label=\"Per saperne di pi\u00f9 su Macchina ad armatura speciale RE\">Leggi tutto<\/a><\/p>\n","protected":false},"featured_media":11797,"comment_status":"closed","ping_status":"closed","template":"","meta":[],"product_brand":[],"product_cat":[286],"product_tag":[],"class_list":{"0":"post-11795","1":"product","2":"type-product","3":"status-publish","4":"has-post-thumbnail","6":"product_cat-01-avvolgimento","8":"first","9":"instock","10":"taxable","11":"shipping-taxable","12":"product-type-simple"},"_links":{"self":[{"href":"https:\/\/www.karl-wetzel.com\/it\/wp-json\/wp\/v2\/product\/11795","targetHints":{"allow":["GET"]}}],"collection":[{"href":"https:\/\/www.karl-wetzel.com\/it\/wp-json\/wp\/v2\/product"}],"about":[{"href":"https:\/\/www.karl-wetzel.com\/it\/wp-json\/wp\/v2\/types\/product"}],"replies":[{"embeddable":true,"href":"https:\/\/www.karl-wetzel.com\/it\/wp-json\/wp\/v2\/comments?post=11795"}],"wp:featuredmedia":[{"embeddable":true,"href":"https:\/\/www.karl-wetzel.com\/it\/wp-json\/wp\/v2\/media\/11797"}],"wp:attachment":[{"href":"https:\/\/www.karl-wetzel.com\/it\/wp-json\/wp\/v2\/media?parent=11795"}],"wp:term":[{"taxonomy":"product_brand","embeddable":true,"href":"https:\/\/www.karl-wetzel.com\/it\/wp-json\/wp\/v2\/product_brand?post=11795"},{"taxonomy":"product_cat","embeddable":true,"href":"https:\/\/www.karl-wetzel.com\/it\/wp-json\/wp\/v2\/product_cat?post=11795"},{"taxonomy":"product_tag","embeddable":true,"href":"https:\/\/www.karl-wetzel.com\/it\/wp-json\/wp\/v2\/product_tag?post=11795"}],"curies":[{"name":"wp","href":"https:\/\/api.w.org\/{rel}","templated":true}]}}