{"id":11735,"date":"2021-12-26T10:49:22","date_gmt":"2025-04-03T15:43:56","guid":{"rendered":"https:\/\/www.karl-wetzel.com\/produkt\/libro-tecnico-sulla-tecnologia-degli-avvolgimenti\/"},"modified":"2025-04-03T17:43:56","modified_gmt":"2025-04-03T15:43:56","slug":"libro-tecnico-sulla-tecnologia-degli-avvolgimenti","status":"publish","type":"product","link":"https:\/\/www.karl-wetzel.com\/it\/prodotto\/libro-tecnico-sulla-tecnologia-degli-avvolgimenti\/","title":{"rendered":"Libro tecnico sulla tecnologia degli avvolgimenti"},"content":{"rendered":"<p>Il manuale \u00e8 destinato principalmente al calcolatore, al tecnico di avvolgimento e all&#8217;avvolgitore. Il suo scopo \u00e8 quello di consentire una rapida selezione dell&#8217;avvolgimento pi\u00f9 adatto durante la progettazione o il riavvolgimento di motori elettrici.<br \/>\n Il libro contiene oltre 300 schemi di avvolgimento per tutti i tipi di motori elettrici e rappresenta la raccolta pi\u00f9 completa di schemi di avvolgimento. Una caratteristica innovativa \u00e8 che ogni schema di avvolgimento \u00e8 solitamente corredato dai relativi dati tecnici per garantirne il corretto utilizzo.<br \/>\n Alcuni degli schemi di avvolgimento mostrati sono poco noti nella letteratura tecnica.  Riflettono la pi\u00f9 recente tecnologia di avvolgimento per motori elettrici. A questo proposito, sono particolarmente degni di nota gli avvolgimenti senza circuito dei motori asincroni.<\/p>\n","protected":false},"excerpt":{"rendered":"<div id=\"Tabelle12LYR\">\n<p>&nbsp;<\/p>\n<\/div>\n<div id=\"Tabelle16LYR\"><\/div>\n","protected":false},"featured_media":11742,"comment_status":"open","ping_status":"closed","template":"","meta":[],"product_brand":[],"product_cat":[294],"product_tag":[],"class_list":{"0":"post-11735","1":"product","2":"type-product","3":"status-publish","4":"has-post-thumbnail","6":"product_cat-09-aids","8":"first","9":"instock","10":"taxable","11":"shipping-taxable","12":"product-type-simple"},"_links":{"self":[{"href":"https:\/\/www.karl-wetzel.com\/it\/wp-json\/wp\/v2\/product\/11735","targetHints":{"allow":["GET"]}}],"collection":[{"href":"https:\/\/www.karl-wetzel.com\/it\/wp-json\/wp\/v2\/product"}],"about":[{"href":"https:\/\/www.karl-wetzel.com\/it\/wp-json\/wp\/v2\/types\/product"}],"replies":[{"embeddable":true,"href":"https:\/\/www.karl-wetzel.com\/it\/wp-json\/wp\/v2\/comments?post=11735"}],"wp:featuredmedia":[{"embeddable":true,"href":"https:\/\/www.karl-wetzel.com\/it\/wp-json\/wp\/v2\/media\/11742"}],"wp:attachment":[{"href":"https:\/\/www.karl-wetzel.com\/it\/wp-json\/wp\/v2\/media?parent=11735"}],"wp:term":[{"taxonomy":"product_brand","embeddable":true,"href":"https:\/\/www.karl-wetzel.com\/it\/wp-json\/wp\/v2\/product_brand?post=11735"},{"taxonomy":"product_cat","embeddable":true,"href":"https:\/\/www.karl-wetzel.com\/it\/wp-json\/wp\/v2\/product_cat?post=11735"},{"taxonomy":"product_tag","embeddable":true,"href":"https:\/\/www.karl-wetzel.com\/it\/wp-json\/wp\/v2\/product_tag?post=11735"}],"curies":[{"name":"wp","href":"https:\/\/api.w.org\/{rel}","templated":true}]}}