{"id":11684,"date":"2025-04-03T17:43:12","date_gmt":"2025-04-03T15:43:12","guid":{"rendered":"https:\/\/www.karl-wetzel.com\/azienda\/codice-di-comportamento\/"},"modified":"2025-12-27T13:04:14","modified_gmt":"2025-12-27T12:04:14","slug":"codice-di-comportamento","status":"publish","type":"page","link":"https:\/\/www.karl-wetzel.com\/it\/azienda\/codice-di-comportamento\/","title":{"rendered":"Codice di comportamento"},"content":{"rendered":"\n<div class=\"wp-block-cover alignfull has-custom-content-position is-position-top-left\"><img loading=\"lazy\" decoding=\"async\" width=\"1600\" height=\"390\" class=\"wp-block-cover__image-background wp-image-13669 size-full\" alt=\"\" src=\"https:\/\/www.karl-wetzel.com\/wp-content\/uploads\/2025\/12\/kodex-1.jpeg\" data-object-fit=\"cover\" srcset=\"https:\/\/www.karl-wetzel.com\/wp-content\/uploads\/2025\/12\/kodex-1.jpeg 1600w, https:\/\/www.karl-wetzel.com\/wp-content\/uploads\/2025\/12\/kodex-1-300x73.jpeg 300w, https:\/\/www.karl-wetzel.com\/wp-content\/uploads\/2025\/12\/kodex-1-1024x250.jpeg 1024w, https:\/\/www.karl-wetzel.com\/wp-content\/uploads\/2025\/12\/kodex-1-768x187.jpeg 768w, https:\/\/www.karl-wetzel.com\/wp-content\/uploads\/2025\/12\/kodex-1-1536x374.jpeg 1536w, https:\/\/www.karl-wetzel.com\/wp-content\/uploads\/2025\/12\/kodex-1-600x146.jpeg 600w\" sizes=\"auto, (max-width: 1600px) 100vw, 1600px\" \/><span aria-hidden=\"true\" class=\"wp-block-cover__background has-background-dim-0 has-background-dim\" style=\"background-color:#161320\"><\/span><div class=\"wp-block-cover__inner-container is-layout-flow wp-block-cover-is-layout-flow\">\n<p class=\"has-medium-font-size\">Azienda\/Codice di condotta<\/p>\n<\/div><\/div>\n\n<div style=\"height:50px\" aria-hidden=\"true\" class=\"wp-block-spacer\"><\/div>\n\n<h2 class=\"wp-block-heading\">Principi del mercante onorevole<\/h2>\n\n<p>In quanto azienda con responsabilit\u00e0 sociale e obbligo verso clienti, fornitori e dipendenti, \u00e8 importante trovare punti di riferimento in un mondo in continua e rapida evoluzione.<\/p>\n\n<p>Per questo motivo abbiamo deciso di stabilire e applicare un codice di condotta in conformit\u00e0 con le leggi, gli standard e la condotta etica applicabili.  <\/p>\n\n<p>Questi principi, alla maniera di un commerciante onorevole, determinano le nostre azioni, decisioni e strategie per svolgere il nostro lavoro.<\/p>\n\n<h2 class=\"wp-block-heading\">i principi<\/h2>\n\n<p>Vogliamo osservare l&#8217;obbligo morale e sociale nei confronti delle persone e dei paesi con i quali intratteniamo rapporti commerciali. Perseguiamo pratiche commerciali pulite e riconosciute e una concorrenza leale. Per noi sono fuori questione la corruzione e le tangenti, come definite nella pertinente Convenzione ONU 1, nonch\u00e9 l&#8217;ingiusto guadagno personale ottenuto sfruttando la propria posizione all&#8217;interno dell&#8217;azienda.<\/p>\n\n<h2 class=\"wp-block-heading\">Ambiente e sostenibilit\u00e0<\/h2>\n\n<p>Siamo consapevoli della responsabilit\u00e0 che abbiamo nei confronti del nostro ambiente come azienda industriale manifatturiera. Ecco perch\u00e9 terremo sempre in considerazione la protezione della natura e dell&#8217;ambiente durante lo sviluppo, la produzione e lo smaltimento dei nostri prodotti e promuoveremo l&#8217;uso del risparmio delle risorse. La sicurezza sul lavoro, la salute e la protezione dell&#8217;ambiente sono per noi un obbligo.<\/p>\n\n<h2 class=\"wp-block-heading\">comunicazione<\/h2>\n\n<p>Ci impegniamo per una comunicazione aperta e collaborativa con tutti gli interlocutori come dipendenti, superiori, clienti, fornitori o autorit\u00e0 pubbliche.<\/p>\n\n<h2 class=\"wp-block-heading\">privacy<\/h2>\n\n<p>Le informazioni e le esperienze utilizzate in azienda non vengono sfruttate in modo dannoso. Manteniamo la massima riservatezza sui segreti aziendali e sulle informazioni commerciali. Documenti e dati sono conservati in modo appropriato.<\/p>\n\n<h2 class=\"wp-block-heading\">dipendenti<\/h2>\n\n<p>Rispettiamo i diritti e la dignit\u00e0 di ogni individuo. I diritti umani e la sicurezza sono vincolanti per noi in conformit\u00e0 con la Carta dei diritti umani delle Nazioni Unite. Dipendenti motivati, soddisfatti e ben formati sono la base per prodotti di successo.<\/p>\n\n<h2 class=\"wp-block-heading\">Consegna<\/h2>\n\n<p>Le nostre azioni si basano su aspetti di costo economico al fine di rimanere competitivi a lungo termine, con produzioni e servizi convenienti applicabili nel quadro delle nostre regole.<\/p>\n\n<h2 class=\"wp-block-heading\">clienti<\/h2>\n\n<p>Con le sue decisioni di acquisto, il cliente abilita le nostre attivit\u00e0 economiche. Con i nostri prodotti e servizi, esistiamo solo finch\u00e9 soddisfiamo le loro esigenze. Riconosciamo la soddisfazione dei nostri clienti come uno dei nostri criteri di qualit\u00e0 pi\u00f9 importanti e stiamo lavorando per raggiungere questo obiettivo.<\/p>\n\n<h2 class=\"wp-block-heading\">qualit\u00e0<\/h2>\n\n<p>La nostra azienda \u00e8 sinonimo di qualit\u00e0. Tutti noi vogliamo fare il nostro lavoro nel miglior modo possibile. I nostri prodotti e processi di lavoro dovrebbero sempre riflettere lo stato dell&#8217;arte attuale, in modo che l&#8217;idea di qualit\u00e0 sia integrata dalla creazione alla realizzazione fino alla consegna.<\/p>\n\n<h2 class=\"wp-block-heading\">Domande?<\/h2>\n\n<p>Hai domande o suggerimenti sui nostri prodotti o servizi?<\/p>\n\n<p>Allora contattaci, saremo felici di aiutarti!<\/p>\n","protected":false},"excerpt":{"rendered":"<p>Principi del mercante onorevole In quanto azienda con responsabilit\u00e0 sociale e obbligo verso clienti, fornitori e dipendenti, \u00e8 importante trovare punti di riferimento in un mondo in continua e rapida evoluzione. Per questo motivo abbiamo deciso di stabilire e applicare un codice di condotta in conformit\u00e0 con le leggi, gli standard e la condotta etica &#8230; <a title=\"Codice di comportamento\" class=\"read-more\" href=\"https:\/\/www.karl-wetzel.com\/it\/azienda\/codice-di-comportamento\/\" aria-label=\"Per saperne di pi\u00f9 su Codice di comportamento\">Leggi tutto<\/a><\/p>\n","protected":false},"author":1,"featured_media":0,"parent":11666,"menu_order":0,"comment_status":"closed","ping_status":"closed","template":"","meta":{"footnotes":""},"class_list":["post-11684","page","type-page","status-publish"],"_links":{"self":[{"href":"https:\/\/www.karl-wetzel.com\/it\/wp-json\/wp\/v2\/pages\/11684","targetHints":{"allow":["GET"]}}],"collection":[{"href":"https:\/\/www.karl-wetzel.com\/it\/wp-json\/wp\/v2\/pages"}],"about":[{"href":"https:\/\/www.karl-wetzel.com\/it\/wp-json\/wp\/v2\/types\/page"}],"author":[{"embeddable":true,"href":"https:\/\/www.karl-wetzel.com\/it\/wp-json\/wp\/v2\/users\/1"}],"replies":[{"embeddable":true,"href":"https:\/\/www.karl-wetzel.com\/it\/wp-json\/wp\/v2\/comments?post=11684"}],"version-history":[{"count":5,"href":"https:\/\/www.karl-wetzel.com\/it\/wp-json\/wp\/v2\/pages\/11684\/revisions"}],"predecessor-version":[{"id":13689,"href":"https:\/\/www.karl-wetzel.com\/it\/wp-json\/wp\/v2\/pages\/11684\/revisions\/13689"}],"up":[{"embeddable":true,"href":"https:\/\/www.karl-wetzel.com\/it\/wp-json\/wp\/v2\/pages\/11666"}],"wp:attachment":[{"href":"https:\/\/www.karl-wetzel.com\/it\/wp-json\/wp\/v2\/media?parent=11684"}],"curies":[{"name":"wp","href":"https:\/\/api.w.org\/{rel}","templated":true}]}}