{"id":6111,"date":"2021-12-26T10:49:15","date_gmt":"2022-01-16T14:46:29","guid":{"rendered":"https:\/\/www.karl-wetzel.com\/produkt\/bobinoir-manuel-rapid\/"},"modified":"2022-11-03T09:27:26","modified_gmt":"2022-11-03T08:27:26","slug":"machine-a-remonter-a-la-main-rapide","status":"publish","type":"product","link":"https:\/\/www.karl-wetzel.com\/fr\/produit\/machine-a-remonter-a-la-main-rapide\/","title":{"rendered":"Machine \u00e0 main Rapide"},"content":{"rendered":"<p>Le bobinoir manuel Rapid est particuli\u00e8rement adapt\u00e9 aux centres de formation et \u00e9coles professionnelles. Un mandrin de per\u00e7age se trouve sur l&rsquo;arbre d&rsquo;entra\u00eenement, avec lequel des mandrins d&rsquo;enroulement et des boulons de serrage d&rsquo;un diam\u00e8tre allant jusqu&rsquo;\u00e0 13 mm peuvent \u00eatre log\u00e9s.<\/p>\n<p>Le compteur d&rsquo;enroulement \u00e0 5 chiffres est con\u00e7u pour une rotation dans le sens des aiguilles d&rsquo;une montre, mais compte \u00e9galement \u00e0 rebours et dispose d&rsquo;un levier de mise \u00e0 z\u00e9ro.<\/p>\n<p>En ajustant la position de la manivelle, des rapports d&rsquo;enroulement de 1:2 et 1:3,7 peuvent \u00eatre atteints.<\/p>\n","protected":false},"excerpt":{"rendered":"<div id=\"Text50LYR\" class=\"TextObject\">\n<h2><a href=\"https:\/\/www.karl-wetzel.com\/wp-content\/uploads\/2020\/04\/Rapid-DE.pdf\" target=\"_blank\" rel=\"noopener\">Description du produit DE\/GB\/FR\/ES<\/a><\/h2>\n<p>Rapide sans anti-retour 1.015.00<br \/>\nRapide avec antid\u00e9vireur 1.015.05<\/p>\n<h2>\u00c9quipement:<\/h2>\n<\/div>\n<div id=\"Tabelle5LYR\">\n<table id=\"Tabelle5\" border=\"1\">\n<tbody>\n<tr>\n<td id=\"Zelle76\">la d\u00e9signation<\/td>\n<td id=\"Zelle77\">Num\u00e9ro d&rsquo;article<\/td>\n<\/tr>\n<tr>\n<td id=\"Zelle78\">Mandrin de bobinage M6 x 150<\/td>\n<td id=\"Zelle79\">1.015.10<\/td>\n<\/tr>\n<tr>\n<td id=\"Zelle80\">Mandrin de bobinage M8 x 150<\/td>\n<td id=\"Zelle81\">1.015.13<\/td>\n<\/tr>\n<tr>\n<td id=\"Zelle82\">Mandrin de bobinage M10 x 150<\/td>\n<td id=\"Zelle83\">1.015.16<\/td>\n<\/tr>\n<tr>\n<td id=\"Zelle84\">Mandrin de bobinage M12 x 150<\/td>\n<td id=\"Zelle85\">1.015.17<\/td>\n<\/tr>\n<tr>\n<td id=\"Zelle86\">Plaque de serrage 150 x 150<\/td>\n<td id=\"Zelle87\">1.015.50<\/td>\n<\/tr>\n<tr>\n<td id=\"Zelle88\">Plaque de serrage 300 x 300<\/td>\n<td id=\"Zelle89\">1.015.60<\/td>\n<\/tr>\n<tr>\n<td id=\"Zelle90\">Manchon interm\u00e9diaire pour \u00ab\u00a0universel\u00a0\u00bb<\/td>\n<td id=\"Zelle91\">1.015.30<\/td>\n<\/tr>\n<tr>\n<td id=\"Zelle92\">Remontoir \u00ab\u00a0Universel\u00a0\u00bb<\/td>\n<td id=\"Zelle93\">2.018.10<\/td>\n<\/tr>\n<tr>\n<td id=\"Zelle94\">Bo\u00eete interm\u00e9diaire pour \u00ab\u00a0petit progr\u00e8s\u00a0\u00bb<\/td>\n<td id=\"Zelle95\">1.015.35<\/td>\n<\/tr>\n<tr>\n<td id=\"Zelle96\">Remontoir \u00ab\u00a0Progress Small\u00a0\u00bb<\/td>\n<td id=\"Zelle97\">2.042.00<\/td>\n<\/tr>\n<\/tbody>\n<\/table>\n<\/div>\n","protected":false},"featured_media":2511,"comment_status":"open","ping_status":"closed","template":"","meta":[],"product_brand":[],"product_cat":[136],"product_tag":[],"class_list":{"0":"post-6111","1":"product","2":"type-product","3":"status-publish","4":"has-post-thumbnail","6":"product_cat-enveloppement","8":"first","9":"instock","10":"taxable","11":"shipping-taxable","12":"product-type-variable"},"_links":{"self":[{"href":"https:\/\/www.karl-wetzel.com\/fr\/wp-json\/wp\/v2\/product\/6111","targetHints":{"allow":["GET"]}}],"collection":[{"href":"https:\/\/www.karl-wetzel.com\/fr\/wp-json\/wp\/v2\/product"}],"about":[{"href":"https:\/\/www.karl-wetzel.com\/fr\/wp-json\/wp\/v2\/types\/product"}],"replies":[{"embeddable":true,"href":"https:\/\/www.karl-wetzel.com\/fr\/wp-json\/wp\/v2\/comments?post=6111"}],"wp:featuredmedia":[{"embeddable":true,"href":"https:\/\/www.karl-wetzel.com\/fr\/wp-json\/wp\/v2\/media\/2511"}],"wp:attachment":[{"href":"https:\/\/www.karl-wetzel.com\/fr\/wp-json\/wp\/v2\/media?parent=6111"}],"wp:term":[{"taxonomy":"product_brand","embeddable":true,"href":"https:\/\/www.karl-wetzel.com\/fr\/wp-json\/wp\/v2\/product_brand?post=6111"},{"taxonomy":"product_cat","embeddable":true,"href":"https:\/\/www.karl-wetzel.com\/fr\/wp-json\/wp\/v2\/product_cat?post=6111"},{"taxonomy":"product_tag","embeddable":true,"href":"https:\/\/www.karl-wetzel.com\/fr\/wp-json\/wp\/v2\/product_tag?post=6111"}],"curies":[{"name":"wp","href":"https:\/\/api.w.org\/{rel}","templated":true}]}}