{"id":6031,"date":"2021-12-26T10:49:16","date_gmt":"2022-01-16T14:44:36","guid":{"rendered":"https:\/\/www.karl-wetzel.com\/produkt\/enrouleur-universel\/"},"modified":"2025-05-05T12:39:18","modified_gmt":"2025-05-05T10:39:18","slug":"dispositif-denroulement-universel","status":"publish","type":"product","link":"https:\/\/www.karl-wetzel.com\/fr\/produit\/dispositif-denroulement-universel\/","title":{"rendered":"Enrouleur universel"},"content":{"rendered":"<p>&nbsp;<\/p>\n<table id=\"Tabelle9\" border=\"1\">\n<tbody>\n<tr>\n<td id=\"Zelle286\" rowspan=\"2\"><strong>Taille<\/strong><\/td>\n<td id=\"Zelle287\" rowspan=\"2\"><strong>Nombre de niveaux<\/strong><\/td>\n<td id=\"Zelle288\" rowspan=\"2\"><strong>Mesures<\/strong><\/td>\n<td id=\"Zelle289\" rowspan=\"2\"><strong>Mesures<\/strong><\/td>\n<td id=\"Zelle290\" colspan=\"2\"><strong>Circonf\u00e9rence [mm]<\/strong><\/td>\n<\/tr>\n<tr>\n<td id=\"Zelle297\"><strong>Barre 330<\/strong><\/td>\n<td id=\"Zelle298\"><strong>Faisceau 530<\/strong><\/td>\n<\/tr>\n<tr>\n<td id=\"Zelle300\" style=\"text-align: center;\">0<\/td>\n<td id=\"Zelle301\">4 in\u00e9gal<\/td>\n<td id=\"Zelle302\">10<\/td>\n<td id=\"Zelle303\">21, 28, 35, 43<br \/>\n fermement<\/td>\n<td id=\"Zelle304\">130 &#8211; 500<\/td>\n<td id=\"Zelle305\">130 &#8211; 900<\/td>\n<\/tr>\n<tr>\n<td id=\"Zelle307\" style=\"text-align: center;\">1<\/td>\n<td id=\"Zelle308\">4 \u00e9galement<\/td>\n<td id=\"Zelle309\">10<\/td>\n<td id=\"Zelle310\">45<br \/>\n fermement<\/td>\n<td id=\"Zelle311\">225 &#8211; 620<\/td>\n<td id=\"Zelle312\">225 &#8211; 1000<\/td>\n<\/tr>\n<tr>\n<td id=\"Zelle314\" style=\"text-align: center;\">2<\/td>\n<td id=\"Zelle315\">6 in\u00e9gal<\/td>\n<td id=\"Zelle316\">10<\/td>\n<td id=\"Zelle317\">35, 45, 55, 66, 78, 90<br \/>\n fermement<\/td>\n<td id=\"Zelle318\">200 &#8211; 850<\/td>\n<td id=\"Zelle319\">200 &#8211; 1210<\/td>\n<\/tr>\n<tr>\n<td id=\"Zelle321\" style=\"text-align: center;\">UNE<\/td>\n<td id=\"Zelle322\">4 \u00e9galement<\/td>\n<td id=\"Zelle323\">15<\/td>\n<td id=\"Zelle324\">55 &#8211; 225<br \/>\n r\u00e9glable<\/td>\n<td id=\"Zelle325\">250 &#8211; 950<\/td>\n<td id=\"Zelle326\">250 &#8211; 1320<\/td>\n<\/tr>\n<tr>\n<td id=\"Zelle328\" style=\"text-align: center;\">B.<\/td>\n<td id=\"Zelle329\">4 \u00e9galement<\/td>\n<td id=\"Zelle330\">25<\/td>\n<td id=\"Zelle331\">90 &#8211; 340<br \/>\n r\u00e9glable<\/td>\n<td id=\"Zelle332\">400 &#8211; 1000<\/td>\n<td id=\"Zelle333\">400 &#8211; 1400<\/td>\n<\/tr>\n<tr>\n<td id=\"Zelle335\" style=\"text-align: center;\">C.<\/td>\n<td id=\"Zelle336\">4 in\u00e9gal<\/td>\n<td id=\"Zelle337\">15<\/td>\n<td id=\"Zelle338\">Niveau 1&nbsp;: 55 &#8211; 215<br \/>\n Niveau 2&nbsp;: 70 &#8211; 230<br \/>\n Niveau 3&nbsp;: 90 &#8211; 250<br \/>\n Niveau 4&nbsp;: 115 &#8211; 275<\/td>\n<td id=\"Zelle339\">300 &#8211; 1200<\/td>\n<td id=\"Zelle340\">300 &#8211; 1560<\/td>\n<\/tr>\n<tr>\n<td id=\"Zelle342\" style=\"text-align: center;\">R\u00c9.<\/td>\n<td id=\"Zelle343\">4 in\u00e9gal<\/td>\n<td id=\"Zelle344\">25<\/td>\n<td id=\"Zelle345\">Niveau 1&nbsp;: 70 &#8211; 230<br \/>\n Niveau 2&nbsp;: 90 &#8211; 240<br \/>\n Niveau 3&nbsp;: 120 &#8211; 270<br \/>\n Niveau 4&nbsp;: 150 &#8211; 300<\/td>\n<td id=\"Zelle346\">360 &#8211; 1260<\/td>\n<td id=\"Zelle347\">360 &#8211; 1650<\/td>\n<\/tr>\n<tr>\n<td id=\"Zelle349\" style=\"text-align: center;\">0<\/td>\n<td id=\"Zelle350\">6 in\u00e9gal<\/td>\n<td id=\"Zelle351\">10<\/td>\n<td id=\"Zelle352\">21, 28, 35, 43, 50, 58<br \/>\n fermement<\/td>\n<td id=\"Zelle353\">130 &#8211; 600<\/td>\n<td id=\"Zelle354\">130 &#8211; 1000<\/td>\n<\/tr>\n<tr>\n<td id=\"Zelle356\" style=\"text-align: center;\">1<\/td>\n<td id=\"Zelle357\">6 \u00e9galement<\/td>\n<td id=\"Zelle358\">10<\/td>\n<td id=\"Zelle359\">45<br \/>\n fermement<\/td>\n<td id=\"Zelle360\">225 &#8211; 620<\/td>\n<td id=\"Zelle361\">225 &#8211; 1000<\/td>\n<\/tr>\n<tr>\n<td id=\"Zelle363\" style=\"text-align: center;\">UNE<\/td>\n<td id=\"Zelle364\">6 \u00e9galement<\/td>\n<td id=\"Zelle365\">15<\/td>\n<td id=\"Zelle366\">55 &#8211; 225<br \/>\n r\u00e9glable<\/td>\n<td id=\"Zelle367\">250 &#8211; 950<\/td>\n<td id=\"Zelle368\">250 &#8211; 1320<\/td>\n<\/tr>\n<tr>\n<td id=\"Zelle370\" style=\"text-align: center;\">B.<\/td>\n<td id=\"Zelle371\">6 \u00e9galement<\/td>\n<td id=\"Zelle372\">25<\/td>\n<td id=\"Zelle373\">90 &#8211; 340<br \/>\n r\u00e9glable<\/td>\n<td id=\"Zelle374\">400 &#8211; 1000<\/td>\n<td id=\"Zelle375\">400 &#8211; 1400<\/td>\n<\/tr>\n<tr>\n<td id=\"Zelle377\" style=\"text-align: center;\">C.<\/td>\n<td id=\"Zelle378\">6 in\u00e9gal<\/td>\n<td id=\"Zelle379\">15<\/td>\n<td id=\"Zelle380\">Niveau 1&nbsp;: 55 &#8211; 215<br \/>\n Niveau 2&nbsp;: 70 &#8211; 230<br \/>\n Niveau 3&nbsp;: 90 &#8211; 250<br \/>\n Niveau 4&nbsp;: 115 &#8211; 275<br \/>\n Niveau 5&nbsp;: 140 &#8211; 300<br \/>\n Niveau 6&nbsp;: 160 &#8211; 325<\/td>\n<td id=\"Zelle381\">300 &#8211; 1400<\/td>\n<td id=\"Zelle382\">300 &#8211; 1750<\/td>\n<\/tr>\n<tr>\n<td id=\"Zelle384\" style=\"text-align: center;\">R\u00c9.<\/td>\n<td id=\"Zelle385\">6 in\u00e9gal<\/td>\n<td id=\"Zelle386\">25<\/td>\n<td id=\"Zelle387\">Niveau 1&nbsp;: 70 &#8211; 230<br \/>\n Niveau 2&nbsp;: 90 &#8211; 240<br \/>\n Niveau 3&nbsp;: 120 &#8211; 270<br \/>\n Niveau 4&nbsp;: 150 &#8211; 300<br \/>\n Niveau 5&nbsp;: 180 &#8211; 330<br \/>\n Niveau 6&nbsp;: 210 &#8211; 360<\/td>\n<td id=\"Zelle388\">360 &#8211; 1500<\/td>\n<td id=\"Zelle389\">360 &#8211; 1900<\/td>\n<\/tr>\n<\/tbody>\n<\/table>\n<p>Le dispositif de bobinage \u00ab\u00a0Universal\u00a0\u00bb convient \u00e0 la production de bobines d&rsquo;entretien de largeurs \u00e9gales et in\u00e9gales pour moteurs triphas\u00e9s et \u00e0 courant alternatif, ainsi que de bobines d&rsquo;induit \u00e0 courant continu sans d\u00e9calage. La conception est bas\u00e9e sur des d\u00e9cennies d&rsquo;exp\u00e9rience pratique en atelier.<\/p>\n<p>Des conceptions sp\u00e9ciales sont possibles !<\/p>\n","protected":false},"excerpt":{"rendered":"<p>Le dispositif de bobinage \u00ab\u00a0Universal\u00a0\u00bb convient \u00e0 la production de bobines d&rsquo;entretien de largeurs \u00e9gales et in\u00e9gales pour moteurs triphas\u00e9s et \u00e0 courant alternatif, ainsi que de bobines d&rsquo;induit \u00e0 courant continu sans d\u00e9calage. La conception est bas\u00e9e sur des d\u00e9cennies d&rsquo;exp\u00e9rience pratique en atelier.<\/p>\n<table width=\"351\">\n<tbody>\n<tr>\n<td width=\"191\">Dispositif d&rsquo;enroulement universel<\/td>\n<td width=\"80\">4 \u00e9tapes<\/td>\n<td width=\"80\">6 \u00e9tapes<\/td>\n<\/tr>\n<tr>\n<td>Dispositif de remontage complet :<\/td>\n<td>2.018.10<\/td>\n<td>2.018.20<\/td>\n<\/tr>\n<tr>\n<td>1 poutre de serrage 330 mm<\/td>\n<td>2.019.10<\/td>\n<td>2.019.10<\/td>\n<\/tr>\n<tr>\n<td>1 poutre de serrage 530 mm<\/td>\n<td>2.019.20<\/td>\n<td>2.019.20<\/td>\n<\/tr>\n<tr>\n<td>1 poutre de serrage 730 mm<\/td>\n<td>2.019.30<\/td>\n<td>2.019.30<\/td>\n<\/tr>\n<tr>\n<td>1 paire de traverses 270 mm<\/td>\n<td>2.020.10<\/td>\n<td>2.020.10<\/td>\n<\/tr>\n<tr>\n<td>1 paire de traverses 400 mm<\/td>\n<td>2.020.20<\/td>\n<td>2.020.20<\/td>\n<\/tr>\n<tr>\n<td>1 mod\u00e8le d&#8217;emballage n\u00b0 0<\/td>\n<td>2.022.10<\/td>\n<td>2 022 40<\/td>\n<\/tr>\n<tr>\n<td>1 mod\u00e8le d&#8217;emballage n\u00b0 1<\/td>\n<td>2.022.20<\/td>\n<td>2 022,50<\/td>\n<\/tr>\n<tr>\n<td>1 mod\u00e8le d&#8217;emballage n\u00b0 2<\/td>\n<td>2 022 30<\/td>\n<td>2 022,60<\/td>\n<\/tr>\n<tr>\n<td>1 gabarit d&#8217;emballage n\u00b0 A<\/td>\n<td>2.024.10<\/td>\n<td>2 024,50<\/td>\n<\/tr>\n<tr>\n<td>1 mod\u00e8le d&#8217;emballage n\u00b0 B<\/td>\n<td>2 024 20<\/td>\n<td>2 024,60<\/td>\n<\/tr>\n<tr>\n<td>1 mod\u00e8le d&#8217;emballage n\u00b0 C<\/td>\n<td>2 024 30<\/td>\n<td>2 024,70<\/td>\n<\/tr>\n<tr>\n<td>1 mod\u00e8le d&#8217;emballage n\u00b0 D<\/td>\n<td>2 024 40<\/td>\n<td>2 024,80<\/td>\n<\/tr>\n<\/tbody>\n<\/table>\n<p><strong>Autres mod\u00e8les appropri\u00e9s&nbsp;:<\/strong><\/p>\n<table id=\"Tabelle8\" border=\"1\">\n<tbody>\n<tr>\n<td id=\"Zelle282\">1 gabarit d&rsquo;enroulement UW 12\/10\/2<\/td>\n<td id=\"Zelle283\">2 030,00<\/td>\n<\/tr>\n<tr>\n<td id=\"Zelle282\">1 gabarit d&rsquo;enroulement UW 10\/12\/2<\/td>\n<td id=\"Zelle283\">2.030.10<\/td>\n<\/tr>\n<tr>\n<td id=\"Zelle282\">1 gabarit d&rsquo;enroulement UW 15\/08\/2020<\/td>\n<td id=\"Zelle283\">2.030.20<\/td>\n<\/tr>\n<tr>\n<td id=\"Zelle282\">1 gabarit d&rsquo;enroulement UW 06\/10\/2<\/td>\n<td id=\"Zelle283\">2 030 30<\/td>\n<\/tr>\n<tr>\n<td id=\"Zelle282\">1 gabarit d&rsquo;enroulement UW 15\/06\/2<\/td>\n<td id=\"Zelle283\">2 030 40<\/td>\n<\/tr>\n<tr>\n<td id=\"Zelle282\">1 gabarit d&rsquo;enroulement UW 15\/06\/4<\/td>\n<td id=\"Zelle283\">2 030 500<\/td>\n<\/tr>\n<tr>\n<td id=\"Zelle282\">1 gabarit d&rsquo;enroulement UW 04\/20\/4<\/td>\n<td id=\"Zelle283\">2 030 60<\/td>\n<\/tr>\n<\/tbody>\n<\/table>\n<p>&nbsp;<\/p>\n<p>Des versions sp\u00e9ciales sont possibles<\/p>\n<p>&nbsp;<\/p>\n","protected":false},"featured_media":2520,"comment_status":"closed","ping_status":"closed","template":"","meta":[],"product_brand":[],"product_cat":[139],"product_tag":[],"class_list":{"0":"post-6031","1":"product","2":"type-product","3":"status-publish","4":"has-post-thumbnail","6":"product_cat-tetes","8":"first","9":"instock","10":"taxable","11":"shipping-taxable","12":"product-type-variable"},"_links":{"self":[{"href":"https:\/\/www.karl-wetzel.com\/fr\/wp-json\/wp\/v2\/product\/6031","targetHints":{"allow":["GET"]}}],"collection":[{"href":"https:\/\/www.karl-wetzel.com\/fr\/wp-json\/wp\/v2\/product"}],"about":[{"href":"https:\/\/www.karl-wetzel.com\/fr\/wp-json\/wp\/v2\/types\/product"}],"replies":[{"embeddable":true,"href":"https:\/\/www.karl-wetzel.com\/fr\/wp-json\/wp\/v2\/comments?post=6031"}],"wp:featuredmedia":[{"embeddable":true,"href":"https:\/\/www.karl-wetzel.com\/fr\/wp-json\/wp\/v2\/media\/2520"}],"wp:attachment":[{"href":"https:\/\/www.karl-wetzel.com\/fr\/wp-json\/wp\/v2\/media?parent=6031"}],"wp:term":[{"taxonomy":"product_brand","embeddable":true,"href":"https:\/\/www.karl-wetzel.com\/fr\/wp-json\/wp\/v2\/product_brand?post=6031"},{"taxonomy":"product_cat","embeddable":true,"href":"https:\/\/www.karl-wetzel.com\/fr\/wp-json\/wp\/v2\/product_cat?post=6031"},{"taxonomy":"product_tag","embeddable":true,"href":"https:\/\/www.karl-wetzel.com\/fr\/wp-json\/wp\/v2\/product_tag?post=6031"}],"curies":[{"name":"wp","href":"https:\/\/api.w.org\/{rel}","templated":true}]}}