{"id":5998,"date":"2021-12-26T10:49:16","date_gmt":"2021-12-26T09:49:16","guid":{"rendered":"https:\/\/www.karl-wetzel.com\/produkt\/bobinoir-standard\/"},"modified":"2025-10-28T15:53:50","modified_gmt":"2025-10-28T14:53:50","slug":"bobineuse-standard","status":"publish","type":"product","link":"https:\/\/www.karl-wetzel.com\/fr\/produit\/bobineuse-standard\/","title":{"rendered":"Norme de machine \u00e0 bobines"},"content":{"rendered":"<p>Le bobinoir \u00ab\u00a0Standard\u00a0\u00bb est particuli\u00e8rement adapt\u00e9 aux gros travaux de bobinage. Les bobines de disque et cylindriques peuvent \u00e9galement \u00eatre enroul\u00e9es lors de l&rsquo;utilisation d&rsquo;une plaque frontale ou de mandrins.<\/p>\n<p>Le bobinoir est r\u00e9glable en continu d&rsquo;environ 3 \u00e0 350 tr\/min ou d&rsquo;environ 6 \u00e0 700 tr\/min. Le couple est suffisant pour tous les fils ronds et profil\u00e9s courants jusqu&rsquo;\u00e0 environ Section de 10 mm, selon les dimensions.<\/p>\n<p>Une fois le nombre de tours d\u00e9fini atteint, il s&rsquo;\u00e9teint automatiquement. Le compteur peut \u00eatre commut\u00e9 pour une rotation \u00e0 gauche et \u00e0 droite. Le processus d&rsquo;enroulement peut \u00eatre interrompu avec la p\u00e9dale.<\/p>\n<p>Tous nos dispositifs d&rsquo;enroulement s&rsquo;adaptent sur cette bobineuse, et les dispositifs d&rsquo;enroulement et d&rsquo;extension avec une longueur \u00e9tir\u00e9e de 500 mm, 700 mm et 1000 mm peuvent \u00e9galement \u00eatre fix\u00e9s.<\/p>\n","protected":false},"excerpt":{"rendered":"<p><span style=\"color: #ff0000;\"><a style=\"color: #ff0000;\" href=\"https:\/\/www.youtube.com\/playlist?list=PLga7aj3HB7vtme4pZ2J088yz3Vrl2xFDn\" target=\"_blank\" rel=\"noopener\">Ici vous pouvez voir nos vid\u00e9os sur la machine<\/a><\/span><\/p>\n","protected":false},"featured_media":2523,"comment_status":"closed","ping_status":"closed","template":"","meta":[],"product_brand":[],"product_cat":[136],"product_tag":[],"class_list":{"0":"post-5998","1":"product","2":"type-product","3":"status-publish","4":"has-post-thumbnail","6":"product_cat-enveloppement","8":"first","9":"instock","10":"taxable","11":"shipping-taxable","12":"product-type-variable"},"_links":{"self":[{"href":"https:\/\/www.karl-wetzel.com\/fr\/wp-json\/wp\/v2\/product\/5998","targetHints":{"allow":["GET"]}}],"collection":[{"href":"https:\/\/www.karl-wetzel.com\/fr\/wp-json\/wp\/v2\/product"}],"about":[{"href":"https:\/\/www.karl-wetzel.com\/fr\/wp-json\/wp\/v2\/types\/product"}],"replies":[{"embeddable":true,"href":"https:\/\/www.karl-wetzel.com\/fr\/wp-json\/wp\/v2\/comments?post=5998"}],"wp:featuredmedia":[{"embeddable":true,"href":"https:\/\/www.karl-wetzel.com\/fr\/wp-json\/wp\/v2\/media\/2523"}],"wp:attachment":[{"href":"https:\/\/www.karl-wetzel.com\/fr\/wp-json\/wp\/v2\/media?parent=5998"}],"wp:term":[{"taxonomy":"product_brand","embeddable":true,"href":"https:\/\/www.karl-wetzel.com\/fr\/wp-json\/wp\/v2\/product_brand?post=5998"},{"taxonomy":"product_cat","embeddable":true,"href":"https:\/\/www.karl-wetzel.com\/fr\/wp-json\/wp\/v2\/product_cat?post=5998"},{"taxonomy":"product_tag","embeddable":true,"href":"https:\/\/www.karl-wetzel.com\/fr\/wp-json\/wp\/v2\/product_tag?post=5998"}],"curies":[{"name":"wp","href":"https:\/\/api.w.org\/{rel}","templated":true}]}}