{"id":5940,"date":"2021-12-26T10:49:17","date_gmt":"2021-12-26T09:49:17","guid":{"rendered":"https:\/\/www.karl-wetzel.com\/produkt\/systemes-darrosage\/"},"modified":"2026-01-09T15:48:59","modified_gmt":"2026-01-09T14:48:59","slug":"systemes-darrosage","status":"publish","type":"product","link":"https:\/\/www.karl-wetzel.com\/fr\/produit\/systemes-darrosage\/","title":{"rendered":"Solution d&rsquo;impr\u00e9gnation"},"content":{"rendered":"<p>Nous avons revu notre syst\u00e8me de trempage et d&rsquo;impr\u00e9gnation en 2021 et l&rsquo;avons coordonn\u00e9 en CAO 3D. Il a \u00e9t\u00e9 sp\u00e9cialement con\u00e7u pour <strong>les ateliers de r\u00e9paration de machines \u00e9lectriques<\/strong> , les ateliers de <strong>formation<\/strong> , <strong>les \u00e9coles professionnelles<\/strong> et pour la <strong>recherche et le d\u00e9veloppement<\/strong> .<\/p>\n<p>Ces syst\u00e8mes simples et robustes ne n\u00e9cessitent aucune maintenance. Un \u00e9paississement de l&rsquo;agent d&rsquo;impr\u00e9gnation est emp\u00each\u00e9 par un couvercle de fermeture \u00e9tanche ou une vanne de vidange.<\/p>\n<p><strong>Avantages:<\/strong><\/p>\n<ul>\n<li>Une plaque perfor\u00e9e amovible emp\u00eache les petites pi\u00e8ces de tomber dans le r\u00e9servoir de stockage de peinture.<\/li>\n<li>Grille amovible avec entretoises mobiles pour placer les pi\u00e8ces \u00e0 impr\u00e9gner.<\/li>\n<li>Vanne d&rsquo;arr\u00eat avec zone de stockage et d&rsquo;abreuvement s\u00e9par\u00e9e herm\u00e9tique.<\/li>\n<li>Un trop-plein int\u00e9gr\u00e9 emp\u00eache le vernis d&rsquo;impr\u00e9gnation de s&rsquo;\u00e9puiser<\/li>\n<li>La pompe s&rsquo;arr\u00eate automatiquement lorsque le niveau dans la zone d&rsquo;abreuvement est atteint.<\/li>\n<li>Indicateur de niveau et acc\u00e8s de maintenance.<\/li>\n<li>Un \u00e9paississement de l&rsquo;agent d&rsquo;impr\u00e9gnation est emp\u00each\u00e9 par un couvercle herm\u00e9tique.<\/li>\n<li>Les syst\u00e8mes conviennent \u00e0 la plong\u00e9e, au trempage et au rin\u00e7age.<\/li>\n<\/ul>\n<p><strong>Variantes&nbsp;:<\/strong><\/p>\n<ul>\n<li>Manuel : Ces syst\u00e8mes sont actionn\u00e9s manuellement depuis le niveau de remplissage, sont particuli\u00e8rement robustes et ne n\u00e9cessitent que le raccordement \u00e9lectrique de la pompe.<\/li>\n<li>Auto : Ces syst\u00e8mes sont \u00e9quip\u00e9s d&rsquo;une pompe \u00e9lectrique \u00e0 remplissage automatique<\/li>\n<li>Nos syst\u00e8mes sont disponibles en carr\u00e9, rectangulaire, octogonal et rond.<\/li>\n<li>Hauteur norme standard 780 mm<\/li>\n<\/ul>\n<p><strong>Tailles standards&nbsp;:<\/strong><\/p>\n<p>350 litres \/ 600 x 800 mm \/ 780 mm de hauteur \/ manuel \/ (hauteur de remplissage standard 200 mm)<\/p>\n<p>600 litres \/ 900 x 900 mm \/ 1170 mm de hauteur \/ automatique \/ (hauteur de remplissage standard 300 mm)<\/p>\n<p>1100 litres \/ 1200 x 1200 mm \/ 1170 mm de hauteur \/ automatique \/ (hauteur de remplissage standard 300 mm)<\/p>\n<p>1700 litres \/ 1500 x 1500 \/ 1170 mm de hauteur \/ automatique \/ (hauteur de remplissage standard 300 mm)<\/p>\n<p>Diff\u00e9rentes tailles \u00e0 tout moment sur demande !<\/p>\n<p><strong>Guide de d\u00e9marrage rapide:<\/strong><\/p>\n<p>L&rsquo;espace de travail est rempli manuellement ou automatiquement avec l&rsquo;agent d&rsquo;impr\u00e9gnation. Maintenant, le vernis isolant peut \u00eatre ins\u00e9r\u00e9, saupoudr\u00e9 ou appliqu\u00e9 autrement. Par mesure de s\u00e9curit\u00e9, un syst\u00e8me de protection contre les d\u00e9bordements est int\u00e9gr\u00e9 afin d&#8217;emp\u00eacher les fuites du vernis d&rsquo;impr\u00e9gnation. Apr\u00e8s la fin des travaux, la peinture est vidang\u00e9e dans le local de stockage ferm\u00e9 ou le couvercle est ferm\u00e9 herm\u00e9tiquement.<\/p>\n<p><strong>Conception \u00e9lectrique&nbsp;:<\/strong><\/p>\n<p>\u00c9quipement standard :<br \/>\n 3 x 400 V, 50 Hz<br \/>\n Caillebotis galvanis\u00e9 avec renforts<br \/>\n Sch\u00e9ma de peinture standard : bleu \/ jaune<\/p>\n","protected":false},"excerpt":{"rendered":"<p><strong>Syst\u00e8mes de trempage &#8211; syst\u00e8me d&rsquo;impr\u00e9gnation :<\/strong><\/p>\n<table>\n<tbody>\n<tr>\n<td><\/td>\n<td><strong>6080M<\/strong><\/td>\n<td><strong>9090A<\/strong><\/td>\n<td><strong>1212A<\/strong><\/td>\n<td><strong>1515A<\/strong><\/td>\n<\/tr>\n<tr>\n<td>Dimension:<\/td>\n<td>60 x 80 cm<\/td>\n<td>90 x 90 cm<\/td>\n<td>120 x 120 cm<\/td>\n<td>150 x 150 cm<\/td>\n<\/tr>\n<tr>\n<td>Quantit\u00e9 \u00e0 remplir :<\/td>\n<td>350 l<\/td>\n<td>600 l<\/td>\n<td>1100 l<\/td>\n<td>1700 l<\/td>\n<\/tr>\n<tr>\n<td>Capacit\u00e9 de charge :<\/td>\n<td>1000 kg<\/td>\n<td>1500 kg<\/td>\n<td>2000 kg<\/td>\n<td>2000 kg<\/td>\n<\/tr>\n<tr>\n<td>Performance :<\/td>\n<td>0,37 kW<\/td>\n<td>0,37 kW<\/td>\n<td>0,37 kW<\/td>\n<td>0,37 kW<\/td>\n<\/tr>\n<tr>\n<td>Article n\u00b0 :<\/td>\n<td>6 094,10<\/td>\n<td>6 094,30<\/td>\n<td>6 094,40<\/td>\n<td>6 094,50<\/td>\n<\/tr>\n<\/tbody>\n<\/table>\n<p><span style=\"color: #ff0000;\"><a style=\"color: #ff0000;\" href=\"https:\/\/www.karl-wetzel.com\/wp-content\/uploads\/2023\/05\/impraegnieren-1-scaled.jpg\" target=\"_blank\" rel=\"noopener\">PDF Flyer Impr\u00e9gnation Page 1<\/a><\/span> | <span style=\"color: #ff0000;\"><a style=\"color: #ff0000;\" href=\"https:\/\/www.karl-wetzel.com\/wp-content\/uploads\/2023\/05\/impraegnieren-2-scaled.jpg\" target=\"_blank\" rel=\"noopener\">D\u00e9pliant PDF impr\u00e9gnation page 2<\/a><\/span><\/p>\n","protected":false},"featured_media":10327,"comment_status":"closed","ping_status":"closed","template":"","meta":[],"product_brand":[],"product_cat":[309],"product_tag":[],"class_list":{"0":"post-5940","1":"product","2":"type-product","3":"status-publish","4":"has-post-thumbnail","6":"product_cat-tremper","8":"first","9":"instock","10":"taxable","11":"shipping-taxable","12":"product-type-variable"},"_links":{"self":[{"href":"https:\/\/www.karl-wetzel.com\/fr\/wp-json\/wp\/v2\/product\/5940","targetHints":{"allow":["GET"]}}],"collection":[{"href":"https:\/\/www.karl-wetzel.com\/fr\/wp-json\/wp\/v2\/product"}],"about":[{"href":"https:\/\/www.karl-wetzel.com\/fr\/wp-json\/wp\/v2\/types\/product"}],"replies":[{"embeddable":true,"href":"https:\/\/www.karl-wetzel.com\/fr\/wp-json\/wp\/v2\/comments?post=5940"}],"wp:featuredmedia":[{"embeddable":true,"href":"https:\/\/www.karl-wetzel.com\/fr\/wp-json\/wp\/v2\/media\/10327"}],"wp:attachment":[{"href":"https:\/\/www.karl-wetzel.com\/fr\/wp-json\/wp\/v2\/media?parent=5940"}],"wp:term":[{"taxonomy":"product_brand","embeddable":true,"href":"https:\/\/www.karl-wetzel.com\/fr\/wp-json\/wp\/v2\/product_brand?post=5940"},{"taxonomy":"product_cat","embeddable":true,"href":"https:\/\/www.karl-wetzel.com\/fr\/wp-json\/wp\/v2\/product_cat?post=5940"},{"taxonomy":"product_tag","embeddable":true,"href":"https:\/\/www.karl-wetzel.com\/fr\/wp-json\/wp\/v2\/product_tag?post=5940"}],"curies":[{"name":"wp","href":"https:\/\/api.w.org\/{rel}","templated":true}]}}