{"id":5929,"date":"2021-12-26T10:49:17","date_gmt":"2022-01-16T14:41:18","guid":{"rendered":"https:\/\/www.karl-wetzel.com\/produkt\/cadre-de-flux\/"},"modified":"2022-05-08T12:01:00","modified_gmt":"2022-05-08T10:01:00","slug":"cadre-dexpiration","status":"publish","type":"product","link":"https:\/\/www.karl-wetzel.com\/fr\/produit\/cadre-dexpiration\/","title":{"rendered":"cadre de flux"},"content":{"rendered":"<p>Les drains de fil de bobinage peuvent \u00eatre adapt\u00e9s individuellement \u00e0 votre situation. (Veuillez demander)<\/p>\n","protected":false},"excerpt":{"rendered":"<h2><b>Sp\u00e9cifications techniques:<\/b><\/h2>\n<table width=\"333\">\n<tbody>\n<tr>\n<td width=\"93\">Taper:<\/td>\n<td width=\"80\">je<\/td>\n<td width=\"80\">II<\/td>\n<td width=\"80\">III<\/td>\n<\/tr>\n<tr>\n<td width=\"93\">Longueur:<\/td>\n<td width=\"80\">400mm<\/td>\n<td width=\"80\">400mm<\/td>\n<td width=\"80\">450mm<\/td>\n<\/tr>\n<tr>\n<td width=\"93\">Large:<\/td>\n<td width=\"80\">300mm<\/td>\n<td width=\"80\">400mm<\/td>\n<td width=\"80\">450mm<\/td>\n<\/tr>\n<tr>\n<td width=\"93\">Hauteur:<\/td>\n<td width=\"80\">350mm<\/td>\n<td width=\"80\">650mm<\/td>\n<td width=\"80\">950mm<\/td>\n<\/tr>\n<tr>\n<td width=\"93\">Poids:<\/td>\n<td width=\"80\">5 kg<\/td>\n<td width=\"80\">8kg<\/td>\n<td width=\"80\">10kg<\/td>\n<\/tr>\n<tr>\n<td width=\"93\">Num\u00e9ro d&rsquo;article&nbsp;:<\/td>\n<td width=\"80\">6.087.10<\/td>\n<td width=\"80\">6.087.05<\/td>\n<td width=\"80\">6.087.00<\/td>\n<\/tr>\n<\/tbody>\n<\/table>\n","protected":false},"featured_media":2568,"comment_status":"closed","ping_status":"closed","template":"","meta":[],"product_brand":[],"product_cat":[144],"product_tag":[],"class_list":{"0":"post-5929","1":"product","2":"type-product","3":"status-publish","4":"has-post-thumbnail","6":"product_cat-expirer","8":"first","9":"instock","10":"taxable","11":"shipping-taxable","12":"product-type-variable"},"_links":{"self":[{"href":"https:\/\/www.karl-wetzel.com\/fr\/wp-json\/wp\/v2\/product\/5929","targetHints":{"allow":["GET"]}}],"collection":[{"href":"https:\/\/www.karl-wetzel.com\/fr\/wp-json\/wp\/v2\/product"}],"about":[{"href":"https:\/\/www.karl-wetzel.com\/fr\/wp-json\/wp\/v2\/types\/product"}],"replies":[{"embeddable":true,"href":"https:\/\/www.karl-wetzel.com\/fr\/wp-json\/wp\/v2\/comments?post=5929"}],"wp:featuredmedia":[{"embeddable":true,"href":"https:\/\/www.karl-wetzel.com\/fr\/wp-json\/wp\/v2\/media\/2568"}],"wp:attachment":[{"href":"https:\/\/www.karl-wetzel.com\/fr\/wp-json\/wp\/v2\/media?parent=5929"}],"wp:term":[{"taxonomy":"product_brand","embeddable":true,"href":"https:\/\/www.karl-wetzel.com\/fr\/wp-json\/wp\/v2\/product_brand?post=5929"},{"taxonomy":"product_cat","embeddable":true,"href":"https:\/\/www.karl-wetzel.com\/fr\/wp-json\/wp\/v2\/product_cat?post=5929"},{"taxonomy":"product_tag","embeddable":true,"href":"https:\/\/www.karl-wetzel.com\/fr\/wp-json\/wp\/v2\/product_tag?post=5929"}],"curies":[{"name":"wp","href":"https:\/\/api.w.org\/{rel}","templated":true}]}}