{"id":5918,"date":"2021-12-26T10:49:18","date_gmt":"2022-01-16T14:40:35","guid":{"rendered":"https:\/\/www.karl-wetzel.com\/produkt\/machine-a-coller-type-h\/"},"modified":"2022-02-20T14:10:01","modified_gmt":"2022-02-20T13:10:01","slug":"machine-a-collerette-type-h","status":"publish","type":"product","link":"https:\/\/www.karl-wetzel.com\/fr\/produit\/machine-a-collerette-type-h\/","title":{"rendered":"Machine \u00e0 coller type H"},"content":{"rendered":"<p>Machine d&rsquo;insertion H-1000 pour moteurs IEC 180-315 (avec carter) et moteurs IEC 200-355 (sans carter). Les tailles de machine H-1200\/ H-1400 \/ H-1800 peuvent \u00eatre personnalis\u00e9es sur demande.<\/p>\n<h2>Sp\u00e9cifications techniques:<\/h2>\n<table id=\"Tabelle9\" border=\"1\">\n<tbody>\n<tr>\n<td id=\"Zelle189\">Possibilit\u00e9s de serrage&nbsp;:<\/td>\n<td id=\"Zelle190\">Anneau de serrage avec 3 ciseaux de serrage<\/td>\n<td id=\"Zelle191\">X<\/td>\n<\/tr>\n<tr>\n<td id=\"Zelle192\"><\/td>\n<td id=\"Zelle193\">Anneau de serrage avec 4 ciseaux de serrage<\/td>\n<td id=\"Zelle194\">option<\/td>\n<\/tr>\n<tr>\n<td id=\"Zelle195\"><\/td>\n<td id=\"Zelle196\">Bague de serrage avec 1 ciseau de serrage et supports de stator interchangeables<\/td>\n<td id=\"Zelle197\">option<\/td>\n<\/tr>\n<tr>\n<td id=\"Zelle198\">pour les tailles de moteur&nbsp;:<\/td>\n<td id=\"Zelle199\">avec bo\u00eetier (norme IEC)<\/td>\n<td id=\"Zelle200\">180 &#8211; 315<\/td>\n<\/tr>\n<tr>\n<td id=\"Zelle201\"><\/td>\n<td id=\"Zelle202\">sans bo\u00eetier (norme IEC)<\/td>\n<td id=\"Zelle203\">200 &#8211; 355<\/td>\n<\/tr>\n<tr>\n<td id=\"Zelle204\"><\/td>\n<td id=\"Zelle205\">Capacit\u00e9 de serrage avec des ciseaux de serrage \u00e0 un \u00e9tage (standard)<br \/>\nau moins diam\u00e8tre<br \/>\nMax. diam\u00e8tre<\/td>\n<td id=\"Zelle206\">300mm<br \/>\n680mm<\/td>\n<\/tr>\n<tr>\n<td id=\"Zelle207\"><\/td>\n<td id=\"Zelle208\">Capacit\u00e9 de serrage avec des ciseaux de serrage \u00e0 2 \u00e9tages (option)<br \/>\nau moins diam\u00e8tre<br \/>\nMax. diam\u00e8tre<\/td>\n<td id=\"Zelle209\">250mm<br \/>\n520mm<\/td>\n<\/tr>\n<tr>\n<td id=\"Zelle210\"><\/td>\n<td id=\"Zelle211\">longueur de paquet max.<\/td>\n<td id=\"Zelle212\">800mm<\/td>\n<\/tr>\n<tr>\n<td id=\"Zelle213\"><\/td>\n<td id=\"Zelle214\">course de traction max.<\/td>\n<td id=\"Zelle215\">1150mm<\/td>\n<\/tr>\n<tr>\n<td id=\"Zelle216\"><\/td>\n<td id=\"Zelle217\">force de r\u00e9traction<\/td>\n<td id=\"Zelle218\">5000N<\/td>\n<\/tr>\n<tr>\n<td id=\"Zelle219\">Positionnement&nbsp;:<\/td>\n<td id=\"Zelle220\">Anneau de serrage rotatif \u00e9lectriquement<\/td>\n<td id=\"Zelle221\">360\u00b0<\/td>\n<\/tr>\n<tr>\n<td id=\"Zelle222\"><\/td>\n<td id=\"Zelle223\">Anneau de serrage pivotant \u00e9lectriquement<\/td>\n<td id=\"Zelle224\">180\u00b0<\/td>\n<\/tr>\n<tr>\n<td id=\"Zelle225\">m\u00e9canisme de r\u00e9traction :<\/td>\n<td id=\"Zelle226\">m\u00e9thode de travail<\/td>\n<td id=\"Zelle227\">tirant<\/td>\n<\/tr>\n<tr>\n<td id=\"Zelle228\"><\/td>\n<td id=\"Zelle229\">porte-outil<\/td>\n<td id=\"Zelle230\">magn\u00e9tique<\/td>\n<\/tr>\n<tr>\n<td id=\"Zelle231\"><\/td>\n<td id=\"Zelle232\">valeurs de connexion<\/td>\n<td id=\"Zelle233\">3x400V 50Hz<\/td>\n<\/tr>\n<tr>\n<td id=\"Zelle234\">Dimensions:<\/td>\n<td id=\"Zelle235\">longueur env.<\/td>\n<td id=\"Zelle236\">3900mm<\/td>\n<\/tr>\n<tr>\n<td id=\"Zelle237\"><\/td>\n<td id=\"Zelle238\">largeur env.<\/td>\n<td id=\"Zelle239\">1500mm<\/td>\n<\/tr>\n<tr>\n<td id=\"Zelle240\"><\/td>\n<td id=\"Zelle241\">hauteur env.<\/td>\n<td id=\"Zelle242\">2200mm<\/td>\n<\/tr>\n<tr>\n<td id=\"Zelle243\"><\/td>\n<td id=\"Zelle244\">poids env.<\/td>\n<td id=\"Zelle245\">1300kg<\/td>\n<\/tr>\n<tr>\n<td id=\"Zelle246\"><\/td>\n<td id=\"Zelle247\">Num\u00e9ro d&rsquo;article<\/td>\n<td id=\"Zelle248\">7.102.100<\/td>\n<\/tr>\n<\/tbody>\n<\/table>\n","protected":false},"excerpt":{"rendered":"<h2>Sp\u00e9cifications techniques:<\/h2>\n<table style=\"border-collapse: collapse; width: 240pt;\" border=\"0\" width=\"320\" cellspacing=\"0\" cellpadding=\"0\">\n<tbody>\n<tr style=\"height: 12.75pt;\">\n<td class=\"xl22\" style=\"height: 12.75pt; width: 60pt;\" width=\"80\" height=\"17\"><\/td>\n<td class=\"xl22\" style=\"border-left: none; width: 60pt;\" width=\"80\">H-1000<\/td>\n<td class=\"xl22\" style=\"border-left: none; width: 60pt;\" width=\"80\">H-1400<\/td>\n<td class=\"xl22\" style=\"border-left: none; width: 60pt;\" width=\"80\">H-1800<\/td>\n<\/tr>\n<tr style=\"height: 12.75pt;\">\n<td id=\"Zelle235\" class=\"xl23\" style=\"height: 12.75pt; border-top: none; width: 60pt;\" width=\"80\" height=\"17\">longueur env.<\/td>\n<td id=\"Zelle236\" class=\"xl23\" style=\"border-top: none; border-left: none; width: 60pt;\" width=\"80\">3900mm<\/td>\n<td class=\"xl22\" style=\"border-top: none; border-left: none;\">3900mm<\/td>\n<td class=\"xl22\" style=\"border-top: none; border-left: none;\">3900mm<\/td>\n<\/tr>\n<tr style=\"height: 12.75pt;\">\n<td id=\"Zelle238\" class=\"xl23\" style=\"height: 12.75pt; border-top: none; width: 60pt;\" width=\"80\" height=\"17\">largeur env.<\/td>\n<td id=\"Zelle239\" class=\"xl23\" style=\"border-top: none; border-left: none; width: 60pt;\" width=\"80\">1500mm<\/td>\n<td class=\"xl22\" style=\"border-top: none; border-left: none;\">1900mm<\/td>\n<td class=\"xl22\" style=\"border-top: none; border-left: none;\">2300mm<\/td>\n<\/tr>\n<tr style=\"height: 12.75pt;\">\n<td id=\"Zelle241\" class=\"xl23\" style=\"height: 12.75pt; border-top: none; width: 60pt;\" width=\"80\" height=\"17\">hauteur env.<\/td>\n<td id=\"Zelle242\" class=\"xl23\" style=\"border-top: none; border-left: none; width: 60pt;\" width=\"80\">2200mm<\/td>\n<td class=\"xl22\" style=\"border-top: none; border-left: none;\">2400mm<\/td>\n<td class=\"xl22\" style=\"border-top: none; border-left: none;\">2600mm<\/td>\n<\/tr>\n<tr style=\"height: 12.75pt;\">\n<td id=\"Zelle244\" class=\"xl23\" style=\"height: 12.75pt; border-top: none; width: 60pt;\" width=\"80\" height=\"17\">poids env.<\/td>\n<td id=\"Zelle245\" class=\"xl23\" style=\"border-top: none; border-left: none; width: 60pt;\" width=\"80\">1300kg<\/td>\n<td class=\"xl22\" style=\"border-top: none; border-left: none;\">1500kg<\/td>\n<td class=\"xl22\" style=\"border-top: none; border-left: none;\">1700kg<\/td>\n<\/tr>\n<tr style=\"height: 12.75pt;\">\n<td id=\"Zelle247\" class=\"xl23\" style=\"height: 12.75pt; border-top: none; width: 60pt;\" width=\"80\" height=\"17\">Num\u00e9ro d&rsquo;article<\/td>\n<td id=\"Zelle248\" class=\"xl24\" style=\"border-top: none; border-left: none; width: 60pt;\" width=\"80\">7.102.100<\/td>\n<td class=\"xl25\" style=\"border-top: none; border-left: none;\">7.102.140<\/td>\n<td class=\"xl25\" style=\"border-top: none; border-left: none;\">7.102.180<\/td>\n<\/tr>\n<\/tbody>\n<\/table>\n","protected":false},"featured_media":2574,"comment_status":"closed","ping_status":"closed","template":"","meta":[],"product_brand":[],"product_cat":[148],"product_tag":[],"class_list":{"0":"post-5918","1":"product","2":"type-product","3":"status-publish","4":"has-post-thumbnail","6":"product_cat-assemblee","8":"first","9":"instock","10":"taxable","11":"shipping-taxable","12":"product-type-variable"},"_links":{"self":[{"href":"https:\/\/www.karl-wetzel.com\/fr\/wp-json\/wp\/v2\/product\/5918","targetHints":{"allow":["GET"]}}],"collection":[{"href":"https:\/\/www.karl-wetzel.com\/fr\/wp-json\/wp\/v2\/product"}],"about":[{"href":"https:\/\/www.karl-wetzel.com\/fr\/wp-json\/wp\/v2\/types\/product"}],"replies":[{"embeddable":true,"href":"https:\/\/www.karl-wetzel.com\/fr\/wp-json\/wp\/v2\/comments?post=5918"}],"wp:featuredmedia":[{"embeddable":true,"href":"https:\/\/www.karl-wetzel.com\/fr\/wp-json\/wp\/v2\/media\/2574"}],"wp:attachment":[{"href":"https:\/\/www.karl-wetzel.com\/fr\/wp-json\/wp\/v2\/media?parent=5918"}],"wp:term":[{"taxonomy":"product_brand","embeddable":true,"href":"https:\/\/www.karl-wetzel.com\/fr\/wp-json\/wp\/v2\/product_brand?post=5918"},{"taxonomy":"product_cat","embeddable":true,"href":"https:\/\/www.karl-wetzel.com\/fr\/wp-json\/wp\/v2\/product_cat?post=5918"},{"taxonomy":"product_tag","embeddable":true,"href":"https:\/\/www.karl-wetzel.com\/fr\/wp-json\/wp\/v2\/product_tag?post=5918"}],"curies":[{"name":"wp","href":"https:\/\/api.w.org\/{rel}","templated":true}]}}