{"id":5912,"date":"2021-12-26T10:49:18","date_gmt":"2022-01-16T14:40:10","guid":{"rendered":"https:\/\/www.karl-wetzel.com\/produkt\/separateur-seca-1100-ex\/"},"modified":"2024-06-05T10:16:09","modified_gmt":"2024-06-05T08:16:09","slug":"appareil-de-coupe-seca-1100","status":"publish","type":"product","link":"https:\/\/www.karl-wetzel.com\/fr\/produit\/appareil-de-coupe-seca-1100\/","title":{"rendered":"Extracteur de coupe SECA 1100"},"content":{"rendered":"<p><a href=\"https:\/\/www.youtube.com\/playlist?list=PLga7aj3HB7vuEB6mL0YcBFQP3Rh1a8kaA\" target=\"_blank\" rel=\"noopener\"><span style=\"color: #ff0000;\"><strong>Voici nos vid\u00e9os sur le SECA 1100<\/strong><\/span><\/a><\/p>\n<div id=\"Text55LYR\" class=\"TextObject\">\n<p>&nbsp;<\/p>\n<div id=\"Text56LYR\" class=\"TextObject\">\n<h2>Accessoires sp\u00e9ciaux :<\/h2>\n<ul>\n<li>Dispositif de serrage d&rsquo;ancre r\u00e9f. 9.201.24<\/li>\n<\/ul>\n<\/div>\n<div id=\"Tabelle3LYR\">\n<h2>Options d&rsquo;\u00e9quipement:<\/h2>\n<ul>\n<li>Pince de pr\u00e9hension 50 x 290 x 380 mm<br \/>\nN\u00b0 d&rsquo;article 6.091.50 <a href=\"https:\/\/www.karl-wetzel.com\/produkt\/hebegreifzange\/\">Pinces de pr\u00e9hension | Syst\u00e8mes de fabrication \u00e9lectrique (karl-wetzel.com)<\/a><\/li>\n<li>Pince de pr\u00e9hension 75 x 340 x 460 mm<br \/>\nArticle n\u00b0 6.091.52 <a href=\"https:\/\/www.karl-wetzel.com\/produkt\/hebegreifzange\/\">Pinces de pr\u00e9hension | Syst\u00e8mes de fabrication ELEKTRO (karl-wetzel.com)<\/a><\/li>\n<li>Pince de levage 40 x 140 x 390 mm<br \/>\nArticle n\u00b0 6.091.54 <a href=\"https:\/\/www.karl-wetzel.com\/produkt\/ausziehzange-spezial-t\/\">Pince de levage | Syst\u00e8mes de fabrication ELEKTRO (karl-wetzel.com)<\/a><\/li>\n<li>Pince de levage 60 x 180 x 460 mm<br \/>\nArticle n\u00b0 6.091.56 <a href=\"https:\/\/www.karl-wetzel.com\/produkt\/ausziehzange-spezial-t\/\">Pince de levage | Syst\u00e8mes de fabrication \u00e9lectrique (karl-wetzel.com)<\/a><\/li>\n<li>Pince de levage sp\u00e9ciale T 500 mm pour enroulement bas<br \/>\nArticle n\u00b0 6.091.58 <a href=\"https:\/\/www.karl-wetzel.com\/produkt\/ausziehzange-spezial-t\/\">Pince de levage | Syst\u00e8mes de fabrication \u00e9lectrique (karl-wetzel.com)<\/a><\/li>\n<li>Pince de levage sp\u00e9ciale T 800 mm pour enroulement bas<br \/>\nArticle n\u00b0 6.091.60 <a href=\"https:\/\/www.karl-wetzel.com\/produkt\/ausziehzange-spezial-t\/\">Pince de levage | Syst\u00e8mes de fabrication \u00e9lectrique (karl-wetzel.com)<\/a><\/li>\n<li>Lames de scie pour bobinages fixes<br \/>\n<a href=\"https:\/\/www.karl-wetzel.com\/produkt\/saegeblaetter-fuer-abtrenngeraete\/\">lames de scie pour cutters | Syst\u00e8mes de fabrication \u00e9lectrique (karl-wetzel.com)<\/a><\/li>\n<li>Lames de scie pour enroulements l\u00e2ches<br \/>\n<a href=\"https:\/\/www.karl-wetzel.com\/produkt\/saegeblaetter-fuer-abtrenngeraete\/\">lames de scie pour cutters | Syst\u00e8mes de fabrication \u00e9lectrique (karl-wetzel.com)<\/a><\/li>\n<\/ul>\n<\/div>\n<\/div>\n","protected":false},"excerpt":{"rendered":"<p><a href=\"https:\/\/www.youtube.com\/playlist?list=PLga7aj3HB7vuEB6mL0YcBFQP3Rh1a8kaA\" target=\"_blank\" rel=\"noopener\"><span style=\"color: #ff0000;\"><strong>Voici nos vid\u00e9os sur le SECA 1100<\/strong><\/span><\/a><\/p>\n<h2>Sp\u00e9cifications techniques:<\/h2>\n<table id=\"Tabelle2\" border=\"1\">\n<tbody>\n<tr>\n<td id=\"Zelle4\">Hauteur de la lame de scie \u00e0 la surface de serrage&nbsp;:<\/td>\n<td id=\"Zelle5\">790mm \/ 1000mm<\/td>\n<\/tr>\n<tr>\n<td id=\"Zelle6\">\u00f8 ext\u00e9rieur le plus grand&nbsp;:<\/td>\n<td id=\"Zelle7\">1100mm<\/td>\n<\/tr>\n<tr>\n<td id=\"Zelle8\">\u00f8 de serrage dans l&rsquo;al\u00e9sage min.:<\/td>\n<td id=\"Zelle9\">45mm \u00e0 820mm<\/td>\n<\/tr>\n<tr>\n<td id=\"Zelle10\">Cou de pied \u00f8 \u00ab\u00a0ext\u00e9rieur\u00a0\u00bb:<\/td>\n<td id=\"Zelle11\">35mm \u00e0 790mm<\/td>\n<\/tr>\n<tr>\n<td id=\"Zelle12\">Puissance du moteur:<\/td>\n<td id=\"Zelle13\">1,1\/ 1,4 kW<\/td>\n<\/tr>\n<tr>\n<td id=\"Zelle14\">Valeur de connexion&nbsp;:<\/td>\n<td id=\"Zelle15\">400 volts&nbsp;; 3 phases&nbsp;; 50Hz<\/td>\n<\/tr>\n<tr>\n<td id=\"Zelle16\">Dimension machine&nbsp;:<\/td>\n<td id=\"Zelle17\">100 cm x 110 cm x 285 cm<\/td>\n<\/tr>\n<tr>\n<td id=\"Zelle18\">Poids:<\/td>\n<td id=\"Zelle19\">environ 300 kg<\/td>\n<\/tr>\n<tr>\n<td id=\"Zelle20\">Commander. Non.:<\/td>\n<td id=\"Zelle21\">9.201.22<\/td>\n<\/tr>\n<\/tbody>\n<\/table>\n","protected":false},"featured_media":2577,"comment_status":"closed","ping_status":"closed","template":"","meta":[],"product_brand":[],"product_cat":[149],"product_tag":[],"class_list":{"0":"post-5912","1":"product","2":"type-product","3":"status-publish","4":"has-post-thumbnail","6":"product_cat-demonter","8":"first","9":"instock","10":"taxable","11":"shipping-taxable","12":"product-type-simple"},"_links":{"self":[{"href":"https:\/\/www.karl-wetzel.com\/fr\/wp-json\/wp\/v2\/product\/5912","targetHints":{"allow":["GET"]}}],"collection":[{"href":"https:\/\/www.karl-wetzel.com\/fr\/wp-json\/wp\/v2\/product"}],"about":[{"href":"https:\/\/www.karl-wetzel.com\/fr\/wp-json\/wp\/v2\/types\/product"}],"replies":[{"embeddable":true,"href":"https:\/\/www.karl-wetzel.com\/fr\/wp-json\/wp\/v2\/comments?post=5912"}],"wp:featuredmedia":[{"embeddable":true,"href":"https:\/\/www.karl-wetzel.com\/fr\/wp-json\/wp\/v2\/media\/2577"}],"wp:attachment":[{"href":"https:\/\/www.karl-wetzel.com\/fr\/wp-json\/wp\/v2\/media?parent=5912"}],"wp:term":[{"taxonomy":"product_brand","embeddable":true,"href":"https:\/\/www.karl-wetzel.com\/fr\/wp-json\/wp\/v2\/product_brand?post=5912"},{"taxonomy":"product_cat","embeddable":true,"href":"https:\/\/www.karl-wetzel.com\/fr\/wp-json\/wp\/v2\/product_cat?post=5912"},{"taxonomy":"product_tag","embeddable":true,"href":"https:\/\/www.karl-wetzel.com\/fr\/wp-json\/wp\/v2\/product_tag?post=5912"}],"curies":[{"name":"wp","href":"https:\/\/api.w.org\/{rel}","templated":true}]}}