{"id":5871,"date":"2021-12-26T10:49:20","date_gmt":"2022-01-16T14:38:10","guid":{"rendered":"https:\/\/www.karl-wetzel.com\/produkt\/clips-de-bobine-en-plastique\/"},"modified":"2025-04-03T17:44:14","modified_gmt":"2025-04-03T15:44:14","slug":"pinces-a-bobines-en-plastique","status":"publish","type":"product","link":"https:\/\/www.karl-wetzel.com\/fr\/produit\/pinces-a-bobines-en-plastique\/","title":{"rendered":"Clips de bobine en plastique"},"content":{"rendered":"<p>Des pinces \u00e0 bobines en plastique sont n\u00e9cessaires pour attacher rapidement et facilement les bobines enroul\u00e9es ensemble. Ils sont dimensionnellement stables et peuvent \u00eatre r\u00e9utilis\u00e9s aussi souvent que vous le souhaitez.<\/p>\n","protected":false},"excerpt":{"rendered":"<h2>Sp\u00e9cifications techniques:<\/h2>\n<div id=\"Tabelle12LYR\"><\/div>\n<div id=\"Tabelle16LYR\">\n<table id=\"Tabelle9\" border=\"1\">\n<tbody>\n<tr>\n<td id=\"Zelle189\">Num\u00e9ro d&rsquo;article :<\/td>\n<td id=\"Zelle190\">Taille:<\/td>\n<td id=\"Zelle191\">Couleur:<\/td>\n<td id=\"Zelle192\">pour le diam\u00e8tre [mm] :<\/td>\n<\/tr>\n<tr>\n<td id=\"Zelle193\">7 106 60<\/td>\n<td id=\"Zelle194\">3<\/td>\n<td id=\"Zelle195\">blanc<\/td>\n<td id=\"Zelle196\">4,0 &#8211; 6,5<\/td>\n<\/tr>\n<tr>\n<td id=\"Zelle197\">7.106.62<\/td>\n<td id=\"Zelle198\">4<\/td>\n<td id=\"Zelle199\">rouge<\/td>\n<td id=\"Zelle200\">7,0 &#8211; 9,5<\/td>\n<\/tr>\n<tr>\n<td id=\"Zelle201\">7.106.64<\/td>\n<td id=\"Zelle202\">5<\/td>\n<td id=\"Zelle203\">vert<\/td>\n<td id=\"Zelle204\">10,0 &#8211; 12,5<\/td>\n<\/tr>\n<tr>\n<td id=\"Zelle205\">7 106 66<\/td>\n<td id=\"Zelle206\">6<\/td>\n<td id=\"Zelle207\">noir<\/td>\n<td id=\"Zelle208\">13,5 &#8211; 16,0<\/td>\n<\/tr>\n<tr>\n<td id=\"Zelle209\">7 106 68<\/td>\n<td id=\"Zelle210\">7<\/td>\n<td id=\"Zelle211\">jaune<\/td>\n<td id=\"Zelle212\">17,0 &#8211; 20,0<\/td>\n<\/tr>\n<tr>\n<td id=\"Zelle213\">7 106 70<\/td>\n<td id=\"Zelle214\">8<\/td>\n<td id=\"Zelle215\">nature<\/td>\n<td id=\"Zelle216\">25,0 &#8211; 28,0<\/td>\n<\/tr>\n<tr>\n<td id=\"Zelle217\">7.106.71<\/td>\n<td id=\"Zelle218\">9<\/td>\n<td id=\"Zelle219\">blanc<\/td>\n<td id=\"Zelle220\">33,0 &#8211; 36,0<\/td>\n<\/tr>\n<\/tbody>\n<\/table>\n<\/div>\n","protected":false},"featured_media":2598,"comment_status":"closed","ping_status":"closed","template":"","meta":[],"product_brand":[],"product_cat":[157],"product_tag":[],"class_list":{"0":"post-5871","1":"product","2":"type-product","3":"status-publish","4":"has-post-thumbnail","6":"product_cat-outils","8":"first","9":"instock","10":"taxable","11":"shipping-taxable","12":"product-type-variable"},"_links":{"self":[{"href":"https:\/\/www.karl-wetzel.com\/fr\/wp-json\/wp\/v2\/product\/5871","targetHints":{"allow":["GET"]}}],"collection":[{"href":"https:\/\/www.karl-wetzel.com\/fr\/wp-json\/wp\/v2\/product"}],"about":[{"href":"https:\/\/www.karl-wetzel.com\/fr\/wp-json\/wp\/v2\/types\/product"}],"replies":[{"embeddable":true,"href":"https:\/\/www.karl-wetzel.com\/fr\/wp-json\/wp\/v2\/comments?post=5871"}],"wp:featuredmedia":[{"embeddable":true,"href":"https:\/\/www.karl-wetzel.com\/fr\/wp-json\/wp\/v2\/media\/2598"}],"wp:attachment":[{"href":"https:\/\/www.karl-wetzel.com\/fr\/wp-json\/wp\/v2\/media?parent=5871"}],"wp:term":[{"taxonomy":"product_brand","embeddable":true,"href":"https:\/\/www.karl-wetzel.com\/fr\/wp-json\/wp\/v2\/product_brand?post=5871"},{"taxonomy":"product_cat","embeddable":true,"href":"https:\/\/www.karl-wetzel.com\/fr\/wp-json\/wp\/v2\/product_cat?post=5871"},{"taxonomy":"product_tag","embeddable":true,"href":"https:\/\/www.karl-wetzel.com\/fr\/wp-json\/wp\/v2\/product_tag?post=5871"}],"curies":[{"name":"wp","href":"https:\/\/api.w.org\/{rel}","templated":true}]}}