{"id":5823,"date":"2021-12-26T10:49:21","date_gmt":"2022-01-16T14:36:55","guid":{"rendered":"https:\/\/www.karl-wetzel.com\/produkt\/dispositif-de-bandage\/"},"modified":"2022-01-16T15:36:55","modified_gmt":"2022-01-16T14:36:55","slug":"dispositif-de-bandage","status":"publish","type":"product","link":"https:\/\/www.karl-wetzel.com\/fr\/produit\/dispositif-de-bandage\/","title":{"rendered":"dispositif de bandage"},"content":{"rendered":"<p>Ce dispositif de rubanage pour t\u00eates de bobinage permet un travail \u00e9conome en mat\u00e9riel, plus rapide et plus pr\u00e9cis sur les enroulements triphas\u00e9s et alternatifs. Un poin\u00e7on courbe est utilis\u00e9 pour les bobinages dans le carter du stator et un poin\u00e7on droit pour les bobinages du stator sans carter<\/p>\n<p>Des bandes RT, du ruban cellophane, du cordon, de la ficelle ou similaire peuvent \u00eatre utilis\u00e9s comme mat\u00e9riaux de bandage.<\/p>\n<div id=\"Text55LYR\" class=\"TextObject\"><\/div>\n","protected":false},"excerpt":{"rendered":"<h2>Sp\u00e9cifications techniques:<\/h2>\n<table id=\"Tabelle9\" border=\"1\">\n<tbody>\n<tr>\n<td id=\"Zelle189\">Num\u00e9ro d&rsquo;article&nbsp;:<\/td>\n<td id=\"Zelle190\">La d\u00e9signation:<\/td>\n<\/tr>\n<tr>\n<td id=\"Zelle191\">9.203.04<\/td>\n<td id=\"Zelle192\">Dispositif de bandage pour t\u00eates de bobinage courbes \u00f84 mm<\/td>\n<\/tr>\n<tr>\n<td id=\"Zelle193\">9.203.14<\/td>\n<td id=\"Zelle194\">Dispositif de bandage pour t\u00eates d&rsquo;enroulement droites \u00f84 mm<\/td>\n<\/tr>\n<tr>\n<td id=\"Zelle195\">9.203.05<\/td>\n<td id=\"Zelle196\">Dispositif de bandage pour t\u00eates de bobinage courbes \u00f85 mm<\/td>\n<\/tr>\n<tr>\n<td id=\"Zelle197\">9.203.15<\/td>\n<td id=\"Zelle198\">Dispositif de bandage pour t\u00eates d&rsquo;enroulement droites \u00f85 mm<\/td>\n<\/tr>\n<\/tbody>\n<\/table>\n","protected":false},"featured_media":2628,"comment_status":"closed","ping_status":"closed","template":"","meta":[],"product_brand":[],"product_cat":[157],"product_tag":[],"class_list":{"0":"post-5823","1":"product","2":"type-product","3":"status-publish","4":"has-post-thumbnail","6":"product_cat-outils","8":"first","9":"instock","10":"taxable","11":"shipping-taxable","12":"product-type-variable"},"_links":{"self":[{"href":"https:\/\/www.karl-wetzel.com\/fr\/wp-json\/wp\/v2\/product\/5823","targetHints":{"allow":["GET"]}}],"collection":[{"href":"https:\/\/www.karl-wetzel.com\/fr\/wp-json\/wp\/v2\/product"}],"about":[{"href":"https:\/\/www.karl-wetzel.com\/fr\/wp-json\/wp\/v2\/types\/product"}],"replies":[{"embeddable":true,"href":"https:\/\/www.karl-wetzel.com\/fr\/wp-json\/wp\/v2\/comments?post=5823"}],"wp:featuredmedia":[{"embeddable":true,"href":"https:\/\/www.karl-wetzel.com\/fr\/wp-json\/wp\/v2\/media\/2628"}],"wp:attachment":[{"href":"https:\/\/www.karl-wetzel.com\/fr\/wp-json\/wp\/v2\/media?parent=5823"}],"wp:term":[{"taxonomy":"product_brand","embeddable":true,"href":"https:\/\/www.karl-wetzel.com\/fr\/wp-json\/wp\/v2\/product_brand?post=5823"},{"taxonomy":"product_cat","embeddable":true,"href":"https:\/\/www.karl-wetzel.com\/fr\/wp-json\/wp\/v2\/product_cat?post=5823"},{"taxonomy":"product_tag","embeddable":true,"href":"https:\/\/www.karl-wetzel.com\/fr\/wp-json\/wp\/v2\/product_tag?post=5823"}],"curies":[{"name":"wp","href":"https:\/\/api.w.org\/{rel}","templated":true}]}}