{"id":5669,"date":"2021-12-26T10:49:23","date_gmt":"2022-01-16T14:32:20","guid":{"rendered":"https:\/\/www.karl-wetzel.com\/produkt\/brosse-a-main-metallique-ronde\/"},"modified":"2025-06-16T09:05:50","modified_gmt":"2025-06-16T07:05:50","slug":"brosse-a-main-metallique-ronde","status":"publish","type":"product","link":"https:\/\/www.karl-wetzel.com\/fr\/produit\/brosse-a-main-metallique-ronde\/","title":{"rendered":"Brosse \u00e0 main m\u00e9tallique ronde"},"content":{"rendered":"<p>Brosses \u00e0 main \u00e0 fil rond pour une \u00e9limination rationnelle et propre des r\u00e9sidus d&rsquo;isolation dans les fentes.<\/p>\n","protected":false},"excerpt":{"rendered":"<table id=\"Tabelle9\" border=\"1\">\n<tbody>\n<tr>\n<td id=\"Zelle189\">Num\u00e9ro d&rsquo;article :<\/td>\n<td id=\"Zelle190\">Diam\u00e8tre [mm] :<\/td>\n<td id=\"Zelle191\">Longueur de coupe [mm] :<\/td>\n<\/tr>\n<tr>\n<td id=\"Zelle192\">9.208.10<\/td>\n<td id=\"Zelle193\">\n<p style=\"text-align: center;\">5<\/p>\n<\/td>\n<td id=\"Zelle194\">\n<p style=\"text-align: center;\">100<\/p>\n<\/td>\n<\/tr>\n<tr>\n<td id=\"Zelle195\">9.208.12<\/td>\n<td id=\"Zelle196\">\n<p style=\"text-align: center;\">6<\/p>\n<\/td>\n<td id=\"Zelle197\">\n<p style=\"text-align: center;\">100<\/p>\n<\/td>\n<\/tr>\n<tr>\n<td id=\"Zelle198\">9.208.14<\/td>\n<td id=\"Zelle199\">\n<p style=\"text-align: center;\">8<\/p>\n<\/td>\n<td id=\"Zelle200\">\n<p style=\"text-align: center;\">100<\/p>\n<\/td>\n<\/tr>\n<tr>\n<td id=\"Zelle201\">9.208.16<\/td>\n<td id=\"Zelle202\">\n<p style=\"text-align: center;\">10<\/p>\n<\/td>\n<td id=\"Zelle203\">\n<p style=\"text-align: center;\">100<\/p>\n<\/td>\n<\/tr>\n<tr>\n<td id=\"Zelle204\">9.208.18<\/td>\n<td id=\"Zelle205\">\n<p style=\"text-align: center;\">15<\/p>\n<\/td>\n<td id=\"Zelle206\">\n<p style=\"text-align: center;\">120<\/p>\n<\/td>\n<\/tr>\n<tr>\n<td id=\"Zelle207\">9.208.20<\/td>\n<td id=\"Zelle208\">\n<p style=\"text-align: center;\">20<\/p>\n<\/td>\n<td id=\"Zelle209\">\n<p style=\"text-align: center;\">120<\/p>\n<\/td>\n<\/tr>\n<tr>\n<td id=\"Zelle210\">9.208.22<\/td>\n<td id=\"Zelle211\">\n<p style=\"text-align: center;\">25<\/p>\n<\/td>\n<td id=\"Zelle212\">\n<p style=\"text-align: center;\">120<\/p>\n<\/td>\n<\/tr>\n<tr>\n<td id=\"Zelle213\">9.208.24<\/td>\n<td id=\"Zelle214\">\n<p style=\"text-align: center;\">30<\/p>\n<\/td>\n<td id=\"Zelle215\">\n<p style=\"text-align: center;\">120<\/p>\n<\/td>\n<\/tr>\n<tr>\n<td id=\"Zelle216\">9.208.00<\/td>\n<td id=\"Zelle217\" colspan=\"2\">\n<p style=\"text-align: center;\">Ensemble de brosses \u00e0 main \u00e0 fil rond<\/p>\n<p style=\"text-align: center;\">8 pi\u00e8ces<\/p>\n<\/td>\n<\/tr>\n<\/tbody>\n<\/table>\n","protected":false},"featured_media":2664,"comment_status":"closed","ping_status":"closed","template":"","meta":[],"product_brand":[],"product_cat":[157],"product_tag":[],"class_list":{"0":"post-5669","1":"product","2":"type-product","3":"status-publish","4":"has-post-thumbnail","6":"product_cat-outils","8":"first","9":"instock","10":"taxable","11":"shipping-taxable","12":"product-type-variable"},"_links":{"self":[{"href":"https:\/\/www.karl-wetzel.com\/fr\/wp-json\/wp\/v2\/product\/5669","targetHints":{"allow":["GET"]}}],"collection":[{"href":"https:\/\/www.karl-wetzel.com\/fr\/wp-json\/wp\/v2\/product"}],"about":[{"href":"https:\/\/www.karl-wetzel.com\/fr\/wp-json\/wp\/v2\/types\/product"}],"replies":[{"embeddable":true,"href":"https:\/\/www.karl-wetzel.com\/fr\/wp-json\/wp\/v2\/comments?post=5669"}],"wp:featuredmedia":[{"embeddable":true,"href":"https:\/\/www.karl-wetzel.com\/fr\/wp-json\/wp\/v2\/media\/2664"}],"wp:attachment":[{"href":"https:\/\/www.karl-wetzel.com\/fr\/wp-json\/wp\/v2\/media?parent=5669"}],"wp:term":[{"taxonomy":"product_brand","embeddable":true,"href":"https:\/\/www.karl-wetzel.com\/fr\/wp-json\/wp\/v2\/product_brand?post=5669"},{"taxonomy":"product_cat","embeddable":true,"href":"https:\/\/www.karl-wetzel.com\/fr\/wp-json\/wp\/v2\/product_cat?post=5669"},{"taxonomy":"product_tag","embeddable":true,"href":"https:\/\/www.karl-wetzel.com\/fr\/wp-json\/wp\/v2\/product_tag?post=5669"}],"curies":[{"name":"wp","href":"https:\/\/api.w.org\/{rel}","templated":true}]}}