{"id":5582,"date":"2021-12-26T10:49:24","date_gmt":"2022-01-16T14:29:13","guid":{"rendered":"https:\/\/www.karl-wetzel.com\/produkt\/bobineuse-special-se\/"},"modified":"2022-11-03T09:07:55","modified_gmt":"2022-11-03T08:07:55","slug":"bobinoir-special","status":"publish","type":"product","link":"https:\/\/www.karl-wetzel.com\/fr\/produit\/bobinoir-special\/","title":{"rendered":"Machine \u00e0 bobines sp\u00e9ciale"},"content":{"rendered":"<p>La bobineuse \u00ab\u00a0Special SE\u00a0\u00bb est une machine universellement applicable pour le secteur de la r\u00e9paration et de la formation.<\/p>\n<p>Il est entra\u00een\u00e9 par un moteur \u00e0 changement de p\u00f4les avec une poulie \u00e0 courroie trap\u00e9zo\u00efdale \u00e0 3 \u00e9tages. Une fois le nombre de tours d\u00e9fini atteint, l&rsquo;arr\u00eat s&rsquo;effectue automatiquement. Le compteur peut \u00eatre commut\u00e9 pour une rotation \u00e0 gauche et \u00e0 droite. L&#8217;embrayage fait d\u00e9marrer lentement l&rsquo;arbre d&rsquo;enroulement au moyen d&rsquo;un levier manuel ou d&rsquo;un interrupteur au pied. Le processus d&rsquo;enroulement est interrompu par un interrupteur d&rsquo;arr\u00eat \u00e0 levier.<\/p>\n<p><strong>Donn\u00e9es techniques pour Spezial SE :<\/strong><\/p>\n<table id=\"Tabelle9\" border=\"1\">\n<tbody>\n<tr>\n<td id=\"Zelle189\">\u00f8 fil:<\/td>\n<td id=\"Zelle190\">0,1 &#8211; 2,0 mm<\/td>\n<\/tr>\n<tr>\n<td id=\"Zelle191\">Hauteur centrale&nbsp;:<\/td>\n<td id=\"Zelle192\">290mm<\/td>\n<\/tr>\n<tr>\n<td id=\"Zelle193\">\u00f8 d&rsquo;enroulement&nbsp;:<\/td>\n<td id=\"Zelle194\">Max. 550mm<\/td>\n<\/tr>\n<tr>\n<td id=\"Zelle195\">\u00f8 des arbres d&rsquo;enroulement&nbsp;:<\/td>\n<td id=\"Zelle196\">35mm<\/td>\n<\/tr>\n<tr>\n<td id=\"Zelle197\">vitesses d&rsquo;enroulement :<\/td>\n<td id=\"Zelle198\">90\/ 150\/ 180\/ 240\/ 300\/ 480 tr\/min.<\/td>\n<\/tr>\n<tr>\n<td id=\"Zelle199\">Puissance du moteur:<\/td>\n<td id=\"Zelle200\">0,4\/ 0,5kW<\/td>\n<\/tr>\n<tr>\n<td id=\"Zelle201\">Source de courant:<\/td>\n<td id=\"Zelle202\">400&nbsp;V&nbsp;; 50Hz<\/td>\n<\/tr>\n<tr>\n<td id=\"Zelle203\">Dimension:<\/td>\n<td id=\"Zelle204\">50 cm x 65 cm x 50 cm<\/td>\n<\/tr>\n<tr>\n<td id=\"Zelle205\">Poids:<\/td>\n<td id=\"Zelle206\">54kg<\/td>\n<\/tr>\n<tr>\n<td id=\"Zelle207\">Num\u00e9ro d&rsquo;article&nbsp;:<\/td>\n<td id=\"Zelle208\">1.012.10<\/td>\n<\/tr>\n<\/tbody>\n<\/table>\n<h2><\/h2>\n<p><strong>Avec plaque de base :<\/strong><\/p>\n<div id=\"Tabelle12LYR\">\n<table id=\"Tabelle12\" border=\"1\">\n<tbody>\n<tr>\n<td id=\"Zelle247\">Hauteur centrale&nbsp;:<\/td>\n<td id=\"Zelle248\">250mm<\/td>\n<\/tr>\n<tr>\n<td id=\"Zelle249\">\u00f8 d&rsquo;enroulement&nbsp;:<\/td>\n<td id=\"Zelle250\">Max. 500mm<\/td>\n<\/tr>\n<tr>\n<td id=\"Zelle259\">Dimension:<\/td>\n<td id=\"Zelle260\">95 cm x 65 cm x 50 cm<\/td>\n<\/tr>\n<tr>\n<td id=\"Zelle261\">Poids:<\/td>\n<td id=\"Zelle262\">60 kg<\/td>\n<\/tr>\n<tr>\n<td id=\"Zelle263\">Num\u00e9ro d&rsquo;article&nbsp;:<\/td>\n<td id=\"Zelle264\">1.012.11<\/td>\n<\/tr>\n<\/tbody>\n<\/table>\n<\/div>\n<p><strong>Avec table \u00e0 langer :<\/strong><\/p>\n<div id=\"Tabelle13LYR\">\n<table id=\"Tabelle13\" border=\"1\">\n<tbody>\n<tr>\n<td id=\"Zelle267\">Hauteur centrale&nbsp;:<\/td>\n<td id=\"Zelle268\">290mm<\/td>\n<\/tr>\n<tr>\n<td id=\"Zelle269\">\u00f8 d&rsquo;enroulement&nbsp;:<\/td>\n<td id=\"Zelle270\">Max. 550mm<\/td>\n<\/tr>\n<tr>\n<td id=\"Zelle279\">Dimension:<\/td>\n<td id=\"Zelle280\">150x70cm<\/td>\n<\/tr>\n<tr>\n<td id=\"Zelle281\">Poids:<\/td>\n<td id=\"Zelle282\">140 kg<\/td>\n<\/tr>\n<tr>\n<td id=\"Zelle283\">Num\u00e9ro d&rsquo;article&nbsp;:<\/td>\n<td id=\"Zelle284\">1.012.10 + 1.012.65<\/td>\n<\/tr>\n<\/tbody>\n<\/table>\n<\/div>\n<p><strong>Avec table \u00e0 langer, plaque de base et poup\u00e9e mobile :<\/strong><\/p>\n<div id=\"Tabelle14LYR\">\n<table id=\"Tabelle14\" border=\"1\">\n<tbody>\n<tr>\n<td id=\"Zelle285\">Hauteur centrale&nbsp;:<\/td>\n<td id=\"Zelle286\">250mm<\/td>\n<\/tr>\n<tr>\n<td id=\"Zelle287\">\u00f8 d&rsquo;enroulement&nbsp;:<\/td>\n<td id=\"Zelle288\">Max. 500mm<\/td>\n<\/tr>\n<tr>\n<td id=\"Zelle289\">Dimension:<\/td>\n<td id=\"Zelle290\">150cm x 70cm<\/td>\n<\/tr>\n<tr>\n<td id=\"Zelle291\">Poids:<\/td>\n<td id=\"Zelle292\">146kg<\/td>\n<\/tr>\n<tr>\n<td id=\"Zelle293\">Num\u00e9ro d&rsquo;article&nbsp;:<\/td>\n<td id=\"Zelle294\">1.012.11 + 1.012.65<\/td>\n<\/tr>\n<\/tbody>\n<\/table>\n<\/div>\n<p>&nbsp;<\/p>\n","protected":false},"excerpt":{"rendered":"<div id=\"Text68LYR\" class=\"TextObject\">\n<h2>\u00c9quipement:<\/h2>\n<\/div>\n<div id=\"Tabelle10LYR\">\n<table id=\"Tabelle10\" border=\"1\">\n<tbody>\n<tr>\n<td id=\"Zelle209\">Num\u00e9ro d&rsquo;article<\/td>\n<td id=\"Zelle210\">la d\u00e9signation<\/td>\n<\/tr>\n<tr>\n<td id=\"Zelle213\">1.011.10<\/td>\n<td id=\"Zelle214\">Plastron \u00f8 300<\/td>\n<\/tr>\n<tr>\n<td id=\"Zelle215\">1.011.14<\/td>\n<td id=\"Zelle216\">Plastron \u00f8 400<\/td>\n<\/tr>\n<tr>\n<td id=\"Zelle217\">1.012.80<\/td>\n<td id=\"Zelle218\">Mandrin \u00f8 250<\/td>\n<\/tr>\n<tr>\n<td id=\"Zelle219\">1.012.70<\/td>\n<td id=\"Zelle220\">Mandrin de bobinage M8<\/td>\n<\/tr>\n<tr>\n<td id=\"Zelle221\">1.012.72<\/td>\n<td id=\"Zelle222\">Mandrin de bobinage M10<\/td>\n<\/tr>\n<tr>\n<td id=\"Zelle223\">1.012.74<\/td>\n<td id=\"Zelle224\">Mandrin de bobinage M12<\/td>\n<\/tr>\n<tr>\n<td id=\"Zelle225\">1.012.76<\/td>\n<td id=\"Zelle226\">Mandrin de bobinage M14<\/td>\n<\/tr>\n<tr>\n<td id=\"Zelle227\">2.042.00<\/td>\n<td id=\"Zelle228\">Dispositif d&rsquo;enroulement petit progr\u00e8s<\/td>\n<\/tr>\n<tr>\n<td id=\"Zelle236\">6.087.20<\/td>\n<td id=\"Zelle235\">Sortie de fil pour 1 rouleau de fil<\/td>\n<\/tr>\n<tr>\n<td id=\"Zelle229\">6.087.00<\/td>\n<td id=\"Zelle230\">Cadre de vidange 3 rouleaux de fil<\/td>\n<\/tr>\n<tr>\n<td id=\"Zelle231\">6.087.10<\/td>\n<td id=\"Zelle232\">Cadre de vidange 1 rouleau de fil<\/td>\n<\/tr>\n<tr>\n<td id=\"Zelle233\">1.012.82<\/td>\n<td id=\"Zelle234\">Mandrin \u00e0 trois mors \u00f8 125<\/td>\n<\/tr>\n<\/tbody>\n<\/table>\n<\/div>\n","protected":false},"featured_media":2673,"comment_status":"closed","ping_status":"closed","template":"","meta":[],"product_brand":[],"product_cat":[136],"product_tag":[],"class_list":{"0":"post-5582","1":"product","2":"type-product","3":"status-publish","4":"has-post-thumbnail","6":"product_cat-enveloppement","8":"first","9":"instock","10":"taxable","11":"shipping-taxable","12":"product-type-variable"},"_links":{"self":[{"href":"https:\/\/www.karl-wetzel.com\/fr\/wp-json\/wp\/v2\/product\/5582","targetHints":{"allow":["GET"]}}],"collection":[{"href":"https:\/\/www.karl-wetzel.com\/fr\/wp-json\/wp\/v2\/product"}],"about":[{"href":"https:\/\/www.karl-wetzel.com\/fr\/wp-json\/wp\/v2\/types\/product"}],"replies":[{"embeddable":true,"href":"https:\/\/www.karl-wetzel.com\/fr\/wp-json\/wp\/v2\/comments?post=5582"}],"wp:featuredmedia":[{"embeddable":true,"href":"https:\/\/www.karl-wetzel.com\/fr\/wp-json\/wp\/v2\/media\/2673"}],"wp:attachment":[{"href":"https:\/\/www.karl-wetzel.com\/fr\/wp-json\/wp\/v2\/media?parent=5582"}],"wp:term":[{"taxonomy":"product_brand","embeddable":true,"href":"https:\/\/www.karl-wetzel.com\/fr\/wp-json\/wp\/v2\/product_brand?post=5582"},{"taxonomy":"product_cat","embeddable":true,"href":"https:\/\/www.karl-wetzel.com\/fr\/wp-json\/wp\/v2\/product_cat?post=5582"},{"taxonomy":"product_tag","embeddable":true,"href":"https:\/\/www.karl-wetzel.com\/fr\/wp-json\/wp\/v2\/product_tag?post=5582"}],"curies":[{"name":"wp","href":"https:\/\/api.w.org\/{rel}","templated":true}]}}