{"id":5568,"date":"2022-01-16T14:59:27","date_gmt":"2022-01-16T14:26:21","guid":{"rendered":"https:\/\/www.karl-wetzel.com\/produkt\/variante-de-bobineuse\/"},"modified":"2022-10-02T16:15:03","modified_gmt":"2022-10-02T14:15:03","slug":"variable","status":"publish","type":"product","link":"https:\/\/www.karl-wetzel.com\/fr\/produit\/variable\/","title":{"rendered":"Variante de machine \u00e0 bobines"},"content":{"rendered":"<p>Le bobinoir Variat est fabriqu\u00e9 en tant que bobinoir manuel ou en tant que bobinoir \u00e0 couches avec pose de fil automatique jusqu&rsquo;\u00e0 1800 mm.<\/p>\n<p>La machine est particuli\u00e8rement adapt\u00e9e au bobinage de bobines de transformateur, de haute tension, de stator et d&rsquo;arr\u00eat, les spirales peuvent \u00e9galement \u00eatre enroul\u00e9es. L&rsquo;entra\u00eenement peut \u00eatre contr\u00f4l\u00e9 \u00e0 tous les niveaux via un servomoteur et un contr\u00f4leur Siemens S7-1200 et est bien s\u00fbr \u00e9galement r\u00e9glable en continu jusqu&rsquo;\u00e0 1000 tr\/min. Une rotation dans le sens inverse des aiguilles d&rsquo;une montre ou dans le sens des aiguilles d&rsquo;une montre de la broche d&rsquo;enroulement est effectu\u00e9e par un bouton. La machine atteint un couple de 200 Nm gr\u00e2ce \u00e0 un r\u00e9ducteur 10:1.<\/p>\n<p>L&rsquo;entra\u00eenement de pose du fil est command\u00e9 s\u00e9par\u00e9ment par un autre servomoteur, est r\u00e9glable en continu de 0 \u00e0 1000 mm\/tr et peut \u00eatre coupl\u00e9 \u00e9lectriquement au moteur d&rsquo;entra\u00eenement. Les mouvements d&rsquo;alimentation du chariot de pose de fil sont commut\u00e9s avec pr\u00e9cision aux fins de course r\u00e9gl\u00e9s et aux accouplements sp\u00e9ciaux.<\/p>\n<p>Les virages et\/ou couches sont s\u00e9lectionn\u00e9s par le contr\u00f4leur.<\/p>\n","protected":false},"excerpt":{"rendered":"<p>Le bobinoir Variat est fabriqu\u00e9 en tant que bobinoir manuel ou en tant que bobinoir \u00e0 couches avec pose de fil automatique jusqu&rsquo;\u00e0 1800 mm. La machine est particuli\u00e8rement adapt\u00e9e au bobinage de bobines de transformateur, de haute tension, de stator et d&rsquo;arr\u00eat, les spirales peuvent \u00e9galement \u00eatre enroul\u00e9es. L&rsquo;entra\u00eenement peut \u00eatre contr\u00f4l\u00e9 \u00e0 tous &#8230; <a title=\"Variante de machine \u00e0 bobines\" class=\"read-more\" href=\"https:\/\/www.karl-wetzel.com\/fr\/produit\/variable\/\" aria-label=\"En savoir plus sur Variante de machine \u00e0 bobines\">Lire la suite<\/a><\/p>\n","protected":false},"featured_media":5530,"comment_status":"closed","ping_status":"closed","template":"","meta":[],"product_brand":[],"product_cat":[136],"product_tag":[],"class_list":{"0":"post-5568","1":"product","2":"type-product","3":"status-publish","4":"has-post-thumbnail","6":"product_cat-enveloppement","8":"first","9":"instock","10":"taxable","11":"shipping-taxable","12":"product-type-variable"},"_links":{"self":[{"href":"https:\/\/www.karl-wetzel.com\/fr\/wp-json\/wp\/v2\/product\/5568","targetHints":{"allow":["GET"]}}],"collection":[{"href":"https:\/\/www.karl-wetzel.com\/fr\/wp-json\/wp\/v2\/product"}],"about":[{"href":"https:\/\/www.karl-wetzel.com\/fr\/wp-json\/wp\/v2\/types\/product"}],"replies":[{"embeddable":true,"href":"https:\/\/www.karl-wetzel.com\/fr\/wp-json\/wp\/v2\/comments?post=5568"}],"wp:featuredmedia":[{"embeddable":true,"href":"https:\/\/www.karl-wetzel.com\/fr\/wp-json\/wp\/v2\/media\/5530"}],"wp:attachment":[{"href":"https:\/\/www.karl-wetzel.com\/fr\/wp-json\/wp\/v2\/media?parent=5568"}],"wp:term":[{"taxonomy":"product_brand","embeddable":true,"href":"https:\/\/www.karl-wetzel.com\/fr\/wp-json\/wp\/v2\/product_brand?post=5568"},{"taxonomy":"product_cat","embeddable":true,"href":"https:\/\/www.karl-wetzel.com\/fr\/wp-json\/wp\/v2\/product_cat?post=5568"},{"taxonomy":"product_tag","embeddable":true,"href":"https:\/\/www.karl-wetzel.com\/fr\/wp-json\/wp\/v2\/product_tag?post=5568"}],"curies":[{"name":"wp","href":"https:\/\/api.w.org\/{rel}","templated":true}]}}