{"id":5478,"date":"2021-12-26T10:50:11","date_gmt":"2022-01-16T13:02:55","guid":{"rendered":"https:\/\/www.karl-wetzel.com\/produkt\/machine-a-couches-tw15\/"},"modified":"2022-11-03T09:06:45","modified_gmt":"2022-11-03T08:06:45","slug":"couche-machine-tw","status":"publish","type":"product","link":"https:\/\/www.karl-wetzel.com\/fr\/produit\/couche-machine-tw\/","title":{"rendered":"coucheuse TW"},"content":{"rendered":"<p>Le bobinoir TW 15 est un bobinoir de pr\u00e9cision adapt\u00e9 au bobinage :<\/p>\n<ul>\n<li>bobines de transformateur<\/li>\n<li>bobines de disque<\/li>\n<li>bobines d&rsquo;arr\u00eat<\/li>\n<li>bobines d&rsquo;allumage<\/li>\n<li>bobines de relais<\/li>\n<li>bobines de champ<\/li>\n<li>former des bobines<\/li>\n<li>etc.<\/li>\n<\/ul>\n<p>La plage de vitesse peut \u00eatre pr\u00e9r\u00e9gl\u00e9e \u00e0 l&rsquo;infini \u00e0 l&rsquo;aide d&rsquo;un potentiom\u00e8tre. La vitesse de la broche peut \u00eatre r\u00e9gl\u00e9e en continu avec la p\u00e9dale dans la plage de vitesse pr\u00e9c\u00e9demment r\u00e9gl\u00e9e. L&rsquo;avance est r\u00e9glable en continu \u00e0 l&rsquo;aide d&rsquo;un volant.<\/p>\n<p>\u00c9quipement standard:<\/p>\n<ul>\n<li>Table de machine 150 cm x 70 cm<\/li>\n<li>1 guide-fil<\/li>\n<li>Poup\u00e9e mobile avec pointe<\/li>\n<\/ul>\n<p>Accessoires sp\u00e9ciaux :<\/p>\n<div id=\"Tabelle10LYR\">\n<table id=\"Tabelle10\" border=\"1\">\n<tbody>\n<tr>\n<td id=\"Zelle219\">Num\u00e9ro d&rsquo;article<\/td>\n<td id=\"Zelle220\">la description<\/td>\n<\/tr>\n<tr>\n<td id=\"Zelle221\">1.012.36.01<\/td>\n<td id=\"Zelle222\">guide-fil suppl\u00e9mentaire<\/td>\n<\/tr>\n<tr>\n<td id=\"Zelle223\">1.012.36.05<\/td>\n<td id=\"Zelle224\">surveillance de rupture de fil<\/td>\n<\/tr>\n<tr>\n<td id=\"Zelle225\">1.012.36.09<\/td>\n<td id=\"Zelle226\">Mandrin de bobinage M6<\/td>\n<\/tr>\n<tr>\n<td id=\"Zelle227\">1.012.36.10<\/td>\n<td id=\"Zelle228\">Mandrin de bobinage M8<\/td>\n<\/tr>\n<tr>\n<td id=\"Zelle229\">1.012.36.12<\/td>\n<td id=\"Zelle230\">Mandrin de bobinage M10<\/td>\n<\/tr>\n<tr>\n<td id=\"Zelle231\">1.012.36.14<\/td>\n<td id=\"Zelle232\">Mandrin de bobinage M12<\/td>\n<\/tr>\n<tr>\n<td id=\"Zelle233\">1.012.36.16<\/td>\n<td id=\"Zelle234\">Mandrin de bobinage M14<\/td>\n<\/tr>\n<tr>\n<td id=\"Zelle235\">1.012.36.17<\/td>\n<td id=\"Zelle236\">Mandrin de bobinage M16<\/td>\n<\/tr>\n<tr>\n<td id=\"Zelle237\">1.012.36.18<\/td>\n<td id=\"Zelle238\">Mandrin de bobinage M18<\/td>\n<\/tr>\n<tr>\n<td id=\"Zelle239\">1.012.36.19<\/td>\n<td id=\"Zelle240\">Mandrin de bobinage M20<\/td>\n<\/tr>\n<\/tbody>\n<\/table>\n<\/div>\n","protected":false},"excerpt":{"rendered":"<h2>Sp\u00e9cifications techniques:<\/h2>\n<table id=\"Tabelle9\" border=\"1\">\n<tbody>\n<tr>\n<td id=\"Zelle189\">table \u00e0 langer :<\/td>\n<td id=\"Zelle190\">120 cm x 60 cm x 85 cm<\/td>\n<\/tr>\n<tr>\n<td id=\"Zelle191\">vitesses d&rsquo;enroulement :<\/td>\n<td id=\"Zelle192\">45 \/ 55 \/ 70 \/ 80 \/ 110 \/ 140 tr\/min.<\/td>\n<\/tr>\n<tr>\n<td id=\"Zelle193\">Diam\u00e8tre de l&rsquo;arbre de sortie :<\/td>\n<td id=\"Zelle194\">35mm<\/td>\n<\/tr>\n<tr>\n<td id=\"Zelle195\">Valeur de connexion&nbsp;:<\/td>\n<td id=\"Zelle196\">400 volts&nbsp;; 3 phases&nbsp;; 50Hz<\/td>\n<\/tr>\n<tr>\n<td id=\"Zelle197\">Dimension machine&nbsp;:<\/td>\n<td id=\"Zelle198\">135 cm x 60 cm x 105 cm<\/td>\n<\/tr>\n<tr>\n<td id=\"Zelle199\">Poids:<\/td>\n<td id=\"Zelle200\">83 kg<\/td>\n<\/tr>\n<tr>\n<td id=\"Zelle201\">Num\u00e9ro d&rsquo;article&nbsp;:<\/td>\n<td id=\"Zelle202\">1.012.36<\/td>\n<\/tr>\n<\/tbody>\n<\/table>\n","protected":false},"featured_media":2679,"comment_status":"closed","ping_status":"closed","template":"","meta":[],"product_brand":[],"product_cat":[136],"product_tag":[],"class_list":{"0":"post-5478","1":"product","2":"type-product","3":"status-publish","4":"has-post-thumbnail","6":"product_cat-enveloppement","8":"first","9":"instock","10":"taxable","11":"shipping-taxable","12":"product-type-variable"},"_links":{"self":[{"href":"https:\/\/www.karl-wetzel.com\/fr\/wp-json\/wp\/v2\/product\/5478","targetHints":{"allow":["GET"]}}],"collection":[{"href":"https:\/\/www.karl-wetzel.com\/fr\/wp-json\/wp\/v2\/product"}],"about":[{"href":"https:\/\/www.karl-wetzel.com\/fr\/wp-json\/wp\/v2\/types\/product"}],"replies":[{"embeddable":true,"href":"https:\/\/www.karl-wetzel.com\/fr\/wp-json\/wp\/v2\/comments?post=5478"}],"wp:featuredmedia":[{"embeddable":true,"href":"https:\/\/www.karl-wetzel.com\/fr\/wp-json\/wp\/v2\/media\/2679"}],"wp:attachment":[{"href":"https:\/\/www.karl-wetzel.com\/fr\/wp-json\/wp\/v2\/media?parent=5478"}],"wp:term":[{"taxonomy":"product_brand","embeddable":true,"href":"https:\/\/www.karl-wetzel.com\/fr\/wp-json\/wp\/v2\/product_brand?post=5478"},{"taxonomy":"product_cat","embeddable":true,"href":"https:\/\/www.karl-wetzel.com\/fr\/wp-json\/wp\/v2\/product_cat?post=5478"},{"taxonomy":"product_tag","embeddable":true,"href":"https:\/\/www.karl-wetzel.com\/fr\/wp-json\/wp\/v2\/product_tag?post=5478"}],"curies":[{"name":"wp","href":"https:\/\/api.w.org\/{rel}","templated":true}]}}