{"id":5439,"date":"2021-12-26T10:50:12","date_gmt":"2022-01-16T13:01:35","guid":{"rendered":"https:\/\/www.karl-wetzel.com\/produkt\/ciseaux-de-serrage-200-350-500\/"},"modified":"2025-04-03T17:46:32","modified_gmt":"2025-04-03T15:46:32","slug":"ciseaux-de-serrage-200-350-500","status":"publish","type":"product","link":"https:\/\/www.karl-wetzel.com\/fr\/produit\/ciseaux-de-serrage-200-350-500\/","title":{"rendered":"Ciseaux de serrage 200 | 350 | 500"},"content":{"rendered":"<p><b>Nos ciseaux de serrage en taille 200 | 350 | 500 sont pour les bagues de serrage de type A, B et C. Id\u00e9al pour fixer solidement des moteurs de diff\u00e9rentes tailles.<br \/>\n<\/b><\/p>\n","protected":false},"excerpt":{"rendered":"<h2>Sp\u00e9cifications techniques:<\/h2>\n<div id=\"Text68LYR\" class=\"TextObject\">\n<div id=\"Text69LYR\" class=\"TextObject\">\n<p><b>version \u00e0 1 \u00e9tage&nbsp;; 1 jeu = 3 pi\u00e8ces :<\/b><\/p>\n<\/div>\n<div id=\"Tabelle11LYR\">\n<table id=\"Tabelle11\" border=\"1\">\n<tbody>\n<tr>\n<td id=\"Zelle225\">bague de serrage :<\/td>\n<td id=\"Zelle226\">\n<p style=\"text-align: center;\">200<\/p>\n<\/td>\n<td id=\"Zelle227\" style=\"text-align: center;\">350<\/td>\n<td id=\"Zelle228\">\n<p style=\"text-align: center;\">500<\/p>\n<\/td>\n<\/tr>\n<tr>\n<td id=\"Zelle229\">Plage de serrage :<\/td>\n<td id=\"Zelle230\">55 &#8211; 140 mm<\/td>\n<td id=\"Zelle231\">75 &#8211; 275 mm<\/td>\n<td id=\"Zelle232\">275 &#8211; 380 mm<\/td>\n<\/tr>\n<tr>\n<td id=\"Zelle233\">Num\u00e9ro d&rsquo;article&nbsp;:<\/td>\n<td id=\"Zelle234\">\n<p style=\"text-align: center;\">7.051.10<\/p>\n<\/td>\n<td id=\"Zelle235\" style=\"text-align: center;\">7.051.30<\/td>\n<td id=\"Zelle236\">\n<p style=\"text-align: center;\">7.051.50<\/p>\n<\/td>\n<\/tr>\n<\/tbody>\n<\/table>\n<\/div>\n<p><b>version \u00e0 2 \u00e9tages&nbsp;; 1 jeu = 3 pi\u00e8ces<\/b><\/p>\n<\/div>\n<div id=\"Tabelle10LYR\">\n<table id=\"Tabelle10\" border=\"1\">\n<tbody>\n<tr>\n<td id=\"Zelle213\">bague de serrage :<\/td>\n<td id=\"Zelle214\">\n<p style=\"text-align: center;\">200<\/p>\n<\/td>\n<td id=\"Zelle215\" style=\"text-align: center;\">350<\/td>\n<td id=\"Zelle216\">\n<p style=\"text-align: center;\">500<\/p>\n<\/td>\n<\/tr>\n<tr>\n<td id=\"Zelle217\">Plage de serrage :<\/td>\n<td id=\"Zelle218\">15 &#8211; 100 mm<\/td>\n<td id=\"Zelle219\">25 &#8211; 225 mm<\/td>\n<td id=\"Zelle220\">95 &#8211; 320 mm<\/td>\n<\/tr>\n<tr>\n<td id=\"Zelle221\">Num\u00e9ro d&rsquo;article&nbsp;:<\/td>\n<td id=\"Zelle222\">\n<p style=\"text-align: center;\">7.051.20<\/p>\n<\/td>\n<td id=\"Zelle223\" style=\"text-align: center;\">7.051-40<\/td>\n<td id=\"Zelle224\">\n<p style=\"text-align: center;\">7.051.60<\/p>\n<\/td>\n<\/tr>\n<\/tbody>\n<\/table>\n<div id=\"Text69LYR\" class=\"TextObject\"><\/div>\n<div id=\"Tabelle11LYR\"><\/div>\n<\/div>\n","protected":false},"featured_media":2685,"comment_status":"closed","ping_status":"closed","template":"","meta":[],"product_brand":[],"product_cat":[148,324,157],"product_tag":[],"class_list":{"0":"post-5439","1":"product","2":"type-product","3":"status-publish","4":"has-post-thumbnail","6":"product_cat-assemblee","7":"product_cat-bague-de-serrage","8":"product_cat-outils","10":"first","11":"instock","12":"taxable","13":"shipping-taxable","14":"product-type-variable"},"_links":{"self":[{"href":"https:\/\/www.karl-wetzel.com\/fr\/wp-json\/wp\/v2\/product\/5439","targetHints":{"allow":["GET"]}}],"collection":[{"href":"https:\/\/www.karl-wetzel.com\/fr\/wp-json\/wp\/v2\/product"}],"about":[{"href":"https:\/\/www.karl-wetzel.com\/fr\/wp-json\/wp\/v2\/types\/product"}],"replies":[{"embeddable":true,"href":"https:\/\/www.karl-wetzel.com\/fr\/wp-json\/wp\/v2\/comments?post=5439"}],"wp:featuredmedia":[{"embeddable":true,"href":"https:\/\/www.karl-wetzel.com\/fr\/wp-json\/wp\/v2\/media\/2685"}],"wp:attachment":[{"href":"https:\/\/www.karl-wetzel.com\/fr\/wp-json\/wp\/v2\/media?parent=5439"}],"wp:term":[{"taxonomy":"product_brand","embeddable":true,"href":"https:\/\/www.karl-wetzel.com\/fr\/wp-json\/wp\/v2\/product_brand?post=5439"},{"taxonomy":"product_cat","embeddable":true,"href":"https:\/\/www.karl-wetzel.com\/fr\/wp-json\/wp\/v2\/product_cat?post=5439"},{"taxonomy":"product_tag","embeddable":true,"href":"https:\/\/www.karl-wetzel.com\/fr\/wp-json\/wp\/v2\/product_tag?post=5439"}],"curies":[{"name":"wp","href":"https:\/\/api.w.org\/{rel}","templated":true}]}}