{"id":5424,"date":"2021-12-26T10:50:12","date_gmt":"2022-01-16T13:00:57","guid":{"rendered":"https:\/\/www.karl-wetzel.com\/produkt\/bague-de-serrage-type-c\/"},"modified":"2024-05-27T11:23:40","modified_gmt":"2024-05-27T09:23:40","slug":"bague-de-serrage-type-c","status":"publish","type":"product","link":"https:\/\/www.karl-wetzel.com\/fr\/produit\/bague-de-serrage-type-c\/","title":{"rendered":"Bague de serrage TYPE C"},"content":{"rendered":"<h2>\u00c9quipement:<\/h2>\n<table style=\"height: 386px;\" width=\"541\">\n<tbody>\n<tr>\n<td width=\"186\">Jeu de ciseaux de serrage (3 pi\u00e8ces)<\/td>\n<td width=\"136\">diam\u00e8tre de serrage<\/td>\n<td width=\"101\">Num\u00e9ro d&rsquo;article<\/td>\n<\/tr>\n<tr>\n<td width=\"186\">pour bague \u00ab\u00a0200\u00a0\u00bb une \u00e9tape<\/td>\n<td width=\"136\">environ 55 &#8211; 140 mm<\/td>\n<td width=\"101\">7.051.10<\/td>\n<\/tr>\n<tr>\n<td width=\"186\">pour bague \u00ab\u00a0350\u00a0\u00bb une \u00e9tape<\/td>\n<td width=\"136\">environ 75 &#8211; 275 mm<\/td>\n<td width=\"101\">7.051.30<\/td>\n<\/tr>\n<tr>\n<td width=\"186\">pour bague \u00ab\u00a0500\u00a0\u00bb un pas<\/td>\n<td width=\"136\">environ 275 &#8211; 380 mm<\/td>\n<td width=\"101\">7.051.50<\/td>\n<\/tr>\n<tr>\n<td width=\"186\">pour anneau \u00ab\u00a0200\u00a0\u00bb \u00e0 deux \u00e9tages<\/td>\n<td width=\"136\">environ 15 &#8211; 100 mm<\/td>\n<td width=\"101\">7.051.20<\/td>\n<\/tr>\n<tr>\n<td width=\"186\">pour anneau \u00ab\u00a0350\u00a0\u00bb \u00e0 deux \u00e9tages<\/td>\n<td width=\"136\">environ 25 &#8211; 225 mm<\/td>\n<td width=\"101\">7.051.40<\/td>\n<\/tr>\n<tr>\n<td width=\"186\">pour anneau \u00ab\u00a0500\u00a0\u00bb \u00e0 deux \u00e9tages<\/td>\n<td width=\"136\">environ 95 &#8211; 320 mm<\/td>\n<td width=\"101\">7.051.60<\/td>\n<\/tr>\n<\/tbody>\n<\/table>\n<div id=\"Tabelle10LYR\"><\/div>\n","protected":false},"excerpt":{"rendered":"<p>La bague de serrage \u00ab\u00a0C\u00a0\u00bb peut \u00eatre tourn\u00e9e dans n&rsquo;importe quelle position inclin\u00e9e ou horizontale. Cet avantage est particuli\u00e8rement souhaitable lorsque l&rsquo;instillation, la commutation et le bandage sont effectu\u00e9s sur un m\u00eame lieu de travail. Les anneaux C-200 et C-350 sont \u00e9galement r\u00e9glables en hauteur et s&rsquo;adaptent donc \u00e0 n&rsquo;importe quel lieu de travail.<\/p>\n<p>Voici notre d\u00e9pliant produit : <span style=\"color: #ff0000;\"><a style=\"color: #ff0000;\" href=\"https:\/\/www.karl-wetzel.com\/wp-content\/uploads\/2023\/06\/Einspannringe-Seite-1.pdf\" target=\"_blank\" rel=\"noopener\">Page 1<\/a><\/span> | <span style=\"color: #ff0000;\"><a style=\"color: #ff0000;\" href=\"https:\/\/www.karl-wetzel.com\/wp-content\/uploads\/2023\/06\/Einspannringe-Seite-2.pdf\" target=\"_blank\" rel=\"noopener\">Page 2<\/a><\/span><\/p>\n<p><strong>Sp\u00e9cifications techniques:<\/strong><\/p>\n<div id=\"Tabelle10LYR\">\n<div id=\"Tabelle6LYR\">\n<table style=\"height: 178px;\" width=\"591\">\n<tbody>\n<tr>\n<td width=\"186\">bague de serrage :<\/td>\n<td width=\"107\">C-200<\/td>\n<td width=\"107\">C-350<\/td>\n<td width=\"107\">C-500<\/td>\n<\/tr>\n<tr>\n<td width=\"186\">diam\u00e8tre de serrage :<\/td>\n<td width=\"107\">Max. D 160mm<\/td>\n<td width=\"107\">Max. D 310mm<\/td>\n<td width=\"107\">Max. D 450mm<\/td>\n<\/tr>\n<tr>\n<td width=\"186\">poids de serrage :<\/td>\n<td width=\"107\">jusqu&rsquo;\u00e0 environ 30 kg<\/td>\n<td width=\"107\">jusqu&rsquo;\u00e0 environ 70 kg<\/td>\n<td width=\"107\">jusqu&rsquo;\u00e0 environ 150 kg<\/td>\n<\/tr>\n<tr>\n<td width=\"186\">Poids:<\/td>\n<td width=\"107\">26kg<\/td>\n<td width=\"107\">61 kg<\/td>\n<td width=\"107\">122 kg<\/td>\n<\/tr>\n<tr>\n<td width=\"186\">Num\u00e9ro d&rsquo;article&nbsp;:<\/td>\n<td width=\"107\">4.078.10<\/td>\n<td width=\"107\">4.078.20<\/td>\n<td width=\"107\">4.078.30<\/td>\n<\/tr>\n<\/tbody>\n<\/table>\n<\/div>\n<\/div>\n","protected":false},"featured_media":2688,"comment_status":"closed","ping_status":"closed","template":"","meta":[],"product_brand":[],"product_cat":[324],"product_tag":[],"class_list":{"0":"post-5424","1":"product","2":"type-product","3":"status-publish","4":"has-post-thumbnail","6":"product_cat-bague-de-serrage","8":"first","9":"instock","10":"taxable","11":"shipping-taxable","12":"product-type-variable"},"_links":{"self":[{"href":"https:\/\/www.karl-wetzel.com\/fr\/wp-json\/wp\/v2\/product\/5424","targetHints":{"allow":["GET"]}}],"collection":[{"href":"https:\/\/www.karl-wetzel.com\/fr\/wp-json\/wp\/v2\/product"}],"about":[{"href":"https:\/\/www.karl-wetzel.com\/fr\/wp-json\/wp\/v2\/types\/product"}],"replies":[{"embeddable":true,"href":"https:\/\/www.karl-wetzel.com\/fr\/wp-json\/wp\/v2\/comments?post=5424"}],"wp:featuredmedia":[{"embeddable":true,"href":"https:\/\/www.karl-wetzel.com\/fr\/wp-json\/wp\/v2\/media\/2688"}],"wp:attachment":[{"href":"https:\/\/www.karl-wetzel.com\/fr\/wp-json\/wp\/v2\/media?parent=5424"}],"wp:term":[{"taxonomy":"product_brand","embeddable":true,"href":"https:\/\/www.karl-wetzel.com\/fr\/wp-json\/wp\/v2\/product_brand?post=5424"},{"taxonomy":"product_cat","embeddable":true,"href":"https:\/\/www.karl-wetzel.com\/fr\/wp-json\/wp\/v2\/product_cat?post=5424"},{"taxonomy":"product_tag","embeddable":true,"href":"https:\/\/www.karl-wetzel.com\/fr\/wp-json\/wp\/v2\/product_tag?post=5424"}],"curies":[{"name":"wp","href":"https:\/\/api.w.org\/{rel}","templated":true}]}}