{"id":5394,"date":"2021-12-26T10:50:13","date_gmt":"2022-01-16T13:00:18","guid":{"rendered":"https:\/\/www.karl-wetzel.com\/produkt\/bague-de-serrage-type-d\/"},"modified":"2024-05-27T11:17:33","modified_gmt":"2024-05-27T09:17:33","slug":"bague-de-serrage-type-d","status":"publish","type":"product","link":"https:\/\/www.karl-wetzel.com\/fr\/produit\/bague-de-serrage-type-d\/","title":{"rendered":"Bague de serrage TYPE D"},"content":{"rendered":"<p>La bague de serrage \u00ab\u00a0D\u00a0\u00bb est sp\u00e9cialement con\u00e7ue pour le serrage de grands supports. La base est rotative sur une table avec un dispositif de levage afin que le support lourd puisse \u00eatre facilement tourn\u00e9 autour de son propre axe. L&rsquo;anneau, qui tourne \u00e0 360 degr\u00e9s, est guid\u00e9 et mont\u00e9 sur des rouleaux. En utilisant l&rsquo;anneau, il est possible de faire fonctionner des stands de taille moyenne avec un seul travailleur, car aucune aide n&rsquo;est n\u00e9cessaire pour tourner et faire pivoter le stand. Avec de grands supports, il est possible de tenir le support dans n&rsquo;importe quelle position.<br \/>\nLes bagues de serrage sont disponibles en trois versions : manuelle, \u00e9lectrique et une version \u00e9lectrique renforc\u00e9e.<\/p>\n<p>Voici notre d\u00e9pliant produit : <span style=\"color: #ff0000;\"><a style=\"color: #ff0000;\" href=\"https:\/\/www.karl-wetzel.com\/wp-content\/uploads\/2023\/06\/Einspannringe-Seite-1.pdf\" target=\"_blank\" rel=\"noopener\">Page 1<\/a><\/span> | <span style=\"color: #ff0000;\"><a style=\"color: #ff0000;\" href=\"https:\/\/www.karl-wetzel.com\/wp-content\/uploads\/2023\/06\/Einspannringe-Seite-2.pdf\" target=\"_blank\" rel=\"noopener\">Page 2<\/a><\/span><\/p>\n<p>Equipement standard manuel :<\/p>\n<div id=\"Text71LYR\" class=\"TextObject\">\n<ul>\n<li>plaque d&rsquo;appui<\/li>\n<li>2 colliers de serrage avec 1 vis de pression chacun<\/li>\n<li>Dispositif de serrage pour anneau<\/li>\n<li>Peinture standard : bleu \/ jaune<\/li>\n<\/ul>\n<p>Equipement \u00e9lectrique de s\u00e9rie :<\/p>\n<div id=\"Text71LYR\" class=\"TextObject\">\n<ul>\n<li>Tension : 400V 50Hz<\/li>\n<li>plaque d&rsquo;appui<\/li>\n<li>2 colliers de serrage avec 1 vis de pression chacun, \u00e0 partir de D-1400&nbsp;: 2 vis de pression<\/li>\n<li>Peinture standard : bleu \/ jaune<\/li>\n<\/ul>\n<\/div>\n<p>Equipement \u00e9lectrique standard renforc\u00e9 :<\/p>\n<div id=\"Text71LYR\" class=\"TextObject\">\n<ul>\n<li>Tension : 400V 50Hz<\/li>\n<li>4 sangles de serrage avec 2 vis de pression chacune<\/li>\n<li>Peinture standard : bleu \/ jaune<\/li>\n<\/ul>\n<\/div>\n<\/div>\n<p>&nbsp;<\/p>\n","protected":false},"excerpt":{"rendered":"<p>Voici notre d\u00e9pliant produit : <span style=\"color: #ff0000;\"><a style=\"color: #ff0000;\" href=\"https:\/\/www.karl-wetzel.com\/wp-content\/uploads\/2023\/06\/Einspannringe-Seite-1.pdf\" target=\"_blank\" rel=\"noopener\">Page 1<\/a><\/span> | <span style=\"color: #ff0000;\"><a style=\"color: #ff0000;\" href=\"https:\/\/www.karl-wetzel.com\/wp-content\/uploads\/2023\/06\/Einspannringe-Seite-2.pdf\" target=\"_blank\" rel=\"noopener\">Page 2<\/a><\/span><\/p>\n<h2>Ex\u00e9cution manuelle&nbsp;:<\/h2>\n<table style=\"border-collapse: collapse; width: 300pt;\" border=\"0\" width=\"400\" cellspacing=\"0\" cellpadding=\"0\">\n<tbody>\n<tr style=\"height: 13.5pt;\">\n<td id=\"Zelle189\" class=\"xl26\" style=\"height: 13.5pt; width: 60pt;\" width=\"80\" height=\"18\">Taille:<\/td>\n<td id=\"Zelle190\" class=\"xl26\" style=\"border-left: none; width: 60pt;\" width=\"80\">D-700M<\/td>\n<td id=\"Zelle191\" class=\"xl26\" style=\"border-left: none; width: 60pt;\" width=\"80\">D-1000M<\/td>\n<td class=\"xl26\" style=\"border-left: none; width: 60pt;\" width=\"80\">D-1400M<\/td>\n<td class=\"xl26\" style=\"border-left: none; width: 60pt;\" width=\"80\">D-1800M<\/td>\n<\/tr>\n<tr style=\"height: 12.75pt;\">\n<td id=\"Zelle194\" class=\"xl24\" style=\"height: 12.75pt; border-top: none; width: 60pt;\" width=\"80\" height=\"17\">Bague:<\/td>\n<td id=\"Zelle195\" class=\"xl24\" style=\"border-top: none; border-left: none; width: 60pt;\" width=\"80\">700mm<\/td>\n<td id=\"Zelle196\" class=\"xl24\" style=\"border-top: none; border-left: none; width: 60pt;\" width=\"80\">1000mm<\/td>\n<td class=\"xl24\" style=\"border-top: none; border-left: none; width: 60pt;\" width=\"80\">1400mm<\/td>\n<td class=\"xl24\" style=\"border-top: none; border-left: none; width: 60pt;\" width=\"80\">1800mm<\/td>\n<\/tr>\n<tr style=\"height: 12.75pt;\">\n<td id=\"Zelle199\" class=\"xl24\" style=\"height: 12.75pt; border-top: none; width: 60pt;\" width=\"80\" height=\"17\">Chargement:<\/td>\n<td id=\"Zelle200\" class=\"xl24\" style=\"border-top: none; border-left: none; width: 60pt;\" width=\"80\">500 kg<\/td>\n<td id=\"Zelle201\" class=\"xl24\" style=\"border-top: none; border-left: none; width: 60pt;\" width=\"80\">600 kg<\/td>\n<td class=\"xl24\" style=\"border-top: none; border-left: none; width: 60pt;\" width=\"80\">1000 kg<\/td>\n<td class=\"xl24\" style=\"border-top: none; border-left: none; width: 60pt;\" width=\"80\">1000 kg<\/td>\n<\/tr>\n<tr style=\"height: 13.5pt;\">\n<td id=\"Zelle204\" class=\"xl25\" style=\"height: 13.5pt; border-top: none; width: 60pt;\" width=\"80\" height=\"18\">Article:<\/td>\n<td id=\"Zelle205\" class=\"xl25\" style=\"border-top: none; border-left: none; width: 60pt;\" width=\"80\">4.080.10<\/td>\n<td id=\"Zelle206\" class=\"xl25\" style=\"border-top: none; border-left: none; width: 60pt;\" width=\"80\">4.080.20<\/td>\n<td class=\"xl25\" style=\"border-top: none; border-left: none; width: 60pt;\" width=\"80\">4.080.30<\/td>\n<td class=\"xl25\" style=\"border-top: none; border-left: none; width: 60pt;\" width=\"80\">4.080.40<\/td>\n<\/tr>\n<\/tbody>\n<\/table>\n<div id=\"Text73LYR\" class=\"TextObject\">\n<h2>Conception \u00e9lectrique&nbsp;:<\/h2>\n<\/div>\n<div id=\"Tabelle10LYR\">\n<table id=\"Tabelle10\" border=\"1\">\n<tbody>\n<tr>\n<td id=\"Zelle209\">Taille:<\/td>\n<td id=\"Zelle210\">D-700E<\/td>\n<td id=\"Zelle211\">D-1000E<\/td>\n<td id=\"Zelle212\">D-1400E<\/td>\n<td id=\"Zelle213\">D-1800E<\/td>\n<\/tr>\n<tr>\n<td id=\"Zelle214\">Bague:<\/td>\n<td id=\"Zelle215\">700mm<\/td>\n<td id=\"Zelle216\">1000mm<\/td>\n<td id=\"Zelle217\">1400mm<\/td>\n<td id=\"Zelle218\">1800mm<\/td>\n<\/tr>\n<tr>\n<td id=\"Zelle219\">Chargement:<\/td>\n<td id=\"Zelle220\">500 kg<\/td>\n<td id=\"Zelle221\">750kg<\/td>\n<td id=\"Zelle222\">1000 kg<\/td>\n<td id=\"Zelle223\">1200kg<\/td>\n<\/tr>\n<tr>\n<td id=\"Zelle224\">Article:<\/td>\n<td id=\"Zelle225\">4.082.10<\/td>\n<td id=\"Zelle226\">4.082.20<\/td>\n<td id=\"Zelle227\">4.082.30<\/td>\n<td id=\"Zelle228\">4.082.40<\/td>\n<\/tr>\n<\/tbody>\n<\/table>\n<\/div>\n<p>&nbsp;<\/p>\n<div id=\"Text78LYR\" class=\"TextObject\">\n<h2>Version E renforc\u00e9e :<\/h2>\n<\/div>\n<div id=\"Tabelle11LYR\">\n<table id=\"Tabelle11\" border=\"1\">\n<tbody>\n<tr>\n<td id=\"Zelle229\">Taille:<\/td>\n<td id=\"Zelle230\">D-700E+<\/td>\n<td id=\"Zelle231\">D-1000E+<\/td>\n<td id=\"Zelle232\">D-1400E+<\/td>\n<td id=\"Zelle233\">D-1800E+<\/td>\n<\/tr>\n<tr>\n<td id=\"Zelle234\">Bague:<\/td>\n<td id=\"Zelle235\">700mm<\/td>\n<td id=\"Zelle236\">1000mm<\/td>\n<td id=\"Zelle237\">1400mm<\/td>\n<td id=\"Zelle238\">1800mm<\/td>\n<\/tr>\n<tr>\n<td id=\"Zelle239\">Chargement:<\/td>\n<td id=\"Zelle240\">1500kg<\/td>\n<td id=\"Zelle241\">3000 kg<\/td>\n<td id=\"Zelle242\">4000 kg<\/td>\n<td id=\"Zelle243\">5000 kg<\/td>\n<\/tr>\n<tr>\n<td id=\"Zelle244\">Article:<\/td>\n<td id=\"Zelle245\">4.082.10.S<\/td>\n<td id=\"Zelle246\">4.082.20.S<\/td>\n<td id=\"Zelle247\">4.082.30.S<\/td>\n<td id=\"Zelle248\">4.082.40.S<\/td>\n<\/tr>\n<\/tbody>\n<\/table>\n<\/div>\n","protected":false},"featured_media":2691,"comment_status":"closed","ping_status":"closed","template":"","meta":[],"product_brand":[],"product_cat":[324],"product_tag":[],"class_list":{"0":"post-5394","1":"product","2":"type-product","3":"status-publish","4":"has-post-thumbnail","6":"product_cat-bague-de-serrage","8":"first","9":"instock","10":"taxable","11":"shipping-taxable","12":"product-type-variable"},"_links":{"self":[{"href":"https:\/\/www.karl-wetzel.com\/fr\/wp-json\/wp\/v2\/product\/5394","targetHints":{"allow":["GET"]}}],"collection":[{"href":"https:\/\/www.karl-wetzel.com\/fr\/wp-json\/wp\/v2\/product"}],"about":[{"href":"https:\/\/www.karl-wetzel.com\/fr\/wp-json\/wp\/v2\/types\/product"}],"replies":[{"embeddable":true,"href":"https:\/\/www.karl-wetzel.com\/fr\/wp-json\/wp\/v2\/comments?post=5394"}],"wp:featuredmedia":[{"embeddable":true,"href":"https:\/\/www.karl-wetzel.com\/fr\/wp-json\/wp\/v2\/media\/2691"}],"wp:attachment":[{"href":"https:\/\/www.karl-wetzel.com\/fr\/wp-json\/wp\/v2\/media?parent=5394"}],"wp:term":[{"taxonomy":"product_brand","embeddable":true,"href":"https:\/\/www.karl-wetzel.com\/fr\/wp-json\/wp\/v2\/product_brand?post=5394"},{"taxonomy":"product_cat","embeddable":true,"href":"https:\/\/www.karl-wetzel.com\/fr\/wp-json\/wp\/v2\/product_cat?post=5394"},{"taxonomy":"product_tag","embeddable":true,"href":"https:\/\/www.karl-wetzel.com\/fr\/wp-json\/wp\/v2\/product_tag?post=5394"}],"curies":[{"name":"wp","href":"https:\/\/api.w.org\/{rel}","templated":true}]}}