{"id":5373,"date":"2021-12-26T10:50:13","date_gmt":"2022-01-16T12:59:37","guid":{"rendered":"https:\/\/www.karl-wetzel.com\/produkt\/poste-a-langer\/"},"modified":"2025-05-05T12:12:46","modified_gmt":"2025-05-05T10:12:46","slug":"poste-a-langer","status":"publish","type":"product","link":"https:\/\/www.karl-wetzel.com\/fr\/produit\/poste-a-langer\/","title":{"rendered":"poste \u00e0 langer"},"content":{"rendered":"<p><strong>Sp\u00e9cifications techniques:<br \/>\n<\/strong><\/p>\n<ul>\n<li>Plage de serrage : 200 s : 15-140 | 350cc : 25-275 | 500&nbsp;: 95-380 mm<\/li>\n<li>3 ciseaux de serrage<\/li>\n<li>Anneau de serrage r\u00e9glable en hauteur<\/li>\n<li>4 plaques porte-c\u00e2bles<\/li>\n<li>Enregistrements pour bande de bandage<\/li>\n<li>6 bo\u00eetes de commande<\/li>\n<li>Multiprise 5 voies<\/li>\n<li>Armoire \u00e0 tiroirs verrouillable<\/li>\n<\/ul>\n","protected":false},"excerpt":{"rendered":"<h2>Changer de poste 200 | 350 | 500<\/h2>\n<p>Nos postes de bobinage sont \u00e9quip\u00e9s sur la base de l&rsquo;exp\u00e9rience pratique et conviennent aux r\u00e9parations, modifications, essais ou construction de prototypes sur le moteur \u00e9lectrique. L&rsquo;\u00e9quipement peut \u00eatre compl\u00e9t\u00e9 et \u00e9tendu selon les souhaits et les exigences du client. Par exemple, un \u00e9clairage, des bo\u00eetes de rangement ou des \u00e9ditions fixes appropri\u00e9es sont possibles. Parle-nous &#8230;<\/p>\n","protected":false},"featured_media":2703,"comment_status":"closed","ping_status":"closed","template":"","meta":[],"product_brand":[],"product_cat":[148],"product_tag":[],"class_list":{"0":"post-5373","1":"product","2":"type-product","3":"status-publish","4":"has-post-thumbnail","6":"product_cat-assemblee","8":"first","9":"instock","10":"taxable","11":"shipping-taxable","12":"product-type-variable"},"_links":{"self":[{"href":"https:\/\/www.karl-wetzel.com\/fr\/wp-json\/wp\/v2\/product\/5373","targetHints":{"allow":["GET"]}}],"collection":[{"href":"https:\/\/www.karl-wetzel.com\/fr\/wp-json\/wp\/v2\/product"}],"about":[{"href":"https:\/\/www.karl-wetzel.com\/fr\/wp-json\/wp\/v2\/types\/product"}],"replies":[{"embeddable":true,"href":"https:\/\/www.karl-wetzel.com\/fr\/wp-json\/wp\/v2\/comments?post=5373"}],"wp:featuredmedia":[{"embeddable":true,"href":"https:\/\/www.karl-wetzel.com\/fr\/wp-json\/wp\/v2\/media\/2703"}],"wp:attachment":[{"href":"https:\/\/www.karl-wetzel.com\/fr\/wp-json\/wp\/v2\/media?parent=5373"}],"wp:term":[{"taxonomy":"product_brand","embeddable":true,"href":"https:\/\/www.karl-wetzel.com\/fr\/wp-json\/wp\/v2\/product_brand?post=5373"},{"taxonomy":"product_cat","embeddable":true,"href":"https:\/\/www.karl-wetzel.com\/fr\/wp-json\/wp\/v2\/product_cat?post=5373"},{"taxonomy":"product_tag","embeddable":true,"href":"https:\/\/www.karl-wetzel.com\/fr\/wp-json\/wp\/v2\/product_tag?post=5373"}],"curies":[{"name":"wp","href":"https:\/\/api.w.org\/{rel}","templated":true}]}}