{"id":5361,"date":"2021-12-26T10:50:13","date_gmt":"2021-12-26T09:50:13","guid":{"rendered":"https:\/\/www.karl-wetzel.com\/produkt\/machine-horizontale\/"},"modified":"2026-05-01T17:32:22","modified_gmt":"2026-05-01T15:32:22","slug":"automate-horizontal","status":"publish","type":"product","link":"https:\/\/www.karl-wetzel.com\/fr\/produit\/automate-horizontal\/","title":{"rendered":"Horizonomat"},"content":{"rendered":"<p><a href=\"https:\/\/www.youtube.com\/playlist?list=PLga7aj3HB7vsNFVPqmm4wDHqODi9HbUyq\" target=\"_blank\" rel=\"noopener\"><span style=\"color: #ff0000;\"><strong>Voici nos vid\u00e9os pour tirer des bobines dans des moteurs<\/strong><\/span><\/a><\/p>\n<p>La machine d&rsquo;insertion de bobines horizontales SPEZI est adapt\u00e9e \u00e0 la production de pi\u00e8ces uniques et de petites s\u00e9ries. Un groupe de bobines est aspir\u00e9 par processus d&rsquo;amor\u00e7age.<\/p>\n<p><strong>Sp\u00e9cifications techniques<\/strong><\/p>\n<table id=\"Tabelle9\" border=\"1\">\n<tbody>\n<tr>\n<td id=\"Zelle189\">Taper:<\/td>\n<td id=\"Zelle190\">SP\u00c9CIAL 200<\/td>\n<td id=\"Zelle191\">SPEZI 350<\/td>\n<td id=\"Zelle192\">SPEZI 500<\/td>\n<\/tr>\n<tr>\n<td id=\"Zelle193\">Capacit\u00e9 de serrage :<\/td>\n<td id=\"Zelle194\">15 mm \u00e0 100 mm<\/td>\n<td id=\"Zelle195\">25 mm \u00e0 225 mm<\/td>\n<td id=\"Zelle196\">90 mm \u00e0 340 mm<\/td>\n<\/tr>\n<tr>\n<td id=\"Zelle197\">Max. Longueur du colis :<\/td>\n<td id=\"Zelle198\">150mm<\/td>\n<td id=\"Zelle199\">150mm<\/td>\n<td id=\"Zelle200\">250mm<\/td>\n<\/tr>\n<tr>\n<td id=\"Zelle201\">Course de r\u00e9traction <b>*<\/b> :<\/td>\n<td id=\"Zelle202\">200\/300 mm<\/td>\n<td id=\"Zelle203\">400 \/ 500 mm<\/td>\n<td id=\"Zelle204\">600 \/ 700 mm<\/td>\n<\/tr>\n<tr>\n<td id=\"Zelle205\">Tension de connexion :<\/td>\n<td id=\"Zelle206\" colspan=\"3\">3 x 400 V ; 50 Hz<\/td>\n<\/tr>\n<tr>\n<td id=\"Zelle209\">Dimensions:<\/td>\n<td id=\"Zelle210\">180 x 100 x 140 cm<\/td>\n<td id=\"Zelle211\">180 x 100 x 150 cm<\/td>\n<td id=\"Zelle212\">220 x 120 x 180 cm<\/td>\n<\/tr>\n<tr>\n<td id=\"Zelle213\">Poids:<\/td>\n<td id=\"Zelle214\">140 kg<\/td>\n<td id=\"Zelle215\">170 kg<\/td>\n<td id=\"Zelle216\">230 kg<\/td>\n<\/tr>\n<tr>\n<td id=\"Zelle217\">Article n\u00b0 :<\/td>\n<td id=\"Zelle218\">7 100 000<\/td>\n<td id=\"Zelle219\">7.101.00<\/td>\n<td id=\"Zelle220\">7 103,00<\/td>\n<\/tr>\n<\/tbody>\n<\/table>\n","protected":false},"excerpt":{"rendered":"<p><a href=\"https:\/\/www.youtube.com\/playlist?list=PLga7aj3HB7vsNFVPqmm4wDHqODi9HbUyq\" target=\"_blank\" rel=\"noopener\"><span style=\"color: #ff0000;\"><strong>Voici nos vid\u00e9os pour tirer des bobines dans des moteurs<\/strong><\/span><\/a><\/p>\n<h2>\u00c9quipement:<\/h2>\n<ul>\n<li>outil de r\u00e9traction<\/li>\n<li>aiguilles \u00e0 dessin<\/li>\n<li>dispositif de changement de vitesse<\/li>\n<\/ul>\n","protected":false},"featured_media":2718,"comment_status":"closed","ping_status":"closed","template":"","meta":[],"product_brand":[],"product_cat":[148],"product_tag":[],"class_list":{"0":"post-5361","1":"product","2":"type-product","3":"status-publish","4":"has-post-thumbnail","6":"product_cat-assemblee","8":"first","9":"instock","10":"taxable","11":"shipping-taxable","12":"product-type-variable"},"_links":{"self":[{"href":"https:\/\/www.karl-wetzel.com\/fr\/wp-json\/wp\/v2\/product\/5361","targetHints":{"allow":["GET"]}}],"collection":[{"href":"https:\/\/www.karl-wetzel.com\/fr\/wp-json\/wp\/v2\/product"}],"about":[{"href":"https:\/\/www.karl-wetzel.com\/fr\/wp-json\/wp\/v2\/types\/product"}],"replies":[{"embeddable":true,"href":"https:\/\/www.karl-wetzel.com\/fr\/wp-json\/wp\/v2\/comments?post=5361"}],"wp:featuredmedia":[{"embeddable":true,"href":"https:\/\/www.karl-wetzel.com\/fr\/wp-json\/wp\/v2\/media\/2718"}],"wp:attachment":[{"href":"https:\/\/www.karl-wetzel.com\/fr\/wp-json\/wp\/v2\/media?parent=5361"}],"wp:term":[{"taxonomy":"product_brand","embeddable":true,"href":"https:\/\/www.karl-wetzel.com\/fr\/wp-json\/wp\/v2\/product_brand?post=5361"},{"taxonomy":"product_cat","embeddable":true,"href":"https:\/\/www.karl-wetzel.com\/fr\/wp-json\/wp\/v2\/product_cat?post=5361"},{"taxonomy":"product_tag","embeddable":true,"href":"https:\/\/www.karl-wetzel.com\/fr\/wp-json\/wp\/v2\/product_tag?post=5361"}],"curies":[{"name":"wp","href":"https:\/\/api.w.org\/{rel}","templated":true}]}}