{"id":5319,"date":"2021-12-26T10:50:37","date_gmt":"2022-01-16T12:57:38","guid":{"rendered":"https:\/\/www.karl-wetzel.com\/produkt\/se-changer-se-deshabiller\/"},"modified":"2022-11-03T09:04:20","modified_gmt":"2022-11-03T08:04:20","slug":"envelopper-deshabiller","status":"publish","type":"product","link":"https:\/\/www.karl-wetzel.com\/fr\/produit\/envelopper-deshabiller\/","title":{"rendered":"Coil ancien ferm\u00e9"},"content":{"rendered":"<p>Le dispositif d&rsquo;enroulement et d&rsquo;extraction est utilis\u00e9 pour la production de bobines dites de forme compl\u00e8te avec manivelle, telles que celles utilis\u00e9es pour les enroulements de tambour, pour les armatures \u00e0 courant continu et \u00e9galement pour les stators \u00e0 courant triphas\u00e9 plus grands.<\/p>\n<p>Les dispositifs d&rsquo;enroulement et d&rsquo;extension avec une longueur \u00e9tir\u00e9e de 500, 700 et 1000 mm sont fournis dans une conception \u00e0 levier, avec une longueur \u00e9tir\u00e9e de plus de 1000 mm dans une conception \u00e0 broche.<\/p>\n<p><strong>Sp\u00e9cifications techniques:<\/strong><\/p>\n<table id=\"Tabelle2\" border=\"1\">\n<tbody>\n<tr>\n<td id=\"Zelle4\">Taper<\/td>\n<td id=\"Zelle5\">500<\/td>\n<td id=\"Zelle6\">700<\/td>\n<td id=\"Zelle7\">1000<\/td>\n<td id=\"Zelle8\">1200<\/td>\n<td id=\"Zelle9\">1500<\/td>\n<td id=\"Zelle10\">2000<\/td>\n<\/tr>\n<tr>\n<td id=\"Zelle11\">longueur \u00e9tir\u00e9e \u00ab\u00a0A\u00a0\u00bb [mm]<\/td>\n<td id=\"Zelle12\">130 &#8211; 500<\/td>\n<td id=\"Zelle13\">180 -700<\/td>\n<td id=\"Zelle14\">200 -1000<\/td>\n<td id=\"Zelle15\">235 &#8211; 1200<\/td>\n<td id=\"Zelle16\">260 &#8211; 1500<\/td>\n<td id=\"Zelle17\">280 &#8211; 2000<\/td>\n<\/tr>\n<tr>\n<td id=\"Zelle25\">longueur totale [mm]<\/td>\n<td id=\"Zelle26\">660<\/td>\n<td id=\"Zelle27\">900<\/td>\n<td id=\"Zelle28\">1200<\/td>\n<td id=\"Zelle29\">1400<\/td>\n<td id=\"Zelle30\">1700<\/td>\n<td id=\"Zelle31\">2250<\/td>\n<\/tr>\n<tr>\n<td id=\"Zelle32\">Entrejambe \u00ab\u00a0B\u00a0\u00bb [mm]<\/td>\n<td id=\"Zelle33\">80 &#8211; 300<\/td>\n<td id=\"Zelle34\">100 &#8211; 400<\/td>\n<td id=\"Zelle35\">120 &#8211; 480<\/td>\n<td id=\"Zelle36\">150 &#8211; 500<\/td>\n<td id=\"Zelle37\">300 &#8211; 560<\/td>\n<td id=\"Zelle38\">300 &#8211; 710<\/td>\n<\/tr>\n<tr>\n<td id=\"Zelle46\">Max. longueur de fer r\u00e9glable \u00ab\u00a0C\u00a0\u00bb [mm]<\/td>\n<td id=\"Zelle47\">300<\/td>\n<td id=\"Zelle48\">400<\/td>\n<td id=\"Zelle49\">500<\/td>\n<td id=\"Zelle50\">630<\/td>\n<td id=\"Zelle51\">1100<\/td>\n<td id=\"Zelle52\">1200<\/td>\n<\/tr>\n<tr>\n<td id=\"Zelle53\">came[mm] :<\/td>\n<td id=\"Zelle54\">25&#215;6<\/td>\n<td id=\"Zelle55\">30&#215;8<\/td>\n<td id=\"Zelle56\">30&#215;10<\/td>\n<td id=\"Zelle57\">30&#215;10<\/td>\n<td id=\"Zelle58\">\u00d8 30<\/td>\n<td id=\"Zelle59\">\u00d8 30<\/td>\n<\/tr>\n<tr>\n<td id=\"Zelle60\">rayon de came[mm] :<\/td>\n<td id=\"Zelle61\">3<\/td>\n<td id=\"Zelle62\">4<\/td>\n<td id=\"Zelle63\">5<\/td>\n<td id=\"Zelle64\">5<\/td>\n<td id=\"Zelle65\">15<\/td>\n<td id=\"Zelle66\">15<\/td>\n<\/tr>\n<tr>\n<td id=\"Zelle67\">Poids[kg] :<\/td>\n<td id=\"Zelle68\">40<\/td>\n<td id=\"Zelle69\">75<\/td>\n<td id=\"Zelle70\">150<\/td>\n<td id=\"Zelle71\">185<\/td>\n<td id=\"Zelle72\">220<\/td>\n<td id=\"Zelle73\">295<\/td>\n<\/tr>\n<tr>\n<td id=\"Zelle74\">N \u00b0 de commande.:<\/td>\n<td id=\"Zelle75\">2.060.10<\/td>\n<td id=\"Zelle76\">2.060.20<\/td>\n<td id=\"Zelle77\">2.060.30<\/td>\n<td id=\"Zelle78\">2.060.40<\/td>\n<td id=\"Zelle79\">2.060.50<\/td>\n<td id=\"Zelle80\">2.060.60<\/td>\n<\/tr>\n<\/tbody>\n<\/table>\n<p><strong> <\/strong><\/p>\n","protected":false},"excerpt":{"rendered":"<h2>Ex\u00e9cution:<\/h2>\n<table id=\"Tabelle3\" border=\"1\">\n<tbody>\n<tr>\n<td id=\"Zelle88\">la description<\/td>\n<td id=\"Zelle87\">Num\u00e9ro d&rsquo;article<\/td>\n<\/tr>\n<tr>\n<td id=\"Zelle81\">Dispositif d&rsquo;enroulement et d&rsquo;extraction 500 mm<\/td>\n<td id=\"Zelle82\">2.060.10<\/td>\n<\/tr>\n<tr>\n<td id=\"Zelle83\">Dispositif d&rsquo;enroulement et d&rsquo;extraction 700 mm<\/td>\n<td id=\"Zelle84\">2.060.20<\/td>\n<\/tr>\n<tr>\n<td id=\"Zelle83\">Dispositif d&rsquo;enroulement et d&rsquo;extraction 1000 mm<\/td>\n<td id=\"Zelle84\">2.060.30<\/td>\n<\/tr>\n<tr>\n<td id=\"Zelle83\">Dispositif d&rsquo;enroulement et d&rsquo;extension 1200 mm<\/td>\n<td id=\"Zelle84\">2.060.40<\/td>\n<\/tr>\n<tr>\n<td id=\"Zelle83\">Dispositif d&rsquo;enroulement et d&rsquo;extension 1500 mm<\/td>\n<td id=\"Zelle84\">2.060.50<\/td>\n<\/tr>\n<tr>\n<td id=\"Zelle83\">Dispositif d&rsquo;enroulement et d&rsquo;extraction 2000 mm<\/td>\n<td id=\"Zelle84\">2.060.60<\/td>\n<\/tr>\n<\/tbody>\n<\/table>\n<h2>\u00c9quipement:<\/h2>\n<table id=\"Tabelle3\" border=\"1\">\n<tbody>\n<tr>\n<td id=\"Zelle88\">la description<\/td>\n<td id=\"Zelle87\">Num\u00e9ro d&rsquo;article<\/td>\n<\/tr>\n<tr>\n<td id=\"Zelle81\">Variateur simple (sans moteur)<\/td>\n<td id=\"Zelle82\">2.062.10<\/td>\n<\/tr>\n<tr>\n<td id=\"Zelle83\">Entra\u00eenement renforc\u00e9 (sans moteur)<\/td>\n<td id=\"Zelle84\">2.062.20<\/td>\n<\/tr>\n<tr>\n<td id=\"Zelle83\">Sous-ch\u00e2ssis pour entra\u00eenement unique<\/td>\n<td id=\"Zelle84\">2.062.30<\/td>\n<\/tr>\n<tr>\n<td id=\"Zelle83\">Ch\u00e2ssis pour une conduite accrue<\/td>\n<td id=\"Zelle84\">2.062.35<\/td>\n<\/tr>\n<tr>\n<td id=\"Zelle83\">T\u00eati\u00e8re \u00d8 400 mm avec contre-plaque<\/td>\n<td id=\"Zelle84\">2.062.70<\/td>\n<\/tr>\n<tr>\n<td id=\"Zelle83\">Motor\u00e9ducteur frein \u00e0 changement de p\u00f4les<br \/>\navec interrupteur au pied install\u00e9 dans le lecteur no.<br \/>\n2.062.10\/2.062.20 ou 2.062.30\/2.062.35<\/td>\n<td id=\"Zelle84\">2.062.80<\/td>\n<\/tr>\n<\/tbody>\n<\/table>\n","protected":false},"featured_media":2733,"comment_status":"closed","ping_status":"closed","template":"","meta":[],"product_brand":[],"product_cat":[203],"product_tag":[],"class_list":{"0":"post-5319","1":"product","2":"type-product","3":"status-publish","4":"has-post-thumbnail","6":"product_cat-formbobines","8":"first","9":"instock","10":"taxable","11":"shipping-taxable","12":"product-type-variable"},"_links":{"self":[{"href":"https:\/\/www.karl-wetzel.com\/fr\/wp-json\/wp\/v2\/product\/5319","targetHints":{"allow":["GET"]}}],"collection":[{"href":"https:\/\/www.karl-wetzel.com\/fr\/wp-json\/wp\/v2\/product"}],"about":[{"href":"https:\/\/www.karl-wetzel.com\/fr\/wp-json\/wp\/v2\/types\/product"}],"replies":[{"embeddable":true,"href":"https:\/\/www.karl-wetzel.com\/fr\/wp-json\/wp\/v2\/comments?post=5319"}],"wp:featuredmedia":[{"embeddable":true,"href":"https:\/\/www.karl-wetzel.com\/fr\/wp-json\/wp\/v2\/media\/2733"}],"wp:attachment":[{"href":"https:\/\/www.karl-wetzel.com\/fr\/wp-json\/wp\/v2\/media?parent=5319"}],"wp:term":[{"taxonomy":"product_brand","embeddable":true,"href":"https:\/\/www.karl-wetzel.com\/fr\/wp-json\/wp\/v2\/product_brand?post=5319"},{"taxonomy":"product_cat","embeddable":true,"href":"https:\/\/www.karl-wetzel.com\/fr\/wp-json\/wp\/v2\/product_cat?post=5319"},{"taxonomy":"product_tag","embeddable":true,"href":"https:\/\/www.karl-wetzel.com\/fr\/wp-json\/wp\/v2\/product_tag?post=5319"}],"curies":[{"name":"wp","href":"https:\/\/api.w.org\/{rel}","templated":true}]}}