{"id":5298,"date":"2021-12-26T10:50:38","date_gmt":"2022-01-16T12:57:00","guid":{"rendered":"https:\/\/www.karl-wetzel.com\/produkt\/machine-a-dresser-et-couper\/"},"modified":"2022-11-03T09:03:12","modified_gmt":"2022-11-03T08:03:12","slug":"machine-a-dresser-et-couper","status":"publish","type":"product","link":"https:\/\/www.karl-wetzel.com\/fr\/produit\/machine-a-dresser-et-couper\/","title":{"rendered":"Usine de formage de bobines ouverte"},"content":{"rendered":"<p>Afin de pouvoir produire <strong>des bobines de forme ouverte<\/strong> , 5 \u00e9tapes de travail diff\u00e9rentes sont n\u00e9cessaires. Nous avons mis en place ces s\u00e9quences de travail dans 5 machines ou appareils. Ceux-ci doivent \u00eatre r\u00e9gl\u00e9s individuellement afin que seuls ces appareils soient n\u00e9cessaires.<\/p>\n<p>Un haut niveau d&rsquo;efficacit\u00e9 \u00e9conomique de l&rsquo;appareil est garanti, car les dimensions et les dimensions des bobines de forme ouverte peuvent \u00eatre ajust\u00e9es de mani\u00e8re variable. De plus, les enroulements ondul\u00e9s et les enroulements en boucle peuvent \u00eatre pli\u00e9s.<\/p>\n<p>Les temps de montage sont compris entre 15 et 25 minutes.<\/p>\n<p>Nous avons r\u00e9parti les principales op\u00e9rations comme suit.<\/p>\n<ul>\n<li>Redresser et couper le fil plat<\/li>\n<li>D\u00e9nuder les extr\u00e9mit\u00e9s des fils<\/li>\n<li>Plier l&rsquo;\u00e9pingle \u00e0 cheveux<\/li>\n<li>D\u00e9viation de la bobine (enroulement ondul\u00e9 ou en boucle)<\/li>\n<li>virage en d\u00e9veloppante<\/li>\n<\/ul>\n<p><strong>Compilation de machines individuelles possibles pour produire des bobines de forme ouverte&nbsp;:<\/strong><\/p>\n<div id=\"Tabelle11LYR\">\n<table id=\"Tabelle11\" border=\"1\">\n<tbody>\n<tr>\n<td id=\"Zelle213\">3.065.10<\/td>\n<td id=\"Zelle214\">machine \u00e0 redresser et couper; longueur de coupe max. 2000mm<\/td>\n<\/tr>\n<tr>\n<td id=\"Zelle215\">3.065.11<\/td>\n<td id=\"Zelle216\">machine \u00e0 redresser et couper; longueur de coupe max. 3000mm<\/td>\n<\/tr>\n<tr>\n<td id=\"Zelle217\">3.065.12<\/td>\n<td id=\"Zelle218\">machine \u00e0 redresser et couper; longueur de coupe max. 4000mm<\/td>\n<\/tr>\n<tr>\n<td id=\"Zelle219\">5.086.10<\/td>\n<td id=\"Zelle220\">Machine \u00e0 d\u00e9nuder stationnaire<\/td>\n<\/tr>\n<tr>\n<td id=\"Zelle221\">2.058.05<\/td>\n<td id=\"Zelle222\">Table pour dispositif de cintrage<\/td>\n<\/tr>\n<tr>\n<td id=\"Zelle223\">2.058.10<\/td>\n<td id=\"Zelle224\">Dispositif de cintrage en \u00e9pingle \u00e0 cheveux avec accessoires standard&nbsp;:<br \/>\nDiam\u00e8tre de cintrage 10 x 3 mm de hauteur<br \/>\nDiam\u00e8tre de cintrage 10 x 6 mm de hauteur<\/td>\n<\/tr>\n<tr>\n<td id=\"Zelle225\">2.058.20<\/td>\n<td id=\"Zelle226\">Diam\u00e8tre de cintrage interchangeable<br \/>\n(pr\u00e9ciser diam\u00e8tre et hauteur lors de la commande)<\/td>\n<\/tr>\n<tr>\n<td id=\"Zelle227\">2.058.50<\/td>\n<td id=\"Zelle228\">Dispositif de pliage pour enroulements d&rsquo;extr\u00e9mit\u00e9 sans changement d&rsquo;extr\u00e9mit\u00e9<br \/>\n(total 4 coudes)<\/td>\n<\/tr>\n<tr>\n<td id=\"Zelle229\">2.058.60<\/td>\n<td id=\"Zelle230\">Dispositif de cintrage pour la t\u00eate d&rsquo;enroulement et les extr\u00e9mit\u00e9s de commutation (enroulement en vague et en boucle)<br \/>\n(total 6 coudes)<\/td>\n<\/tr>\n<tr>\n<td id=\"Zelle231\">2.058.62<\/td>\n<td id=\"Zelle232\">Table de support, r\u00e9glable en hauteur pour placer et plier manuellement les pattes \u00e0 souder des bobines pr\u00e9form\u00e9es en enroulement ondul\u00e9 ou en boucle<\/td>\n<\/tr>\n<tr>\n<td id=\"Zelle233\">2.058.80<\/td>\n<td id=\"Zelle234\">Dispositif pneumatique de cintrage de la d\u00e9veloppante<\/td>\n<\/tr>\n<tr>\n<td id=\"Zelle235\">2.058.80.2<\/td>\n<td id=\"Zelle236\">Unit\u00e9 de presse \u00e0 jambes manuelle attach\u00e9e \u00e0 la machine \u00e0 cintrer en d\u00e9veloppante<\/td>\n<\/tr>\n<\/tbody>\n<\/table>\n<\/div>\n<p><strong> <\/strong><\/p>\n","protected":false},"excerpt":{"rendered":"<h2>\u00c9quipement:<\/h2>\n<table id=\"Tabelle3\" border=\"1\">\n<tbody>\n<tr>\n<td id=\"Zelle88\">la description<\/td>\n<td id=\"Zelle87\">Num\u00e9ro d&rsquo;article<\/td>\n<\/tr>\n<tr>\n<td id=\"Zelle81\">Entra\u00eenement simple<\/td>\n<td id=\"Zelle82\">2.062.10<\/td>\n<\/tr>\n<tr>\n<td id=\"Zelle83\">Entra\u00eenement renforc\u00e9<\/td>\n<td id=\"Zelle84\">2.062.20<\/td>\n<\/tr>\n<tr>\n<td id=\"Zelle85\">Faux-ch\u00e2ssis pour un entra\u00eenement simple et renforc\u00e9<\/td>\n<td id=\"Zelle86\">2.062.30<\/td>\n<\/tr>\n<\/tbody>\n<\/table>\n","protected":false},"featured_media":2745,"comment_status":"closed","ping_status":"closed","template":"","meta":[],"product_brand":[],"product_cat":[203],"product_tag":[],"class_list":{"0":"post-5298","1":"product","2":"type-product","3":"status-publish","4":"has-post-thumbnail","6":"product_cat-formbobines","8":"first","9":"instock","10":"taxable","11":"shipping-taxable","12":"product-type-variable"},"_links":{"self":[{"href":"https:\/\/www.karl-wetzel.com\/fr\/wp-json\/wp\/v2\/product\/5298","targetHints":{"allow":["GET"]}}],"collection":[{"href":"https:\/\/www.karl-wetzel.com\/fr\/wp-json\/wp\/v2\/product"}],"about":[{"href":"https:\/\/www.karl-wetzel.com\/fr\/wp-json\/wp\/v2\/types\/product"}],"replies":[{"embeddable":true,"href":"https:\/\/www.karl-wetzel.com\/fr\/wp-json\/wp\/v2\/comments?post=5298"}],"wp:featuredmedia":[{"embeddable":true,"href":"https:\/\/www.karl-wetzel.com\/fr\/wp-json\/wp\/v2\/media\/2745"}],"wp:attachment":[{"href":"https:\/\/www.karl-wetzel.com\/fr\/wp-json\/wp\/v2\/media?parent=5298"}],"wp:term":[{"taxonomy":"product_brand","embeddable":true,"href":"https:\/\/www.karl-wetzel.com\/fr\/wp-json\/wp\/v2\/product_brand?post=5298"},{"taxonomy":"product_cat","embeddable":true,"href":"https:\/\/www.karl-wetzel.com\/fr\/wp-json\/wp\/v2\/product_cat?post=5298"},{"taxonomy":"product_tag","embeddable":true,"href":"https:\/\/www.karl-wetzel.com\/fr\/wp-json\/wp\/v2\/product_tag?post=5298"}],"curies":[{"name":"wp","href":"https:\/\/api.w.org\/{rel}","templated":true}]}}