{"id":5239,"date":"2021-12-26T10:50:38","date_gmt":"2022-01-16T12:55:03","guid":{"rendered":"https:\/\/www.karl-wetzel.com\/produkt\/cisaille-guillotine-isocut-d\/"},"modified":"2025-04-09T13:00:36","modified_gmt":"2025-04-09T11:00:36","slug":"ciseaux-guillotine-isocut-d","status":"publish","type":"product","link":"https:\/\/www.karl-wetzel.com\/fr\/produit\/ciseaux-guillotine-isocut-d\/","title":{"rendered":"Cisaille guillotine IsoCut D"},"content":{"rendered":"<ul>\n<li>Les couteaux sont en acier \u00e0 outils nitr\u00e9 et peuvent \u00eatre r\u00e9aff\u00fbt\u00e9s.<\/li>\n<li>La base est con\u00e7ue dans une construction lourde pour garantir la stabilit\u00e9 et les performances de coupe.<\/li>\n<li>Le stockage se compose de 2 roulements \u00e0 rouleaux coniques r\u00e9glables<\/li>\n<li>La pince de table est toujours pr\u00e9charg\u00e9e par des ressorts et est lib\u00e9r\u00e9e via la p\u00e9dale.<\/li>\n<li>Apr\u00e8s r\u00e9glage, la but\u00e9e avant est automatiquement abaiss\u00e9e par la pince de table.<\/li>\n<li>La but\u00e9e de papier avant et arri\u00e8re peut \u00eatre d\u00e9plac\u00e9e en douceur et en douceur.<\/li>\n<li>Convient aux gauchers et aux droitiers.<\/li>\n<li>Pr\u00e9cision de r\u00e9p\u00e9tition tr\u00e8s \u00e9lev\u00e9e.<\/li>\n<\/ul>\n<p><span style=\"color: #ff0000;\"><strong>Voici nos vid\u00e9os sur la cisaille guillotine :<\/strong><\/span><\/p>\n<p><a href=\"https:\/\/www.youtube.com\/playlist?list=PLga7aj3HB7vsY6_n4EUfs3RX5jE6v7SYl\" target=\"_blank\" rel=\"noopener\">D\u00e9coupe | Cisailles guillotines ISO Cut D &#8211; YouTube<\/a><\/p>\n<p>&nbsp;<\/p>\n<h2><span style=\"font-size: 16px;\">Sp\u00e9cifications techniques :<\/span><\/h2>\n<table style=\"border-collapse: collapse; width: 363px; height: 104px;\" border=\"0\" width=\"240\" cellspacing=\"0\" cellpadding=\"0\">\n<tbody>\n<tr style=\"height: 12.75pt;\">\n<td class=\"xl22\" style=\"height: 12.75pt; width: 60pt;\" width=\"80\" height=\"17\">Longueur de coupe<\/td>\n<td class=\"xl22\" style=\"border-left: none; width: 60pt;\" width=\"80\">Largeur de la table<\/td>\n<td class=\"xl22\" style=\"border-left: none; width: 60pt;\" width=\"80\">Num\u00e9ro d&rsquo;article<\/td>\n<\/tr>\n<tr style=\"height: 12.75pt;\">\n<td class=\"xl22\" style=\"height: 12.75pt; border-top: none;\" height=\"17\">120 cm<\/td>\n<td class=\"xl22\" style=\"border-top: none; border-left: none;\">100 cm<\/td>\n<td class=\"xl22\" style=\"border-top: none; border-left: none;\">3 606 12<\/td>\n<\/tr>\n<tr style=\"height: 12.75pt;\">\n<td class=\"xl22\" style=\"height: 12.75pt; border-top: none;\" height=\"17\">160 cm<\/td>\n<td class=\"xl22\" style=\"border-top: none; border-left: none;\">100 cm<\/td>\n<td class=\"xl22\" style=\"border-top: none; border-left: none;\">3 606,16<\/td>\n<\/tr>\n<\/tbody>\n<\/table>\n<p>&nbsp;<\/p>\n<p>&nbsp;<\/p>\n<p>&nbsp;<\/p>\n","protected":false},"excerpt":{"rendered":"<p>Les cisailles \u00e0 guillotine pour papier isolant, nouvellement d\u00e9velopp\u00e9es en 2021, sont des machines robustes, r\u00e9sistantes \u00e0 l&rsquo;usure et solides pour le traitement du papier isolant. Nous avons incorpor\u00e9 quelques innovations et d\u00e9tails du travail pratique dans la conception.<\/p>\n<p><strong><span style=\"color: #ff0000;\">Voici les vid\u00e9os pour les cisailles \u00e0 guillotine&nbsp;:<\/span><\/strong><\/p>\n<p><a href=\"https:\/\/www.youtube.com\/playlist?list=PLga7aj3HB7vsY6_n4EUfs3RX5jE6v7SYl\">D\u00e9coupe | Cisailles guillotines ISO Cut D &#8211; YouTube<\/a><\/p>\n","protected":false},"featured_media":10387,"comment_status":"open","ping_status":"closed","template":"","meta":[],"product_brand":[],"product_cat":[312],"product_tag":[114,120,122,125,128],"class_list":{"0":"post-5239","1":"product","2":"type-product","3":"status-publish","4":"has-post-thumbnail","6":"product_cat-couper","7":"product_tag-isolationspapier-fr","8":"product_tag-pappschere-fr","9":"product_tag-schlagschere-fr","10":"product_tag-schneidmaschine-fr","11":"product_tag-tafelschere-fr","13":"first","14":"instock","15":"taxable","16":"shipping-taxable","17":"product-type-variable"},"_links":{"self":[{"href":"https:\/\/www.karl-wetzel.com\/fr\/wp-json\/wp\/v2\/product\/5239","targetHints":{"allow":["GET"]}}],"collection":[{"href":"https:\/\/www.karl-wetzel.com\/fr\/wp-json\/wp\/v2\/product"}],"about":[{"href":"https:\/\/www.karl-wetzel.com\/fr\/wp-json\/wp\/v2\/types\/product"}],"replies":[{"embeddable":true,"href":"https:\/\/www.karl-wetzel.com\/fr\/wp-json\/wp\/v2\/comments?post=5239"}],"wp:featuredmedia":[{"embeddable":true,"href":"https:\/\/www.karl-wetzel.com\/fr\/wp-json\/wp\/v2\/media\/10387"}],"wp:attachment":[{"href":"https:\/\/www.karl-wetzel.com\/fr\/wp-json\/wp\/v2\/media?parent=5239"}],"wp:term":[{"taxonomy":"product_brand","embeddable":true,"href":"https:\/\/www.karl-wetzel.com\/fr\/wp-json\/wp\/v2\/product_brand?post=5239"},{"taxonomy":"product_cat","embeddable":true,"href":"https:\/\/www.karl-wetzel.com\/fr\/wp-json\/wp\/v2\/product_cat?post=5239"},{"taxonomy":"product_tag","embeddable":true,"href":"https:\/\/www.karl-wetzel.com\/fr\/wp-json\/wp\/v2\/product_tag?post=5239"}],"curies":[{"name":"wp","href":"https:\/\/api.w.org\/{rel}","templated":true}]}}