{"id":5208,"date":"2021-12-26T10:50:39","date_gmt":"2022-01-16T12:54:21","guid":{"rendered":"https:\/\/www.karl-wetzel.com\/produkt\/vidange-pour-papier-isolant\/"},"modified":"2022-07-10T14:28:42","modified_gmt":"2022-07-10T12:28:42","slug":"drain-pour-papier-isolant","status":"publish","type":"product","link":"https:\/\/www.karl-wetzel.com\/fr\/produit\/drain-pour-papier-isolant\/","title":{"rendered":"Vidange pour papier isolant"},"content":{"rendered":"<h2>Dispositif de d\u00e9roulement pour papier d&rsquo;isolation de fente<\/h2>\n<p><u>Sp\u00e9cifications techniques:<\/u><\/p>\n<table width=\"351\">\n<tbody>\n<tr>\n<td width=\"80\">Num\u00e9ro d&rsquo;article<\/td>\n<td width=\"88\">nombre de r\u00f4les<\/td>\n<td width=\"103\">largeur des rouleaux<\/td>\n<td width=\"80\">Mobile<\/td>\n<\/tr>\n<tr>\n<td width=\"80\">9.219.00<\/td>\n<td width=\"88\">8<\/td>\n<td width=\"103\">1,20 m<\/td>\n<td width=\"80\">non<\/td>\n<\/tr>\n<tr>\n<td width=\"80\">9.219.05<\/td>\n<td width=\"88\">6<\/td>\n<td width=\"103\">1,20 m<\/td>\n<td width=\"80\">non<\/td>\n<\/tr>\n<tr>\n<td width=\"80\">9.219.10<\/td>\n<td width=\"88\">4<\/td>\n<td width=\"103\">1,20 m<\/td>\n<td width=\"80\">non<\/td>\n<\/tr>\n<\/tbody>\n<\/table>\n","protected":false},"excerpt":{"rendered":"<p>Dispositif de d\u00e9roulement pour papier d&rsquo;isolation de fente Sp\u00e9cifications techniques: Num\u00e9ro d&rsquo;article nombre de r\u00f4les largeur des rouleaux Mobile 9.219.00 8 1,20 m non 9.219.05 6 1,20 m non 9.219.10 4 1,20 m non<\/p>\n","protected":false},"featured_media":2811,"comment_status":"open","ping_status":"closed","template":"","meta":[],"product_brand":[],"product_cat":[144],"product_tag":[],"class_list":{"0":"post-5208","1":"product","2":"type-product","3":"status-publish","4":"has-post-thumbnail","6":"product_cat-expirer","8":"first","9":"instock","10":"taxable","11":"shipping-taxable","12":"product-type-variable"},"_links":{"self":[{"href":"https:\/\/www.karl-wetzel.com\/fr\/wp-json\/wp\/v2\/product\/5208","targetHints":{"allow":["GET"]}}],"collection":[{"href":"https:\/\/www.karl-wetzel.com\/fr\/wp-json\/wp\/v2\/product"}],"about":[{"href":"https:\/\/www.karl-wetzel.com\/fr\/wp-json\/wp\/v2\/types\/product"}],"replies":[{"embeddable":true,"href":"https:\/\/www.karl-wetzel.com\/fr\/wp-json\/wp\/v2\/comments?post=5208"}],"wp:featuredmedia":[{"embeddable":true,"href":"https:\/\/www.karl-wetzel.com\/fr\/wp-json\/wp\/v2\/media\/2811"}],"wp:attachment":[{"href":"https:\/\/www.karl-wetzel.com\/fr\/wp-json\/wp\/v2\/media?parent=5208"}],"wp:term":[{"taxonomy":"product_brand","embeddable":true,"href":"https:\/\/www.karl-wetzel.com\/fr\/wp-json\/wp\/v2\/product_brand?post=5208"},{"taxonomy":"product_cat","embeddable":true,"href":"https:\/\/www.karl-wetzel.com\/fr\/wp-json\/wp\/v2\/product_cat?post=5208"},{"taxonomy":"product_tag","embeddable":true,"href":"https:\/\/www.karl-wetzel.com\/fr\/wp-json\/wp\/v2\/product_tag?post=5208"}],"curies":[{"name":"wp","href":"https:\/\/api.w.org\/{rel}","templated":true}]}}