{"id":5193,"date":"2021-12-26T10:50:39","date_gmt":"2022-01-16T12:53:44","guid":{"rendered":"https:\/\/www.karl-wetzel.com\/produkt\/dispositif-de-flambage\/"},"modified":"2025-04-07T09:37:20","modified_gmt":"2025-04-07T07:37:20","slug":"dispositif-de-flambage","status":"publish","type":"product","link":"https:\/\/www.karl-wetzel.com\/fr\/produit\/dispositif-de-flambage\/","title":{"rendered":"Dispositif d&rsquo;articulation ISO Universel"},"content":{"rendered":"<p>Le dispositif de flambage est tr\u00e8s bien adapt\u00e9 au flambage manuel ou au bourrelet d&rsquo;isolant \u00e0 fente ou interm\u00e9diaire. En combinaison avec nos ciseaux ISO Cut, il est parfait pour l&rsquo;atelier de r\u00e9paration ou pour les d\u00e9partements de d\u00e9veloppement.<\/p>\n<p>Cette machine, nouvellement d\u00e9velopp\u00e9e en 2022, remplace toutes nos plieuses pr\u00e9c\u00e9dentes.<\/p>\n","protected":false},"excerpt":{"rendered":"<h2><a href=\"https:\/\/www.youtube.com\/playlist?list=PLga7aj3HB7vtRd3wLjxnx8yv_K9nDLdry\" target=\"_blank\" rel=\"noopener\"><span style=\"color: #800000;\">vid\u00e9o de l&rsquo;engin<\/span><\/a><\/h2>\n<h2>Sp\u00e9cifications techniques:<\/h2>\n<p>Longueur de pliage illimit\u00e9e<\/p>\n<p>Profondeur de pliage 5 &#8211; 100 mm<\/p>\n<p>Taille 34 x 15 x 30 cm<\/p>\n<p>Poids 15 KG<\/p>\n<p>Article No. 3.070.30<\/p>\n","protected":false},"featured_media":10360,"comment_status":"closed","ping_status":"closed","template":"","meta":[],"product_brand":[],"product_cat":[142],"product_tag":[],"class_list":{"0":"post-5193","1":"product","2":"type-product","3":"status-publish","4":"has-post-thumbnail","6":"product_cat-pliant","8":"first","9":"instock","10":"taxable","11":"shipping-taxable","12":"product-type-simple"},"_links":{"self":[{"href":"https:\/\/www.karl-wetzel.com\/fr\/wp-json\/wp\/v2\/product\/5193","targetHints":{"allow":["GET"]}}],"collection":[{"href":"https:\/\/www.karl-wetzel.com\/fr\/wp-json\/wp\/v2\/product"}],"about":[{"href":"https:\/\/www.karl-wetzel.com\/fr\/wp-json\/wp\/v2\/types\/product"}],"replies":[{"embeddable":true,"href":"https:\/\/www.karl-wetzel.com\/fr\/wp-json\/wp\/v2\/comments?post=5193"}],"wp:featuredmedia":[{"embeddable":true,"href":"https:\/\/www.karl-wetzel.com\/fr\/wp-json\/wp\/v2\/media\/10360"}],"wp:attachment":[{"href":"https:\/\/www.karl-wetzel.com\/fr\/wp-json\/wp\/v2\/media?parent=5193"}],"wp:term":[{"taxonomy":"product_brand","embeddable":true,"href":"https:\/\/www.karl-wetzel.com\/fr\/wp-json\/wp\/v2\/product_brand?post=5193"},{"taxonomy":"product_cat","embeddable":true,"href":"https:\/\/www.karl-wetzel.com\/fr\/wp-json\/wp\/v2\/product_cat?post=5193"},{"taxonomy":"product_tag","embeddable":true,"href":"https:\/\/www.karl-wetzel.com\/fr\/wp-json\/wp\/v2\/product_tag?post=5193"}],"curies":[{"name":"wp","href":"https:\/\/api.w.org\/{rel}","templated":true}]}}