{"id":5169,"date":"2021-12-26T10:51:01","date_gmt":"2022-01-16T12:50:35","guid":{"rendered":"https:\/\/www.karl-wetzel.com\/produkt\/dispositif-de-coupe-en-coin-a-fente\/"},"modified":"2022-07-10T14:27:44","modified_gmt":"2022-07-10T12:27:44","slug":"dispositif-de-coupe-en-coin-a-fente","status":"publish","type":"product","link":"https:\/\/www.karl-wetzel.com\/fr\/produit\/dispositif-de-coupe-en-coin-a-fente\/","title":{"rendered":"Dispositif de coupe en coin \u00e0 fente"},"content":{"rendered":"<p>Cet appareil est utilis\u00e9 pour la coupe pr\u00e9cise des tiges de scellement de fente. L&rsquo;appareil est construit de mani\u00e8re similaire aux cisailles \u00e0 profil\u00e9s et dispose de 3 coupes pour les profil\u00e9s demi-ronds avec un passage de 6, 10 et 14 mm. La but\u00e9e r\u00e9glable permet des longueurs de coupe de 30 \u00e0 350 mm.<\/p>\n","protected":false},"excerpt":{"rendered":"<h2>Sp\u00e9cifications techniques:<\/h2>\n<table id=\"Tabelle10\" border=\"1\">\n<tbody>\n<tr>\n<td id=\"Zelle201\">Dimension:<\/td>\n<td id=\"Zelle202\">50 cm x 20 cm x 15 cm<\/td>\n<\/tr>\n<tr>\n<td id=\"Zelle204\">Poids:<\/td>\n<td id=\"Zelle205\">5 kg<\/td>\n<\/tr>\n<tr>\n<td id=\"Zelle207\">Num\u00e9ro d&rsquo;article&nbsp;:<\/td>\n<td id=\"Zelle208\">6.088.10<\/td>\n<\/tr>\n<\/tbody>\n<\/table>\n","protected":false},"featured_media":2835,"comment_status":"closed","ping_status":"closed","template":"","meta":[],"product_brand":[],"product_cat":[312],"product_tag":[],"class_list":{"0":"post-5169","1":"product","2":"type-product","3":"status-publish","4":"has-post-thumbnail","6":"product_cat-couper","8":"first","9":"instock","10":"taxable","11":"shipping-taxable","12":"product-type-simple"},"_links":{"self":[{"href":"https:\/\/www.karl-wetzel.com\/fr\/wp-json\/wp\/v2\/product\/5169","targetHints":{"allow":["GET"]}}],"collection":[{"href":"https:\/\/www.karl-wetzel.com\/fr\/wp-json\/wp\/v2\/product"}],"about":[{"href":"https:\/\/www.karl-wetzel.com\/fr\/wp-json\/wp\/v2\/types\/product"}],"replies":[{"embeddable":true,"href":"https:\/\/www.karl-wetzel.com\/fr\/wp-json\/wp\/v2\/comments?post=5169"}],"wp:featuredmedia":[{"embeddable":true,"href":"https:\/\/www.karl-wetzel.com\/fr\/wp-json\/wp\/v2\/media\/2835"}],"wp:attachment":[{"href":"https:\/\/www.karl-wetzel.com\/fr\/wp-json\/wp\/v2\/media?parent=5169"}],"wp:term":[{"taxonomy":"product_brand","embeddable":true,"href":"https:\/\/www.karl-wetzel.com\/fr\/wp-json\/wp\/v2\/product_brand?post=5169"},{"taxonomy":"product_cat","embeddable":true,"href":"https:\/\/www.karl-wetzel.com\/fr\/wp-json\/wp\/v2\/product_cat?post=5169"},{"taxonomy":"product_tag","embeddable":true,"href":"https:\/\/www.karl-wetzel.com\/fr\/wp-json\/wp\/v2\/product_tag?post=5169"}],"curies":[{"name":"wp","href":"https:\/\/api.w.org\/{rel}","templated":true}]}}