{"id":5145,"date":"2021-12-26T10:51:02","date_gmt":"2022-01-16T12:49:13","guid":{"rendered":"https:\/\/www.karl-wetzel.com\/produkt\/separateur-seca-600\/"},"modified":"2025-04-07T09:12:13","modified_gmt":"2025-04-07T07:12:13","slug":"appareil-de-coupe-seca-600","status":"publish","type":"product","link":"https:\/\/www.karl-wetzel.com\/fr\/produit\/appareil-de-coupe-seca-600\/","title":{"rendered":"S\u00e9parateur SECA 600 M"},"content":{"rendered":"","protected":false},"excerpt":{"rendered":"<h2>Sp\u00e9cifications techniques:<\/h2>\n<table id=\"Tabelle9\" border=\"1\">\n<tbody>\n<tr>\n<td id=\"Zelle189\">Hauteur de la lame de scie\/surface de serrage :<\/td>\n<td id=\"Zelle190\">425 mm<\/td>\n<\/tr>\n<tr>\n<td id=\"Zelle191\">Plus grand diam\u00e8tre ext\u00e9rieur :<\/td>\n<td id=\"Zelle192\">600 mm<\/td>\n<\/tr>\n<tr>\n<td id=\"Zelle193\">Diam\u00e8tre de serrage dans l&rsquo;al\u00e9sage :<\/td>\n<td id=\"Zelle194\">38 mm \u00e0 310 mm<\/td>\n<\/tr>\n<tr>\n<td id=\"Zelle195\">\u00f8 de serrage sur le \u00f8 ext\u00e9rieur :<\/td>\n<td id=\"Zelle196\">25 mm \u00e0 280 mm<\/td>\n<\/tr>\n<tr>\n<td id=\"Zelle197\">poids de serrage :<\/td>\n<td id=\"Zelle198\">Max. 400 kg<\/td>\n<\/tr>\n<tr>\n<td id=\"Zelle199\">Puissance du moteur :<\/td>\n<td id=\"Zelle200\">1,1\/1,4 kW<\/td>\n<\/tr>\n<tr>\n<td id=\"Zelle201\">Charge connect\u00e9e :<\/td>\n<td id=\"Zelle202\">400 volts; 3 phases; 50 Hz<\/td>\n<\/tr>\n<tr>\n<td id=\"Zelle203\">Dimensions de la machine :<\/td>\n<td id=\"Zelle204\">60 cm x 80 cm x 120 cm<\/td>\n<\/tr>\n<tr>\n<td id=\"Zelle205\">Poids:<\/td>\n<td id=\"Zelle206\">129 kg<\/td>\n<\/tr>\n<tr>\n<td id=\"Zelle207\">Num\u00e9ro d&rsquo;article :<\/td>\n<td id=\"Zelle208\">6.090.10<\/td>\n<\/tr>\n<\/tbody>\n<\/table>\n<p>&nbsp;<\/p>\n","protected":false},"featured_media":2841,"comment_status":"closed","ping_status":"closed","template":"","meta":[],"product_brand":[],"product_cat":[149],"product_tag":[],"class_list":{"0":"post-5145","1":"product","2":"type-product","3":"status-publish","4":"has-post-thumbnail","6":"product_cat-demonter","8":"first","9":"instock","10":"taxable","11":"shipping-taxable","12":"product-type-simple"},"_links":{"self":[{"href":"https:\/\/www.karl-wetzel.com\/fr\/wp-json\/wp\/v2\/product\/5145","targetHints":{"allow":["GET"]}}],"collection":[{"href":"https:\/\/www.karl-wetzel.com\/fr\/wp-json\/wp\/v2\/product"}],"about":[{"href":"https:\/\/www.karl-wetzel.com\/fr\/wp-json\/wp\/v2\/types\/product"}],"replies":[{"embeddable":true,"href":"https:\/\/www.karl-wetzel.com\/fr\/wp-json\/wp\/v2\/comments?post=5145"}],"wp:featuredmedia":[{"embeddable":true,"href":"https:\/\/www.karl-wetzel.com\/fr\/wp-json\/wp\/v2\/media\/2841"}],"wp:attachment":[{"href":"https:\/\/www.karl-wetzel.com\/fr\/wp-json\/wp\/v2\/media?parent=5145"}],"wp:term":[{"taxonomy":"product_brand","embeddable":true,"href":"https:\/\/www.karl-wetzel.com\/fr\/wp-json\/wp\/v2\/product_brand?post=5145"},{"taxonomy":"product_cat","embeddable":true,"href":"https:\/\/www.karl-wetzel.com\/fr\/wp-json\/wp\/v2\/product_cat?post=5145"},{"taxonomy":"product_tag","embeddable":true,"href":"https:\/\/www.karl-wetzel.com\/fr\/wp-json\/wp\/v2\/product_tag?post=5145"}],"curies":[{"name":"wp","href":"https:\/\/api.w.org\/{rel}","templated":true}]}}