{"id":5124,"date":"2021-12-26T10:51:02","date_gmt":"2022-01-16T12:48:40","guid":{"rendered":"https:\/\/www.karl-wetzel.com\/produkt\/bande-sam-80\/"},"modified":"2023-09-28T07:55:56","modified_gmt":"2023-09-28T05:55:56","slug":"strip-sam-80","status":"publish","type":"product","link":"https:\/\/www.karl-wetzel.com\/fr\/produit\/strip-sam-80\/","title":{"rendered":"Machine \u00e0 d\u00e9nuder stationnaire SAM 80"},"content":{"rendered":"<p>La machine \u00e0 d\u00e9nuder stationnaire est utilis\u00e9e pour enlever le tressage et le rev\u00eatement de peinture sur les extr\u00e9mit\u00e9s de commutation des bobines enti\u00e8rement form\u00e9es, des tirants, des torons press\u00e9s, qu&rsquo;ils aient une section ronde ou rectangulaire. Cette machine a notamment fait ses preuves pour d\u00e9nuder les tirants d&rsquo;enroulements d\u00e9fectueux, puisqu&rsquo;il n&rsquo;est plus n\u00e9cessaire de les br\u00fbler et qu&rsquo;il n&rsquo;y a donc plus de risque que l&rsquo;\u00e9tain restant s&rsquo;allie au cuivre et ne fragilise le tirant \u00e0 froid. Les fils en fibre de verre peuvent \u00e9galement \u00eatre parfaitement d\u00e9nud\u00e9s.<\/p>\n<p>La section du fil peut \u00eatre r\u00e9gl\u00e9e en continu \u00e0 l&rsquo;aide d&rsquo;un volant. Il y a aussi deux but\u00e9es pour que la longueur et la largeur puissent \u00eatre ajust\u00e9es pour une section rectangulaire. La longueur de d\u00e9nudage est limit\u00e9e par une but\u00e9e r\u00e9glable en continu.<\/p>\n<p>La poussi\u00e8re de brosse est stock\u00e9e dans un sac par un dispositif d&rsquo;aspiration (en option).<\/p>\n<p>Avec un inverseur (option) il est possible de travailler aussi bien dans le m\u00eame sens que dans le sens oppos\u00e9. Ce dispositif est tr\u00e8s utile pour les grandes sections, car la traction est particuli\u00e8rement forte dans la direction oppos\u00e9e. En synchronisme, en revanche, le train est pratiquement compens\u00e9.<\/p>\n<p><strong>Sp\u00e9cifications techniques:<\/strong><\/p>\n<table id=\"Tabelle12\" border=\"1\">\n<tbody>\n<tr>\n<td id=\"Zelle281\">dimension du fil :<\/td>\n<td id=\"Zelle282\">\u00e0 partir de 1 millim\u00e8tre<\/td>\n<\/tr>\n<tr>\n<td id=\"Zelle283\">section de fil&nbsp;:<\/td>\n<td id=\"Zelle284\">Rond et carr\u00e9<\/td>\n<\/tr>\n<tr>\n<td id=\"Zelle285\">Brosse de d\u00e9capage utilisable :<\/td>\n<td id=\"Zelle286\">SA80<\/td>\n<\/tr>\n<tr>\n<td id=\"Zelle287\">But\u00e9e de longueur (longueur de d\u00e9nudage) :<\/td>\n<td id=\"Zelle288\">environ 20 \u00e0 150 mm<\/td>\n<\/tr>\n<tr>\n<td id=\"Zelle289\">Nombre d&rsquo;arr\u00eats pour hauteur de d\u00e9nudage&nbsp;:<\/td>\n<td id=\"Zelle290\">2 pi\u00e8ces<\/td>\n<\/tr>\n<tr>\n<td id=\"Zelle296\">Peinture&nbsp;:<\/td>\n<td id=\"Zelle295\">bleu jaune<\/td>\n<\/tr>\n<tr>\n<td id=\"Zelle291\">Connexion \u00e9lectrique:<\/td>\n<td id=\"Zelle292\">Tension : 400V 50Hz<\/td>\n<\/tr>\n<tr>\n<td id=\"Zelle293\">Num\u00e9ro d&rsquo;article&nbsp;:<\/td>\n<td id=\"Zelle294\">5.084.40<\/td>\n<\/tr>\n<\/tbody>\n<\/table>\n<div id=\"Tabelle12LYR\">\n<div id=\"Tabelle13LYR\"><\/div>\n<\/div>\n","protected":false},"excerpt":{"rendered":"<div id=\"Text72LYR\" class=\"TextObject\">\n<h2>Consommables (brosses m\u00e9talliques) :<\/h2>\n<\/div>\n<div id=\"Tabelle15LYR\">\n<table id=\"Tabelle15\" border=\"1\">\n<tbody>\n<tr>\n<td id=\"Zelle433\">\u00f8 ext\u00e9rieur<\/td>\n<td id=\"Zelle434\">large<\/td>\n<td id=\"Zelle435\">\u00f8 int\u00e9rieur<\/td>\n<td id=\"Zelle436\">R\u00e9sistance du fil<\/td>\n<td id=\"Zelle437\">Num\u00e9ro d&rsquo;article<\/td>\n<\/tr>\n<tr>\n<td id=\"Zelle438\">80<\/td>\n<td id=\"Zelle439\">40<\/td>\n<td id=\"Zelle440\">16<\/td>\n<td id=\"Zelle441\">0,10<\/td>\n<td id=\"Zelle442\">5.084.41<\/td>\n<\/tr>\n<tr>\n<td id=\"Zelle443\">80<\/td>\n<td id=\"Zelle444\">40<\/td>\n<td id=\"Zelle445\">16<\/td>\n<td id=\"Zelle446\">0,20<\/td>\n<td id=\"Zelle447\">5.084.42<\/td>\n<\/tr>\n<tr>\n<td id=\"Zelle448\">80<\/td>\n<td id=\"Zelle449\">40<\/td>\n<td id=\"Zelle450\">16<\/td>\n<td id=\"Zelle451\">0,25<\/td>\n<td id=\"Zelle452\">5.084.43<\/td>\n<\/tr>\n<tr>\n<td id=\"Zelle453\">80<\/td>\n<td id=\"Zelle454\">40<\/td>\n<td id=\"Zelle455\">16<\/td>\n<td id=\"Zelle456\">0,30<\/td>\n<td id=\"Zelle457\">5.084.44<\/td>\n<\/tr>\n<tr>\n<td id=\"Zelle458\">80<\/td>\n<td id=\"Zelle459\">40<\/td>\n<td id=\"Zelle460\">16<\/td>\n<td id=\"Zelle461\">0,35<\/td>\n<td id=\"Zelle462\">5.084.45<\/td>\n<\/tr>\n<tr>\n<td id=\"Zelle463\">80<\/td>\n<td id=\"Zelle464\">40<\/td>\n<td id=\"Zelle465\">16<\/td>\n<td id=\"Zelle466\">0,40<\/td>\n<td id=\"Zelle467\">5.084.46<\/td>\n<\/tr>\n<\/tbody>\n<\/table>\n<p><strong>Accessoires sp\u00e9ciaux :<\/strong><\/p>\n<div id=\"Tabelle12LYR\">\n<div id=\"Tabelle13LYR\">Dispositif d&rsquo;extraction enti\u00e8rement mont\u00e9 sur la machine (article n\u00b0 5.084.52)<\/div>\n<\/div>\n<\/div>\n","protected":false},"featured_media":2844,"comment_status":"closed","ping_status":"closed","template":"","meta":[],"product_brand":[],"product_cat":[161],"product_tag":[],"class_list":{"0":"post-5124","1":"product","2":"type-product","3":"status-publish","4":"has-post-thumbnail","6":"product_cat-decapage","8":"first","9":"instock","10":"taxable","11":"shipping-taxable","12":"product-type-simple"},"_links":{"self":[{"href":"https:\/\/www.karl-wetzel.com\/fr\/wp-json\/wp\/v2\/product\/5124","targetHints":{"allow":["GET"]}}],"collection":[{"href":"https:\/\/www.karl-wetzel.com\/fr\/wp-json\/wp\/v2\/product"}],"about":[{"href":"https:\/\/www.karl-wetzel.com\/fr\/wp-json\/wp\/v2\/types\/product"}],"replies":[{"embeddable":true,"href":"https:\/\/www.karl-wetzel.com\/fr\/wp-json\/wp\/v2\/comments?post=5124"}],"wp:featuredmedia":[{"embeddable":true,"href":"https:\/\/www.karl-wetzel.com\/fr\/wp-json\/wp\/v2\/media\/2844"}],"wp:attachment":[{"href":"https:\/\/www.karl-wetzel.com\/fr\/wp-json\/wp\/v2\/media?parent=5124"}],"wp:term":[{"taxonomy":"product_brand","embeddable":true,"href":"https:\/\/www.karl-wetzel.com\/fr\/wp-json\/wp\/v2\/product_brand?post=5124"},{"taxonomy":"product_cat","embeddable":true,"href":"https:\/\/www.karl-wetzel.com\/fr\/wp-json\/wp\/v2\/product_cat?post=5124"},{"taxonomy":"product_tag","embeddable":true,"href":"https:\/\/www.karl-wetzel.com\/fr\/wp-json\/wp\/v2\/product_tag?post=5124"}],"curies":[{"name":"wp","href":"https:\/\/api.w.org\/{rel}","templated":true}]}}