{"id":4986,"date":"2021-12-26T10:51:03","date_gmt":"2022-01-16T12:42:37","guid":{"rendered":"https:\/\/www.karl-wetzel.com\/produkt\/decapage-st40\/"},"modified":"2023-01-05T19:58:35","modified_gmt":"2023-01-05T18:58:35","slug":"bande-st40","status":"publish","type":"product","link":"https:\/\/www.karl-wetzel.com\/fr\/produit\/bande-st40\/","title":{"rendered":"D\u00e9capage ST40"},"content":{"rendered":"<p>La machine \u00e0 d\u00e9nuder ST40D permet de d\u00e9nuder les fils ronds \u00e9maill\u00e9s et le cuivre plat. Le fil est d\u00e9nud\u00e9 entre deux brosses rotatives. La distance entre les brosses peut \u00eatre r\u00e9gl\u00e9e en continu.<\/p>\n<p>La d\u00e9nudeuse ST40D est fix\u00e9e en position fixe.<\/p>\n<p>La machine \u00e0 d\u00e9nuder ST40D convient aux fils ronds et plats \u00e9pais. Les brosses parall\u00e8les ne provoquent aucune force de traction sur le fil.<\/p>\n<p>Ins\u00e9rez le fil \u00e9maill\u00e9, tournez-le \u00e0 90 degr\u00e9s, retirez-le, c&rsquo;est fait. En ins\u00e9rant le fil par le c\u00f4t\u00e9, l&rsquo;isolant peut \u00e9galement \u00eatre d\u00e9nud\u00e9 au milieu du fil (taraudage).<\/p>\n<p>Avec diff\u00e9rentes brosses, la qualit\u00e9 de d\u00e9nudage peut \u00eatre adapt\u00e9e et optimis\u00e9e au diam\u00e8tre du fil et au mat\u00e9riau isolant.<\/p>\n<p><strong>Sp\u00e9cifications techniques:<\/strong><\/p>\n<table id=\"Tabelle10\" border=\"1\">\n<tbody>\n<tr>\n<td id=\"Zelle213\">dimension du fil :<\/td>\n<td id=\"Zelle214\">1,5 \u00e0 8,0 mm<\/td>\n<\/tr>\n<tr>\n<td id=\"Zelle215\">section de fil&nbsp;:<\/td>\n<td id=\"Zelle216\">Rond et carr\u00e9<\/td>\n<\/tr>\n<tr>\n<td id=\"Zelle217\">Diam\u00e8tre des brosses :<\/td>\n<td id=\"Zelle218\">40mm<\/td>\n<\/tr>\n<tr>\n<td id=\"Zelle219\">Connexion \u00e9lectrique:<\/td>\n<td id=\"Zelle220\">Courant triphas\u00e9 230\/400 V, 50 Hz<\/td>\n<\/tr>\n<tr>\n<td id=\"Zelle221\">Poids:<\/td>\n<td id=\"Zelle222\">11,5 kg<\/td>\n<\/tr>\n<tr>\n<td id=\"Zelle223\">Num\u00e9ro d&rsquo;article&nbsp;:<\/td>\n<td id=\"Zelle224\">5.086.30<\/td>\n<\/tr>\n<\/tbody>\n<\/table>\n","protected":false},"excerpt":{"rendered":"<div id=\"Text72LYR\" class=\"TextObject\">\n<h2>Consommables (brosses m\u00e9talliques) :<\/h2>\n<\/div>\n<div id=\"Tabelle15LYR\">\n<div id=\"Text53LYR\" class=\"TextObject\">\n<table id=\"Tabelle15\" border=\"1\">\n<tbody>\n<tr>\n<td id=\"Zelle436\">\u00f8 ext\u00e9rieur<\/td>\n<td id=\"Zelle437\">large<\/td>\n<td id=\"Zelle438\">\u00f8 int\u00e9rieur<\/td>\n<td id=\"Zelle439\">R\u00e9sistance du fil<\/td>\n<td id=\"Zelle440\">Num\u00e9ro d&rsquo;article<\/td>\n<\/tr>\n<tr>\n<td id=\"Zelle451\">40<\/td>\n<td id=\"Zelle452\">25<\/td>\n<td id=\"Zelle453\">10<\/td>\n<td id=\"Zelle454\">0,10<\/td>\n<td id=\"Zelle455\">5.084.32<\/td>\n<\/tr>\n<tr>\n<td id=\"Zelle456\">40<\/td>\n<td id=\"Zelle457\">25<\/td>\n<td id=\"Zelle458\">10<\/td>\n<td id=\"Zelle459\">0,12<\/td>\n<td id=\"Zelle460\">5.084.33<\/td>\n<\/tr>\n<tr>\n<td id=\"Zelle461\">40<\/td>\n<td id=\"Zelle462\">25<\/td>\n<td id=\"Zelle463\">10<\/td>\n<td id=\"Zelle464\">0,15<\/td>\n<td id=\"Zelle465\">5.084.34<\/td>\n<\/tr>\n<tr>\n<td id=\"Zelle466\">40<\/td>\n<td id=\"Zelle467\">25<\/td>\n<td id=\"Zelle468\">10<\/td>\n<td id=\"Zelle469\">0,20<\/td>\n<td id=\"Zelle470\">5.084.35<\/td>\n<\/tr>\n<tr>\n<td id=\"Zelle471\">40<\/td>\n<td id=\"Zelle472\">25<\/td>\n<td id=\"Zelle473\">10<\/td>\n<td id=\"Zelle474\">0,25<\/td>\n<td id=\"Zelle475\">5.084.36<\/td>\n<\/tr>\n<tr>\n<td id=\"Zelle476\">40<\/td>\n<td id=\"Zelle477\">25<\/td>\n<td id=\"Zelle478\">10<\/td>\n<td id=\"Zelle479\">0,30<\/td>\n<td id=\"Zelle480\">5.084.37<\/td>\n<\/tr>\n<tr>\n<td id=\"Zelle571\">40<\/td>\n<td id=\"Zelle572\">25<\/td>\n<td id=\"Zelle573\">10<\/td>\n<td id=\"Zelle574\">0,40<\/td>\n<td id=\"Zelle575\">5.084.38<\/td>\n<\/tr>\n<\/tbody>\n<\/table>\n<\/div>\n<\/div>\n","protected":false},"featured_media":2856,"comment_status":"closed","ping_status":"closed","template":"","meta":[],"product_brand":[],"product_cat":[161],"product_tag":[],"class_list":{"0":"post-4986","1":"product","2":"type-product","3":"status-publish","4":"has-post-thumbnail","6":"product_cat-decapage","8":"first","9":"instock","10":"taxable","11":"shipping-taxable","12":"product-type-simple"},"_links":{"self":[{"href":"https:\/\/www.karl-wetzel.com\/fr\/wp-json\/wp\/v2\/product\/4986","targetHints":{"allow":["GET"]}}],"collection":[{"href":"https:\/\/www.karl-wetzel.com\/fr\/wp-json\/wp\/v2\/product"}],"about":[{"href":"https:\/\/www.karl-wetzel.com\/fr\/wp-json\/wp\/v2\/types\/product"}],"replies":[{"embeddable":true,"href":"https:\/\/www.karl-wetzel.com\/fr\/wp-json\/wp\/v2\/comments?post=4986"}],"wp:featuredmedia":[{"embeddable":true,"href":"https:\/\/www.karl-wetzel.com\/fr\/wp-json\/wp\/v2\/media\/2856"}],"wp:attachment":[{"href":"https:\/\/www.karl-wetzel.com\/fr\/wp-json\/wp\/v2\/media?parent=4986"}],"wp:term":[{"taxonomy":"product_brand","embeddable":true,"href":"https:\/\/www.karl-wetzel.com\/fr\/wp-json\/wp\/v2\/product_brand?post=4986"},{"taxonomy":"product_cat","embeddable":true,"href":"https:\/\/www.karl-wetzel.com\/fr\/wp-json\/wp\/v2\/product_cat?post=4986"},{"taxonomy":"product_tag","embeddable":true,"href":"https:\/\/www.karl-wetzel.com\/fr\/wp-json\/wp\/v2\/product_tag?post=4986"}],"curies":[{"name":"wp","href":"https:\/\/api.w.org\/{rel}","templated":true}]}}