{"id":4971,"date":"2021-12-26T10:51:04","date_gmt":"2022-01-16T12:42:00","guid":{"rendered":"https:\/\/www.karl-wetzel.com\/produkt\/fil-de-vidange\/"},"modified":"2022-07-10T12:35:45","modified_gmt":"2022-07-10T10:35:45","slug":"fil-de-vidange","status":"publish","type":"product","link":"https:\/\/www.karl-wetzel.com\/fr\/produit\/fil-de-vidange\/","title":{"rendered":"fil de vidange"},"content":{"rendered":"<p>3 bobines de cuivre selon DIN 250 \/ 355 \/ 500 peuvent \u00eatre log\u00e9es sur la version renforc\u00e9e. Le fil est tir\u00e9 \u00e0 l&rsquo;aide d&rsquo;un sabot de frein et d&rsquo;un syst\u00e8me \u00e0 ressort.<\/p>\n","protected":false},"excerpt":{"rendered":"<div id=\"Text72LYR\" class=\"TextObject\">\n<h2>Sp\u00e9cifications techniques:<\/h2>\n<table>\n<tbody>\n<tr>\n<td width=\"118\">\n<p style=\"text-align: center;\">la d\u00e9signation<\/p>\n<\/td>\n<td style=\"text-align: center;\" width=\"115\">DA230<\/td>\n<td style=\"text-align: center;\" width=\"142\">DA250<\/td>\n<td style=\"text-align: center;\" width=\"198\">DA270<\/td>\n<\/tr>\n<tr>\n<td width=\"118\">\n<p style=\"text-align: center;\">bobines de cuivre :<\/p>\n<\/td>\n<td style=\"text-align: center;\" width=\"115\">DIN250<\/td>\n<td style=\"text-align: center;\" width=\"142\">DIN355\/500<\/td>\n<td style=\"text-align: center;\" width=\"198\">DIN250\/355\/500<\/td>\n<\/tr>\n<tr>\n<td width=\"118\">\n<p style=\"text-align: center;\">Large:<\/p>\n<\/td>\n<td colspan=\"3\" width=\"455\">\n<p style=\"text-align: center;\">750mm<\/p>\n<\/td>\n<\/tr>\n<tr>\n<td width=\"118\">\n<p style=\"text-align: center;\">Profondeur:<\/p>\n<\/td>\n<td colspan=\"3\" width=\"455\">\n<p style=\"text-align: center;\">1000mm<\/p>\n<\/td>\n<\/tr>\n<tr>\n<td width=\"118\">\n<p style=\"text-align: center;\">Hauteur:<\/p>\n<\/td>\n<td colspan=\"3\" width=\"455\">\n<p style=\"text-align: center;\">1600mm<\/p>\n<\/td>\n<\/tr>\n<tr>\n<td width=\"118\">\n<p style=\"text-align: center;\">Poids:<\/p>\n<\/td>\n<td style=\"text-align: center;\" width=\"115\">230 kg<\/td>\n<td style=\"text-align: center;\" width=\"142\">255 kg<\/td>\n<td width=\"198\">\n<p style=\"text-align: center;\">270kg<\/p>\n<\/td>\n<\/tr>\n<tr>\n<td style=\"text-align: center;\" width=\"118\">Num\u00e9ro d&rsquo;article&nbsp;:<\/td>\n<td style=\"text-align: center;\" width=\"115\">6.087.72<\/td>\n<td style=\"text-align: center;\" width=\"142\">6.087.74<\/td>\n<td width=\"198\">\n<p style=\"text-align: center;\">6.087.76<\/p>\n<\/td>\n<\/tr>\n<\/tbody>\n<\/table>\n<\/div>\n<div class=\"TextObject\"><\/div>\n","protected":false},"featured_media":2859,"comment_status":"closed","ping_status":"closed","template":"","meta":[],"product_brand":[],"product_cat":[144],"product_tag":[],"class_list":{"0":"post-4971","1":"product","2":"type-product","3":"status-publish","4":"has-post-thumbnail","6":"product_cat-expirer","8":"first","9":"instock","10":"taxable","11":"shipping-taxable","12":"product-type-variable"},"_links":{"self":[{"href":"https:\/\/www.karl-wetzel.com\/fr\/wp-json\/wp\/v2\/product\/4971","targetHints":{"allow":["GET"]}}],"collection":[{"href":"https:\/\/www.karl-wetzel.com\/fr\/wp-json\/wp\/v2\/product"}],"about":[{"href":"https:\/\/www.karl-wetzel.com\/fr\/wp-json\/wp\/v2\/types\/product"}],"replies":[{"embeddable":true,"href":"https:\/\/www.karl-wetzel.com\/fr\/wp-json\/wp\/v2\/comments?post=4971"}],"wp:featuredmedia":[{"embeddable":true,"href":"https:\/\/www.karl-wetzel.com\/fr\/wp-json\/wp\/v2\/media\/2859"}],"wp:attachment":[{"href":"https:\/\/www.karl-wetzel.com\/fr\/wp-json\/wp\/v2\/media?parent=4971"}],"wp:term":[{"taxonomy":"product_brand","embeddable":true,"href":"https:\/\/www.karl-wetzel.com\/fr\/wp-json\/wp\/v2\/product_brand?post=4971"},{"taxonomy":"product_cat","embeddable":true,"href":"https:\/\/www.karl-wetzel.com\/fr\/wp-json\/wp\/v2\/product_cat?post=4971"},{"taxonomy":"product_tag","embeddable":true,"href":"https:\/\/www.karl-wetzel.com\/fr\/wp-json\/wp\/v2\/product_tag?post=4971"}],"curies":[{"name":"wp","href":"https:\/\/api.w.org\/{rel}","templated":true}]}}