{"id":4962,"date":"2021-12-26T10:51:04","date_gmt":"2022-01-16T12:39:35","guid":{"rendered":"https:\/\/www.karl-wetzel.com\/produkt\/frein-de-vidange\/"},"modified":"2022-01-16T13:39:35","modified_gmt":"2022-01-16T12:39:35","slug":"frein-de-vidange","status":"publish","type":"product","link":"https:\/\/www.karl-wetzel.com\/fr\/produit\/frein-de-vidange\/","title":{"rendered":"frein de vidange"},"content":{"rendered":"<p>Le frein de d\u00e9roulement de fil est con\u00e7u pour des fils de cuivre \u00e9maill\u00e9s d&rsquo;environ 0,1 \u00e0 1,0 mm. Le frein de d\u00e9roulement du fil est plac\u00e9 sur l&rsquo;ouverture du capot des grandes bobines longues A 315 et A 400. La tension peut \u00eatre ajust\u00e9e en fonction de la section du fil \u00e0 l&rsquo;aide de la vis de pression.<\/p>\n","protected":false},"excerpt":{"rendered":"<p>Le frein de d\u00e9roulement de fil est con\u00e7u pour des fils de cuivre \u00e9maill\u00e9s d&rsquo;environ 0,1 \u00e0 1,0 mm. Le frein de d\u00e9roulement du fil est plac\u00e9 sur l&rsquo;ouverture du capot des grandes bobines longues A 315 et A 400. La tension peut \u00eatre ajust\u00e9e en fonction de la section du fil \u00e0 l&rsquo;aide de &#8230; <a title=\"frein de vidange\" class=\"read-more\" href=\"https:\/\/www.karl-wetzel.com\/fr\/produit\/frein-de-vidange\/\" aria-label=\"En savoir plus sur frein de vidange\">Lire la suite<\/a><\/p>\n","protected":false},"featured_media":2865,"comment_status":"closed","ping_status":"closed","template":"","meta":[],"product_brand":[],"product_cat":[144],"product_tag":[],"class_list":{"0":"post-4962","1":"product","2":"type-product","3":"status-publish","4":"has-post-thumbnail","6":"product_cat-expirer","8":"first","9":"instock","10":"taxable","11":"shipping-taxable","12":"product-type-simple"},"_links":{"self":[{"href":"https:\/\/www.karl-wetzel.com\/fr\/wp-json\/wp\/v2\/product\/4962","targetHints":{"allow":["GET"]}}],"collection":[{"href":"https:\/\/www.karl-wetzel.com\/fr\/wp-json\/wp\/v2\/product"}],"about":[{"href":"https:\/\/www.karl-wetzel.com\/fr\/wp-json\/wp\/v2\/types\/product"}],"replies":[{"embeddable":true,"href":"https:\/\/www.karl-wetzel.com\/fr\/wp-json\/wp\/v2\/comments?post=4962"}],"wp:featuredmedia":[{"embeddable":true,"href":"https:\/\/www.karl-wetzel.com\/fr\/wp-json\/wp\/v2\/media\/2865"}],"wp:attachment":[{"href":"https:\/\/www.karl-wetzel.com\/fr\/wp-json\/wp\/v2\/media?parent=4962"}],"wp:term":[{"taxonomy":"product_brand","embeddable":true,"href":"https:\/\/www.karl-wetzel.com\/fr\/wp-json\/wp\/v2\/product_brand?post=4962"},{"taxonomy":"product_cat","embeddable":true,"href":"https:\/\/www.karl-wetzel.com\/fr\/wp-json\/wp\/v2\/product_cat?post=4962"},{"taxonomy":"product_tag","embeddable":true,"href":"https:\/\/www.karl-wetzel.com\/fr\/wp-json\/wp\/v2\/product_tag?post=4962"}],"curies":[{"name":"wp","href":"https:\/\/api.w.org\/{rel}","templated":true}]}}