{"id":4949,"date":"2021-12-26T10:51:04","date_gmt":"2022-01-16T12:39:00","guid":{"rendered":"https:\/\/www.karl-wetzel.com\/produkt\/etagere-de-vidange\/"},"modified":"2023-05-09T13:55:27","modified_gmt":"2023-05-09T11:55:27","slug":"etagere-de-vidange","status":"publish","type":"product","link":"https:\/\/www.karl-wetzel.com\/fr\/produit\/etagere-de-vidange\/","title":{"rendered":"\u00e9tag\u00e8re de vidange"},"content":{"rendered":"<p>Avec les grilles de drainage en fil d&rsquo;enroulement, de nombreuses bobines de cuivre peuvent \u00eatre stock\u00e9es dans un petit espace. En m\u00eame temps, les extr\u00e9mit\u00e9s des fils pour le bobinoir sont dispos\u00e9es au centre. Les \u00e9tag\u00e8res peuvent \u00eatre livr\u00e9es en version droite ou gauche.<\/p>\n<p>Un poin\u00e7on \u00e0 tirer est inclus pour enfiler les fils. Les \u00e9tag\u00e8res de drainage en fil m\u00e9tallique enroul\u00e9 peuvent \u00eatre adapt\u00e9es individuellement \u00e0 votre situation. (Veuillez demander)<\/p>\n<p>Des dispositifs de freinage et de tension de fil peuvent \u00eatre fix\u00e9s au rayonnage d&rsquo;enroulement afin que les fils de cuivre individuels puissent \u00eatre pr\u00e9tendus. (Option)<\/p>\n<p>En option, un dispositif de rapprochement des fils de bobinage peut \u00eatre plac\u00e9 entre les \u00e9tag\u00e8res de sortie des fils de bobinage et le bobinoir.<\/p>\n","protected":false},"excerpt":{"rendered":"<div id=\"Text7LYR\" class=\"TextObject\">\n<h2>Sp\u00e9cifications techniques:<\/h2>\n<\/div>\n<div id=\"Tabelle11LYR\">\n<table width=\"357\">\n<tbody>\n<tr>\n<td width=\"80\">Num\u00e9ro d&rsquo;article<\/td>\n<td width=\"96\">nombre de bobines<\/td>\n<td width=\"80\">taille de la bobine<\/td>\n<td width=\"101\">ex\u00e9cution<\/td>\n<\/tr>\n<tr>\n<td width=\"80\">6.087.80<\/td>\n<td width=\"96\">32x<\/td>\n<td width=\"80\">DIN 250<\/td>\n<td width=\"101\">gauche ou droite<\/td>\n<\/tr>\n<tr>\n<td width=\"80\">6.087.82<\/td>\n<td width=\"96\">24x<\/td>\n<td width=\"80\">DIN 250<\/td>\n<td width=\"101\">gauche ou droite<\/td>\n<\/tr>\n<tr>\n<td width=\"80\">6.087.84<\/td>\n<td width=\"96\">16x<\/td>\n<td width=\"80\">DIN 250<\/td>\n<td width=\"101\">gauche ou droite<\/td>\n<\/tr>\n<tr>\n<td width=\"80\">6.087.86<\/td>\n<td width=\"96\"> 8x<\/td>\n<td width=\"80\">DIN 250<\/td>\n<td width=\"101\">gauche ou droite<\/td>\n<\/tr>\n<tr>\n<td width=\"80\">6.087.88<\/td>\n<td width=\"96\"> 4x<\/td>\n<td width=\"80\">DIN 250<\/td>\n<td width=\"101\">gauche ou droite<\/td>\n<\/tr>\n<\/tbody>\n<\/table>\n<p><span style=\"color: #ff0000;\"><a style=\"color: #ff0000;\" href=\"https:\/\/www.karl-wetzel.com\/wp-content\/uploads\/2023\/05\/Drahtablaufregal-Seite-1.pdf\" target=\"_blank\" rel=\"noopener\">t\u00e9l\u00e9charger 1<\/a><br \/>\n<a style=\"color: #ff0000;\" href=\"https:\/\/www.karl-wetzel.com\/wp-content\/uploads\/2023\/05\/Drahtablaufregal-Seite-2.pdf\" target=\"_blank\" rel=\"noopener\">t\u00e9l\u00e9charger 2<\/a><\/span><\/p>\n<p>DIN 200 \/ 315 \/ 400 \/ 500 \/ 630 \/ 800 sur demande.<br \/>\nDes produits sur mesure selon les exigences du client sont possibles \u00e0 tout moment.<\/p>\n<\/div>\n","protected":false},"featured_media":2877,"comment_status":"closed","ping_status":"closed","template":"","meta":[],"product_brand":[],"product_cat":[144],"product_tag":[],"class_list":{"0":"post-4949","1":"product","2":"type-product","3":"status-publish","4":"has-post-thumbnail","6":"product_cat-expirer","8":"first","9":"instock","10":"taxable","11":"shipping-taxable","12":"product-type-variable"},"_links":{"self":[{"href":"https:\/\/www.karl-wetzel.com\/fr\/wp-json\/wp\/v2\/product\/4949","targetHints":{"allow":["GET"]}}],"collection":[{"href":"https:\/\/www.karl-wetzel.com\/fr\/wp-json\/wp\/v2\/product"}],"about":[{"href":"https:\/\/www.karl-wetzel.com\/fr\/wp-json\/wp\/v2\/types\/product"}],"replies":[{"embeddable":true,"href":"https:\/\/www.karl-wetzel.com\/fr\/wp-json\/wp\/v2\/comments?post=4949"}],"wp:featuredmedia":[{"embeddable":true,"href":"https:\/\/www.karl-wetzel.com\/fr\/wp-json\/wp\/v2\/media\/2877"}],"wp:attachment":[{"href":"https:\/\/www.karl-wetzel.com\/fr\/wp-json\/wp\/v2\/media?parent=4949"}],"wp:term":[{"taxonomy":"product_brand","embeddable":true,"href":"https:\/\/www.karl-wetzel.com\/fr\/wp-json\/wp\/v2\/product_brand?post=4949"},{"taxonomy":"product_cat","embeddable":true,"href":"https:\/\/www.karl-wetzel.com\/fr\/wp-json\/wp\/v2\/product_cat?post=4949"},{"taxonomy":"product_tag","embeddable":true,"href":"https:\/\/www.karl-wetzel.com\/fr\/wp-json\/wp\/v2\/product_tag?post=4949"}],"curies":[{"name":"wp","href":"https:\/\/api.w.org\/{rel}","templated":true}]}}