{"id":4941,"date":"2021-12-26T10:51:05","date_gmt":"2022-01-16T12:38:16","guid":{"rendered":"https:\/\/www.karl-wetzel.com\/produkt\/fusionner\/"},"modified":"2022-07-10T12:33:19","modified_gmt":"2022-07-10T10:33:19","slug":"fusionnement","status":"publish","type":"product","link":"https:\/\/www.karl-wetzel.com\/fr\/produit\/fusionnement\/","title":{"rendered":"fusionner"},"content":{"rendered":"<p>Ce dispositif est plac\u00e9 entre la grille m\u00e9tallique et le bobinoir. Les fils de la cr\u00e9maill\u00e8re sont rassembl\u00e9s et guid\u00e9s vers le bobinoir via des rouleaux de renvoi.<\/p>\n","protected":false},"excerpt":{"rendered":"<div id=\"Text7LYR\" class=\"TextObject\">\n<h2>Sp\u00e9cifications techniques:<\/h2>\n<table id=\"Tabelle10\" border=\"1\">\n<tbody>\n<tr>\n<td id=\"Zelle201\">Distance \u00e9tage &#8211; milieu&nbsp;:<\/td>\n<td id=\"Zelle202\">450mm<\/td>\n<\/tr>\n<tr>\n<td id=\"Zelle203\">Longueur:<\/td>\n<td id=\"Zelle204\">350mm<\/td>\n<\/tr>\n<tr>\n<td id=\"Zelle205\">Large:<\/td>\n<td id=\"Zelle206\">310mm<\/td>\n<\/tr>\n<tr>\n<td id=\"Zelle207\">Hauteur:<\/td>\n<td id=\"Zelle208\">580mm<\/td>\n<\/tr>\n<tr>\n<td id=\"Zelle209\">Poids:<\/td>\n<td id=\"Zelle210\">26kg<\/td>\n<\/tr>\n<tr>\n<td id=\"Zelle211\">Num\u00e9ro d&rsquo;article&nbsp;:<\/td>\n<td id=\"Zelle212\">6.087.90<\/td>\n<\/tr>\n<\/tbody>\n<\/table>\n<\/div>\n","protected":false},"featured_media":2892,"comment_status":"closed","ping_status":"closed","template":"","meta":[],"product_brand":[],"product_cat":[144],"product_tag":[],"class_list":{"0":"post-4941","1":"product","2":"type-product","3":"status-publish","4":"has-post-thumbnail","6":"product_cat-expirer","8":"first","9":"instock","10":"taxable","11":"shipping-taxable","12":"product-type-simple"},"_links":{"self":[{"href":"https:\/\/www.karl-wetzel.com\/fr\/wp-json\/wp\/v2\/product\/4941","targetHints":{"allow":["GET"]}}],"collection":[{"href":"https:\/\/www.karl-wetzel.com\/fr\/wp-json\/wp\/v2\/product"}],"about":[{"href":"https:\/\/www.karl-wetzel.com\/fr\/wp-json\/wp\/v2\/types\/product"}],"replies":[{"embeddable":true,"href":"https:\/\/www.karl-wetzel.com\/fr\/wp-json\/wp\/v2\/comments?post=4941"}],"wp:featuredmedia":[{"embeddable":true,"href":"https:\/\/www.karl-wetzel.com\/fr\/wp-json\/wp\/v2\/media\/2892"}],"wp:attachment":[{"href":"https:\/\/www.karl-wetzel.com\/fr\/wp-json\/wp\/v2\/media?parent=4941"}],"wp:term":[{"taxonomy":"product_brand","embeddable":true,"href":"https:\/\/www.karl-wetzel.com\/fr\/wp-json\/wp\/v2\/product_brand?post=4941"},{"taxonomy":"product_cat","embeddable":true,"href":"https:\/\/www.karl-wetzel.com\/fr\/wp-json\/wp\/v2\/product_cat?post=4941"},{"taxonomy":"product_tag","embeddable":true,"href":"https:\/\/www.karl-wetzel.com\/fr\/wp-json\/wp\/v2\/product_tag?post=4941"}],"curies":[{"name":"wp","href":"https:\/\/api.w.org\/{rel}","templated":true}]}}