{"id":4831,"date":"2021-12-26T10:51:32","date_gmt":"2022-01-16T12:34:07","guid":{"rendered":"https:\/\/www.karl-wetzel.com\/produkt\/decapage-iso-fix\/"},"modified":"2025-04-07T09:12:52","modified_gmt":"2025-04-07T07:12:52","slug":"strip-iso-fix","status":"publish","type":"product","link":"https:\/\/www.karl-wetzel.com\/fr\/produit\/strip-iso-fix\/","title":{"rendered":"D\u00e9capage ABISOFIX"},"content":{"rendered":"<p>L&rsquo;appareil de d\u00e9nudage ABISOFIX est utilis\u00e9 dans l&rsquo;industrie du bobinage, pour les r\u00e9parations de moteurs et pour les r\u00e9parations de radio et de t\u00e9l\u00e9vision. Les fils de cuivre, les fils recouverts de soie et de fibre de verre et les fils avec isolation en PVC peuvent \u00eatre d\u00e9nud\u00e9s.<\/p>\n<p>Le principe du dispositif Abisofix :<br \/>\n Trois couteaux en carbure se ferment du plus grand au plus petit diam\u00e8tre \u00e0 mesure que la vitesse de rotation augmente. Gr\u00e2ce au d\u00e9marrage en douceur, les couteaux ne se ferment pas brusquement, mais se nichent doucement contre le mat\u00e9riau \u00e0 d\u00e9caper et n&rsquo;augmentent alors que la pression de coupe n\u00e9cessaire. Avec le r\u00e9glage progressif de la vitesse de rotation, les couteaux ne se ferment que jusqu&rsquo;\u00e0 un certain diam\u00e8tre.<\/p>\n<p>Par exemple, la fine couche isolante du fil de cuivre \u00e9maill\u00e9 est encore retir\u00e9e alors que le cuivre lui-m\u00eame est peu attaqu\u00e9. L&rsquo;alimentation \u00e9lectrique r\u00e9glable en continu permet une vitesse de travail optimale et une synchronisation du moteur (pas de secousses).<\/p>\n<p>Un processus de fonctionnement de l&rsquo;appareil Abisofix avec t\u00eate standard en utilisant l&rsquo;exemple du d\u00e9nudage de fil \u00e9maill\u00e9 :<br \/>\n L&rsquo;appareil Abisofix lui-m\u00eame fonctionne avec une basse tension de protection (longue dur\u00e9e de vie, s\u00e9curit\u00e9 \u00e9lectrique). Il se connecte \u00e0 votre source d&rsquo;alimentation via l&rsquo;adaptateur secteur. Les trois lames en carbure de la t\u00eate de lame de votre appareil Abisofix forment un entonnoir ouvert \u00e0 l&rsquo;avant. Vous guidez le fil \u00e9maill\u00e9 entre les trois couteaux de l&rsquo;appareil Abisofix jusqu&rsquo;\u00e0 ce que vous souhaitiez d\u00e9nuder. Ensuite, allumez l&rsquo;appareil Abisofix et retirez-le. Vous obtiendrez un fil soigneusement d\u00e9nud\u00e9.<\/p>\n<p>Lorsqu&rsquo;il est \u00e9teint, l&rsquo;appareil Abisofix est automatiquement ralenti. Il est imm\u00e9diatement pr\u00eat pour le travail suivant. Selon le mat\u00e9riau, vous pouvez r\u00e9gler la vitesse de travail optimale sur le bloc d&rsquo;alimentation.<\/p>\n<p>Le processus de travail est essentiellement le m\u00eame pour tous les autres outils.<\/p>\n","protected":false},"excerpt":{"rendered":"<table>\n<tbody>\n<tr>\n<td width=\"223\"><strong>Description<\/strong><\/td>\n<td width=\"108\"><strong>Type 1<\/strong><\/td>\n<td width=\"120\"><strong>Type 3<\/strong><\/td>\n<td width=\"120\"><strong>Type 5<\/strong><\/td>\n<\/tr>\n<tr>\n<td width=\"223\">Gamme de fils :<\/td>\n<td width=\"108\">0,2 &#8211; 0,8 mm<\/td>\n<td width=\"120\">0,6 &#8211; 2,0 mm<\/td>\n<td width=\"120\">1,2 &#8211; 4,5 mm<\/td>\n<\/tr>\n<tr>\n<td width=\"223\">Dimension:<\/td>\n<td colspan=\"3\" width=\"348\">45 x 175 mm<\/td>\n<\/tr>\n<tr>\n<td width=\"223\">Poids:<\/td>\n<td colspan=\"3\" width=\"348\">450 g<\/td>\n<\/tr>\n<tr>\n<td width=\"223\">Tension secteur :<\/td>\n<td colspan=\"3\" width=\"348\">230 V; 50 Hz<\/td>\n<\/tr>\n<tr>\n<td width=\"223\">Abisofix sans alimentation<\/td>\n<td width=\"108\">9.240.11<\/td>\n<td width=\"120\">9 240 31<\/td>\n<td width=\"120\">9 240 41<\/td>\n<\/tr>\n<\/tbody>\n<\/table>\n<p>&nbsp;<\/p>\n<table width=\"411\">\n<tbody>\n<tr>\n<td width=\"171\">Des pi\u00e8ces de rechange<\/td>\n<td width=\"80\">Type 1<\/td>\n<td width=\"80\">Type 3<\/td>\n<td width=\"80\">Type 5<\/td>\n<\/tr>\n<tr>\n<td width=\"171\">Lames de rechange<\/td>\n<td width=\"80\">9.240.12<\/td>\n<td width=\"80\">9 240 32<\/td>\n<td width=\"80\">9 240 42<\/td>\n<\/tr>\n<tr>\n<td width=\"171\">t\u00eate de couteau<\/td>\n<td width=\"80\">9 240,15<\/td>\n<td width=\"80\">9 240 35<\/td>\n<td width=\"80\">9 240,45<\/td>\n<\/tr>\n<tr>\n<td colspan=\"4\" width=\"411\"><\/td>\n<\/tr>\n<tr>\n<td colspan=\"4\" width=\"411\"><\/td>\n<\/tr>\n<tr>\n<td width=\"171\">Alimentation 230 V :<\/td>\n<td colspan=\"3\" width=\"240\">9 240,50<\/td>\n<\/tr>\n<tr>\n<td width=\"171\">Alimentation 115 V \/ USA :<\/td>\n<td colspan=\"3\" width=\"240\">9 240 51<\/td>\n<\/tr>\n<tr>\n<td width=\"171\">Capuchon de protection :<\/td>\n<td colspan=\"3\" width=\"240\">9 240 55<\/td>\n<\/tr>\n<tr>\n<td width=\"171\">Support de table :<\/td>\n<td colspan=\"3\" width=\"240\">9 240 72<\/td>\n<\/tr>\n<tr>\n<td width=\"171\">Balais de charbon 1 jeu (2 pi\u00e8ces)<\/td>\n<td colspan=\"3\">9 240 57<\/td>\n<\/tr>\n<\/tbody>\n<\/table>\n","protected":false},"featured_media":2910,"comment_status":"closed","ping_status":"closed","template":"","meta":[],"product_brand":[],"product_cat":[161],"product_tag":[],"class_list":{"0":"post-4831","1":"product","2":"type-product","3":"status-publish","4":"has-post-thumbnail","6":"product_cat-decapage","8":"first","9":"instock","10":"taxable","11":"shipping-taxable","12":"product-type-variable"},"_links":{"self":[{"href":"https:\/\/www.karl-wetzel.com\/fr\/wp-json\/wp\/v2\/product\/4831","targetHints":{"allow":["GET"]}}],"collection":[{"href":"https:\/\/www.karl-wetzel.com\/fr\/wp-json\/wp\/v2\/product"}],"about":[{"href":"https:\/\/www.karl-wetzel.com\/fr\/wp-json\/wp\/v2\/types\/product"}],"replies":[{"embeddable":true,"href":"https:\/\/www.karl-wetzel.com\/fr\/wp-json\/wp\/v2\/comments?post=4831"}],"wp:featuredmedia":[{"embeddable":true,"href":"https:\/\/www.karl-wetzel.com\/fr\/wp-json\/wp\/v2\/media\/2910"}],"wp:attachment":[{"href":"https:\/\/www.karl-wetzel.com\/fr\/wp-json\/wp\/v2\/media?parent=4831"}],"wp:term":[{"taxonomy":"product_brand","embeddable":true,"href":"https:\/\/www.karl-wetzel.com\/fr\/wp-json\/wp\/v2\/product_brand?post=4831"},{"taxonomy":"product_cat","embeddable":true,"href":"https:\/\/www.karl-wetzel.com\/fr\/wp-json\/wp\/v2\/product_cat?post=4831"},{"taxonomy":"product_tag","embeddable":true,"href":"https:\/\/www.karl-wetzel.com\/fr\/wp-json\/wp\/v2\/product_tag?post=4831"}],"curies":[{"name":"wp","href":"https:\/\/api.w.org\/{rel}","templated":true}]}}