{"id":4797,"date":"2021-12-26T10:51:32","date_gmt":"2022-01-16T12:33:34","guid":{"rendered":"https:\/\/www.karl-wetzel.com\/produkt\/decapage-isol-ex\/"},"modified":"2022-07-10T12:32:32","modified_gmt":"2022-07-10T10:32:32","slug":"strip-isol-ex","status":"publish","type":"product","link":"https:\/\/www.karl-wetzel.com\/fr\/produit\/strip-isol-ex\/","title":{"rendered":"D\u00e9capage ISOL-EX"},"content":{"rendered":"<p>Le dispositif de d\u00e9nudage ISOL-EX est utilis\u00e9 dans l&rsquo;industrie du bobinage, pour les r\u00e9parations de moteurs et pour les r\u00e9parations de radio et de t\u00e9l\u00e9vision. Les fils de cuivre, les fils recouverts de soie et de fibre de verre et les fils avec isolation en PVC peuvent \u00eatre d\u00e9nud\u00e9s. La pression de contact des couteaux est cr\u00e9\u00e9e par la force centrifuge. La vitesse peut \u00eatre r\u00e9gl\u00e9e \u00e0 l&rsquo;infini. Le r\u00e9glage de l&rsquo;\u00e9paisseur du fil est r\u00e9gul\u00e9 par la vitesse (fil fin &#8211;&gt; grande vitesse; fil \u00e9pais &#8211;&gt; faible vitesse). Les couteaux sont en m\u00e9tal dur, ce qui garantit une longue dur\u00e9e de vie. Le dispositif de d\u00e9nudage est connect\u00e9 directement \u00e0 la tension secteur 230 V, 50 Hz.<br \/>\nLa prise en main de l&rsquo;appareil est tr\u00e8s simple. Ins\u00e9rez le fil entre les couteaux, appuyez sur le bouton de l&rsquo;interrupteur et r\u00e9tractez lentement le fil une fois que les couteaux se sont ferm\u00e9s comme un entonnoir. Si n\u00e9cessaire, le fil peut \u00e9galement \u00eatre l\u00e9g\u00e8rement d\u00e9plac\u00e9 d&rsquo;avant en arri\u00e8re.<\/p>\n<p>Le processus de travail est essentiellement le m\u00eame pour tous les autres outils.<\/p>\n<table>\n<tbody>\n<tr>\n<td><strong>machine<\/strong><\/td>\n<td><strong>Type 02A<\/strong><\/td>\n<td><strong>Type 02B<\/strong><\/td>\n<td><strong>Tapez 03A<\/strong><\/td>\n<td><strong>Type 03B<\/strong><\/td>\n<\/tr>\n<tr>\n<td>gamme de fils&nbsp;:<\/td>\n<td>0,2 \u00e0 1,5 mm<\/td>\n<td>0,2 \u00e0 1,5 mm<\/td>\n<td>0,3 \u00e0 4,0 mm<\/td>\n<td>0,3 \u00e0 4,0 mm<\/td>\n<\/tr>\n<tr>\n<td>Tension de connexion&nbsp;:<\/td>\n<td>230V, 50\/60Hz<\/td>\n<td>115V, 60Hz<\/td>\n<td>230V, 50\/60Hz<\/td>\n<td>115V, 60Hz<\/td>\n<\/tr>\n<tr>\n<td>Num\u00e9ro d&rsquo;article<\/td>\n<td>9.259.00<\/td>\n<td>9.259.05<\/td>\n<td>9.259.50<\/td>\n<td>9.259.55<\/td>\n<\/tr>\n<\/tbody>\n<\/table>\n<p>Pi\u00e8ces de rechange:<\/p>\n<table id=\"Tabelle10\" border=\"1\">\n<tbody>\n<tr>\n<td id=\"Zelle201\">N\u00b0 d&rsquo;article pour :<\/td>\n<td id=\"Zelle202\">taper 02<\/td>\n<td id=\"Zelle203\">taper 03<\/td>\n<\/tr>\n<tr>\n<td id=\"Zelle204\">T\u00eate compl\u00e8te :<\/td>\n<td id=\"Zelle205\">9.259.15<\/td>\n<td id=\"Zelle206\">9.259.60<\/td>\n<\/tr>\n<tr>\n<td id=\"Zelle207\">Couteaux de rechange (3 pi\u00e8ces)&nbsp;:<\/td>\n<td id=\"Zelle208\">9.259.20<\/td>\n<td id=\"Zelle209\">9.259.65<\/td>\n<\/tr>\n<tr>\n<td id=\"Zelle210\">couvercle de protection:<\/td>\n<td id=\"Zelle211\" colspan=\"2\">9.259.66<\/td>\n<\/tr>\n<\/tbody>\n<\/table>\n","protected":false},"excerpt":{"rendered":"<p>Le dispositif de d\u00e9nudage ISOL-EX est utilis\u00e9 dans l&rsquo;industrie du bobinage, pour les r\u00e9parations de moteurs et pour les r\u00e9parations de radio et de t\u00e9l\u00e9vision. Les fils de cuivre, les fils recouverts de soie et de fibre de verre et les fils avec isolation en PVC peuvent \u00eatre d\u00e9nud\u00e9s. La pression de contact des couteaux &#8230; <a title=\"D\u00e9capage ISOL-EX\" class=\"read-more\" href=\"https:\/\/www.karl-wetzel.com\/fr\/produit\/strip-isol-ex\/\" aria-label=\"En savoir plus sur D\u00e9capage ISOL-EX\">Lire la suite<\/a><\/p>\n","protected":false},"featured_media":2916,"comment_status":"closed","ping_status":"closed","template":"","meta":[],"product_brand":[],"product_cat":[161],"product_tag":[],"class_list":{"0":"post-4797","1":"product","2":"type-product","3":"status-publish","4":"has-post-thumbnail","6":"product_cat-decapage","8":"first","9":"instock","10":"taxable","11":"shipping-taxable","12":"product-type-variable"},"_links":{"self":[{"href":"https:\/\/www.karl-wetzel.com\/fr\/wp-json\/wp\/v2\/product\/4797","targetHints":{"allow":["GET"]}}],"collection":[{"href":"https:\/\/www.karl-wetzel.com\/fr\/wp-json\/wp\/v2\/product"}],"about":[{"href":"https:\/\/www.karl-wetzel.com\/fr\/wp-json\/wp\/v2\/types\/product"}],"replies":[{"embeddable":true,"href":"https:\/\/www.karl-wetzel.com\/fr\/wp-json\/wp\/v2\/comments?post=4797"}],"wp:featuredmedia":[{"embeddable":true,"href":"https:\/\/www.karl-wetzel.com\/fr\/wp-json\/wp\/v2\/media\/2916"}],"wp:attachment":[{"href":"https:\/\/www.karl-wetzel.com\/fr\/wp-json\/wp\/v2\/media?parent=4797"}],"wp:term":[{"taxonomy":"product_brand","embeddable":true,"href":"https:\/\/www.karl-wetzel.com\/fr\/wp-json\/wp\/v2\/product_brand?post=4797"},{"taxonomy":"product_cat","embeddable":true,"href":"https:\/\/www.karl-wetzel.com\/fr\/wp-json\/wp\/v2\/product_cat?post=4797"},{"taxonomy":"product_tag","embeddable":true,"href":"https:\/\/www.karl-wetzel.com\/fr\/wp-json\/wp\/v2\/product_tag?post=4797"}],"curies":[{"name":"wp","href":"https:\/\/api.w.org\/{rel}","templated":true}]}}